{"id":14367,"date":"2026-03-06T18:32:19","date_gmt":"2026-03-06T18:32:19","guid":{"rendered":"https:\/\/kruszwicapro.com\/shop\/nezaraden\u00e9\/trenn-pro-l50dt\/"},"modified":"2026-03-08T18:39:06","modified_gmt":"2026-03-08T18:39:06","slug":"trenn-pro-l50dt","status":"publish","type":"product","link":"https:\/\/kruszwicapro.com\/sk\/obchod\/oleje-sk\/trenn-pro-l50dt\/","title":{"rendered":"Trenn Pro L50DT"},"content":{"rendered":"<div class=\"wpb-content-wrapper\">[vc_row content_placement=&#8220;middle&#8220; parallax=&#8220;content-moving&#8220; css=&#8220;.vc_custom_1772806326406{margin-top: 0px !important;margin-right: 0px !important;margin-bottom: 0px !important;margin-left: 0px !important;background: #FFFFFF url(http:\/\/kruszwica.b2bpowergroup.com\/wp-content\/uploads\/2017\/05\/cat_margaryny.jpg?id=10152);background-position: center;background-repeat: no-repeat !important;background-size: cover !important;}&#8220; el_class=&#8220;no-desktop-paddings&#8220;][vc_column css=&#8220;.vc_custom_1508433817683{padding-top: 0px !important;padding-right: 0px !important;padding-bottom: 0px !important;padding-left: 0px !important;}&#8220;][vc_row_inner content_placement=&#8220;middle&#8220; css=&#8220;.vc_custom_1772808706653{margin-top: 20px !important;margin-right: 20px !important;margin-bottom: 20px !important;margin-left: 20px !important;border-top-width: 2px !important;border-right-width: 2px !important;border-bottom-width: 2px !important;border-left-width: 2px !important;padding-top: 0px !important;padding-bottom: 0px !important;padding-left: 10px !important;border-left-style: dotted !important;border-right-style: dotted !important;border-top-style: dotted !important;border-bottom-style: dotted !important;border-color: #ffffff !important;}&#8220;][vc_column_inner css=&#8220;.vc_custom_1508433823874{padding-top: 0px !important;padding-right: 0px !important;padding-bottom: 0px !important;padding-left: 0px !important;}&#8220;][vc_column_text css=&#8220;&#8220;]<strong>VLASTNOSTI PRODUKTU<\/strong>\r\n<ul>\r\n \t<li>Ekonomick\u00e9 pou\u017eitie v porovnan\u00ed s masten\u00edm povrchu in\u00fdmi met\u00f3dami ne\u017e striekan\u00edm.<\/li>\r\n \t<li>Aplik\u00e1cia je mo\u017en\u00e1 pomocou pek\u00e1rensk\u00e9ho \u0161tetca, ako aj vzduchovou alebo elektrickou striekacou pi\u0161to\u013eou.<\/li>\r\n \t<li>Chu\u0165ovo neutr\u00e1lny, absol\u00fatne bezpe\u010dn\u00fd pri kontakte s potravinami, neovplyv\u0148uje chu\u0165 pe\u010den\u00fdch v\u00fdrobkov.<\/li>\r\n \t<li>100 % rastlinn\u00e9 zlo\u017eky \u2013 vhodn\u00e9 pre veg\u00e1nske produkty.<\/li>\r\n \t<li>Bez alerg\u00e9nov.<\/li>\r\n<\/ul>\r\n<strong>POU\u017dITIE<\/strong>\r\n\u0160pecializovan\u00fd separa\u010dn\u00fd prostriedok na cukr\u00e1rensk\u00e9 formy a plechy na pe\u010denie, miesiace kade, o\u0161atky a in\u00e9 pek\u00e1rensk\u00e9 vybavenie, ktor\u00fd zabra\u0148uje pri\u013enavosti cesta. V\u010faka pr\u00eddavku rastlinn\u00fdch voskov v zlo\u017een\u00ed tuk dobre prilieha k forme. Produkt je obzvl\u00e1\u0161\u0165 vhodn\u00fd pre celozrnn\u00e9 pe\u010divo a v\u00fdrobky s vysok\u00fdm obsahom cukru.  \r\n\r\n<strong>\u00da\u010cINOK<\/strong>\r\nZabezpe\u010duje rovnomern\u00e9 vymastenie povrchu a chr\u00e1ni formy pred efektom prip\u00e1len\u00e9ho tuku, u\u013eah\u010duje um\u00fdvanie a \u010distenie pou\u017e\u00edvan\u00e9ho pr\u00edslu\u0161enstva; spoma\u013euje jeho opotrebovanie.\r\n\r\nSkladujte na tmavom, suchom a dobre vetranom mieste pri teplote 2 \u2013 18 \u00b0C.[\/vc_column_text][\/vc_column_inner][\/vc_row_inner][\/vc_column][\/vc_row]<\/div>","protected":false},"excerpt":{"rendered":"<p>Separa\u010dn\u00fd prostriedok<\/p>\n<p>\u0160pecializovan\u00fd separa\u010dn\u00fd prostriedok na cukr\u00e1rensk\u00e9 formy a plechy na pe\u010denie, miesiace kade, o\u0161atky a in\u00e9 pek\u00e1rensk\u00e9 vybavenie, ktor\u00fd zabra\u0148uje pri\u013enavosti cesta.<\/p>\n","protected":false},"featured_media":14368,"template":"","meta":[],"product_brand":[],"product_cat":[534],"product_tag":[],"class_list":{"0":"post-14367","1":"product","2":"type-product","3":"status-publish","4":"has-post-thumbnail","6":"product_cat-oleje-sk","7":"pa_packaging-paletovy-kontajner-2","8":"pa_quantity-l-12l","10":"first","11":"instock","12":"shipping-taxable","13":"product-type-simple"},"_links":{"self":[{"href":"https:\/\/kruszwicapro.com\/sk\/wp-json\/wp\/v2\/product\/14367","targetHints":{"allow":["GET"]}}],"collection":[{"href":"https:\/\/kruszwicapro.com\/sk\/wp-json\/wp\/v2\/product"}],"about":[{"href":"https:\/\/kruszwicapro.com\/sk\/wp-json\/wp\/v2\/types\/product"}],"wp:featuredmedia":[{"embeddable":true,"href":"https:\/\/kruszwicapro.com\/sk\/wp-json\/wp\/v2\/media\/14368"}],"wp:attachment":[{"href":"https:\/\/kruszwicapro.com\/sk\/wp-json\/wp\/v2\/media?parent=14367"}],"wp:term":[{"taxonomy":"product_brand","embeddable":true,"href":"https:\/\/kruszwicapro.com\/sk\/wp-json\/wp\/v2\/product_brand?post=14367"},{"taxonomy":"product_cat","embeddable":true,"href":"https:\/\/kruszwicapro.com\/sk\/wp-json\/wp\/v2\/product_cat?post=14367"},{"taxonomy":"product_tag","embeddable":true,"href":"https:\/\/kruszwicapro.com\/sk\/wp-json\/wp\/v2\/product_tag?post=14367"}],"curies":[{"name":"wp","href":"https:\/\/api.w.org\/{rel}","templated":true}]}}