{"id":14365,"date":"2026-03-06T20:02:28","date_gmt":"2026-03-06T20:02:28","guid":{"rendered":"https:\/\/kruszwicapro.com\/shop\/nezaraden\u00e9\/optima-trenn-spray\/"},"modified":"2026-03-08T18:38:52","modified_gmt":"2026-03-08T18:38:52","slug":"optima-trenn-spray","status":"publish","type":"product","link":"https:\/\/kruszwicapro.com\/sk\/obchod\/oleje-sk\/optima-trenn-spray\/","title":{"rendered":"Optima Trenn Spray"},"content":{"rendered":"<div class=\"wpb-content-wrapper\">[vc_row content_placement=&#8220;middle&#8220; parallax=&#8220;content-moving&#8220; css=&#8220;.vc_custom_1772806326406{margin-top: 0px !important;margin-right: 0px !important;margin-bottom: 0px !important;margin-left: 0px !important;background: #FFFFFF url(http:\/\/kruszwica.b2bpowergroup.com\/wp-content\/uploads\/2017\/05\/cat_margaryny.jpg?id=10152);background-position: center;background-repeat: no-repeat !important;background-size: cover !important;}&#8220; el_class=&#8220;no-desktop-paddings&#8220;][vc_column css=&#8220;.vc_custom_1508433817683{padding-top: 0px !important;padding-right: 0px !important;padding-bottom: 0px !important;padding-left: 0px !important;}&#8220;][vc_row_inner content_placement=&#8220;middle&#8220; css=&#8220;.vc_custom_1772808706653{margin-top: 20px !important;margin-right: 20px !important;margin-bottom: 20px !important;margin-left: 20px !important;border-top-width: 2px !important;border-right-width: 2px !important;border-bottom-width: 2px !important;border-left-width: 2px !important;padding-top: 0px !important;padding-bottom: 0px !important;padding-left: 10px !important;border-left-style: dotted !important;border-right-style: dotted !important;border-top-style: dotted !important;border-bottom-style: dotted !important;border-color: #ffffff !important;}&#8220;][vc_column_inner css=&#8220;.vc_custom_1508433823874{padding-top: 0px !important;padding-right: 0px !important;padding-bottom: 0px !important;padding-left: 0px !important;}&#8220;][vc_column_text css=&#8220;&#8220;]<strong>VLASTNOSTI PRODUKTU<\/strong>\r\n<ul>\r\n \t<li>Vynikaj\u00face nepri\u013enav\u00e9 vlastnosti zabra\u0148uj\u00fa prichyt\u00e1vaniu produktov k povrchom a zanech\u00e1vaniu prip\u00e1len\u00edn na spor\u00e1koch, panviciach, griloch a form\u00e1ch na pe\u010denie.<\/li>\r\n \t<li>100 % rastlinn\u00e9 zlo\u017eky.<\/li>\r\n \t<li>Bez alerg\u00e9nov.<\/li>\r\n \t<li>Zlo\u017eenie z repkov\u00e9ho oleja, palmov\u00e9ho oleja a slne\u010dnicov\u00e9ho lecit\u00ednu.<\/li>\r\n \t<li>Praktick\u00e9, \u0161ikovn\u00e9 500 ml balenie, \u013eahko pou\u017eite\u013en\u00e9 v ak\u00fdchko\u013evek podmienkach.<\/li>\r\n \t<li>Ekonomick\u00e9 pou\u017eitie v porovnan\u00ed s masten\u00edm povrchu in\u00fdmi met\u00f3dami ne\u017e striekan\u00edm.<\/li>\r\n \t<li>Vysok\u00e1 n\u00e1kladov\u00e1 efekt\u00edvnos\u0165.<\/li>\r\n<\/ul>\r\n<strong>POU\u017dITIE<\/strong>\r\nSepara\u010dn\u00fd prostriedok v spreji na kontaktn\u00e9 sma\u017eenie na rovn\u00fdch povrchoch, ako s\u00fa panvice, platne, ro\u0161ty, grily, vaflova\u010de, ako aj na v\u0161etky typy plechov a foriem na pe\u010denie.\r\n\r\n<strong>\u00da\u010cINOK<\/strong>\r\n\r\nRovnomerne vymasten\u00fd povrch, ktor\u00fd chr\u00e1ni pred efektom prip\u00e1len\u00e9ho tuku na sma\u017eiacich ploch\u00e1ch a form\u00e1ch na pe\u010denie. Zlep\u0161uje um\u00fdvanie a \u010distenie pou\u017e\u00edvan\u00e9ho zariadenia; spoma\u013euje jeho opotrebovanie. \r\n\r\nSkladujte na tmavom, suchom a dobre vetranom mieste pri teplote 2 \u2013 18 \u00b0C.[\/vc_column_text][\/vc_column_inner][\/vc_row_inner][\/vc_column][\/vc_row]<\/div>","protected":false},"excerpt":{"rendered":"<p>Separa\u010dn\u00fd prostriedok<\/p>\n<p>Separa\u010dn\u00fd prostriedok v spreji na kontaktn\u00e9 sma\u017eenie na rovn\u00fdch povrchoch, ako s\u00fa panvice, platne, ro\u0161ty, grily, vaflova\u010de, ako aj na v\u0161etky typy plechov a foriem na pe\u010denie.<\/p>\n","protected":false},"featured_media":14366,"template":"","meta":[],"product_brand":[],"product_cat":[534],"product_tag":[],"class_list":{"0":"post-14365","1":"product","2":"type-product","3":"status-publish","4":"has-post-thumbnail","6":"product_cat-oleje-sk","7":"pa_fat-content-720","8":"pa_packaging-paletovy-kontajner-2","9":"pa_quantity-l-12x500ml","10":"pa_quantity-l-6000ml","12":"first","13":"instock","14":"shipping-taxable","15":"product-type-simple"},"_links":{"self":[{"href":"https:\/\/kruszwicapro.com\/sk\/wp-json\/wp\/v2\/product\/14365","targetHints":{"allow":["GET"]}}],"collection":[{"href":"https:\/\/kruszwicapro.com\/sk\/wp-json\/wp\/v2\/product"}],"about":[{"href":"https:\/\/kruszwicapro.com\/sk\/wp-json\/wp\/v2\/types\/product"}],"wp:featuredmedia":[{"embeddable":true,"href":"https:\/\/kruszwicapro.com\/sk\/wp-json\/wp\/v2\/media\/14366"}],"wp:attachment":[{"href":"https:\/\/kruszwicapro.com\/sk\/wp-json\/wp\/v2\/media?parent=14365"}],"wp:term":[{"taxonomy":"product_brand","embeddable":true,"href":"https:\/\/kruszwicapro.com\/sk\/wp-json\/wp\/v2\/product_brand?post=14365"},{"taxonomy":"product_cat","embeddable":true,"href":"https:\/\/kruszwicapro.com\/sk\/wp-json\/wp\/v2\/product_cat?post=14365"},{"taxonomy":"product_tag","embeddable":true,"href":"https:\/\/kruszwicapro.com\/sk\/wp-json\/wp\/v2\/product_tag?post=14365"}],"curies":[{"name":"wp","href":"https:\/\/api.w.org\/{rel}","templated":true}]}}