{"id":14363,"date":"2026-03-06T19:55:41","date_gmt":"2026-03-06T19:55:41","guid":{"rendered":"https:\/\/kruszwicapro.com\/shop\/nezaraden\u00e9\/beleaf-plantbetter\/"},"modified":"2026-03-08T18:38:21","modified_gmt":"2026-03-08T18:38:21","slug":"beleaf-plantbetter","status":"publish","type":"product","link":"https:\/\/kruszwicapro.com\/sk\/obchod\/margaryny-sk\/beleaf-plantbetter\/","title":{"rendered":"Beleaf PlantBetter"},"content":{"rendered":"<div class=\"wpb-content-wrapper\">[vc_row content_placement=&#8220;middle&#8220; parallax=&#8220;content-moving&#8220; css=&#8220;.vc_custom_1772806326406{margin-top: 0px !important;margin-right: 0px !important;margin-bottom: 0px !important;margin-left: 0px !important;background: #FFFFFF url(http:\/\/kruszwica.b2bpowergroup.com\/wp-content\/uploads\/2017\/05\/cat_margaryny.jpg?id=10152);background-position: center;background-repeat: no-repeat !important;background-size: cover !important;}&#8220; el_class=&#8220;no-desktop-paddings&#8220;][vc_column css=&#8220;.vc_custom_1508433817683{padding-top: 0px !important;padding-right: 0px !important;padding-bottom: 0px !important;padding-left: 0px !important;}&#8220;][vc_row_inner content_placement=&#8220;middle&#8220; css=&#8220;.vc_custom_1772808706653{margin-top: 20px !important;margin-right: 20px !important;margin-bottom: 20px !important;margin-left: 20px !important;border-top-width: 2px !important;border-right-width: 2px !important;border-bottom-width: 2px !important;border-left-width: 2px !important;padding-top: 0px !important;padding-bottom: 0px !important;padding-left: 10px !important;border-left-style: dotted !important;border-right-style: dotted !important;border-top-style: dotted !important;border-bottom-style: dotted !important;border-color: #ffffff !important;}&#8220;][vc_column_inner css=&#8220;.vc_custom_1508433823874{padding-top: 0px !important;padding-right: 0px !important;padding-bottom: 0px !important;padding-left: 0px !important;}&#8220;][vc_column_text css=&#8220;&#8220;]<strong>VLASTNOSTI PRODUKTU<\/strong>\r\n<ul>\r\n \t<li>100 % rastlinn\u00e9 suroviny bez palmov\u00e9ho oleja.<\/li>\r\n \t<li>Obsah tuku 82 %.<\/li>\r\n \t<li>Bez lakt\u00f3zy.<\/li>\r\n \t<li>Poskytuje kr\u00e9mov\u00fa konzistenciu.<\/li>\r\n \t<li>Dokonal\u00e9 prevzdu\u0161nenie.<\/li>\r\n \t<li>Dod\u00e1va pe\u010divu maslov\u00fa chu\u0165 a chrumkavos\u0165.<\/li>\r\n \t<li>Pri jeho v\u00fdrobe je uhl\u00edkov\u00e1 stopa dvakr\u00e1t ni\u017e\u0161ia v porovnan\u00ed s v\u00fdrobou tradi\u010dn\u00e9ho masla.<\/li>\r\n \t<li>Uhl\u00edkov\u00e1 stopa je o 50 % ni\u017e\u0161ia v porovnan\u00ed s tradi\u010dn\u00fdm maslom.<\/li>\r\n<\/ul>\r\n<strong>POU\u017dITIE<\/strong>\r\nBeleaf PlantBetter je inovat\u00edvny, \u010disto rastlinn\u00fd tuk, ktor\u00fd dok\u00e1\u017ee nahradi\u0165 mlie\u010dny tuk pri zachovan\u00ed vlastnost\u00ed masla. Je ide\u00e1lny pre cukr\u00e1rensk\u00e9 a pek\u00e1rensk\u00e9 aplik\u00e1cie, ako na pe\u010denie kol\u00e1\u010dov a su\u0161ienok, tak aj na v\u00fdrobu kr\u00e9mov a n\u00e1pln\u00ed. Beleaf PlantBetter je odpove\u010fou na rast\u00face o\u010dak\u00e1vania a potreby uvedomel\u00e9ho spotrebite\u013ea. \r\n\r\n<strong>V\u00ddSLEDKY<\/strong>\r\n\r\nBeleaf PlantBetter napodob\u0148uje funk\u010dnos\u0165 masla, pri\u010dom si zachov\u00e1va porovnate\u013en\u00e9 nutri\u010dn\u00e9 hodnoty a poskytuje podobn\u00fd zmyslov\u00fd z\u00e1\u017eitok. Pe\u010divu dod\u00e1va maslov\u00fa chu\u0165 a zabezpe\u010duje spr\u00e1vne vy\u0161\u013eahanie kr\u00e9mov. \r\n\r\nSkladujte na tmavom, suchom a dobre vetranom mieste pri teplote 2 \u2013 18 \u00b0C.\r\n\r\n<img loading=\"lazy\" decoding=\"async\" class=\"alignnone size-full wp-image-14316\" style=\"padding-right: 10px; vertical-align: top;\" src=\"https:\/\/kruszwicapro.com\/wp-content\/uploads\/2026\/03\/icon-np.png\" alt=\"\" width=\"65\" height=\"64\"><img loading=\"lazy\" decoding=\"async\" class=\"alignnone size-full wp-image-14314\" style=\"padding-right: 10px; vertical-align: top;\" src=\"https:\/\/kruszwicapro.com\/wp-content\/uploads\/2026\/03\/icon-nh.png\" alt=\"\" width=\"65\" height=\"64\"><img loading=\"lazy\" decoding=\"async\" class=\"alignnone size-full wp-image-14315\" style=\"padding-right: 10px; vertical-align: top;\" src=\"https:\/\/kruszwicapro.com\/wp-content\/uploads\/2026\/03\/icon-no-lactose.png\" alt=\"\" width=\"65\" height=\"64\">[\/vc_column_text][\/vc_column_inner][\/vc_row_inner][\/vc_column][\/vc_row]<\/div>","protected":false},"excerpt":{"rendered":"<p>Rastlinn\u00fd tuk<\/p>\n<p>Beleaf PlantBetter je inovat\u00edvny, \u010disto rastlinn\u00fd tuk, ktor\u00fd dok\u00e1\u017ee nahradi\u0165 mlie\u010dny tuk pri zachovan\u00ed vlastnost\u00ed masla.<br \/>Ide\u00e1lny pre cukr\u00e1rensk\u00e9 a pek\u00e1rensk\u00e9 aplik\u00e1cie, ako na pe\u010denie kol\u00e1\u010dov a su\u0161ienok, tak aj na v\u00fdrobu kr\u00e9mov a n\u00e1pln\u00ed.<br \/>\n[simple_tooltip]<img loading=\"lazy\" decoding=\"async\" class=\"alignnone size-full wp-image-14316\" style=\"padding-right: 10px; vertical-align: top;\" src=\"https:\/\/kruszwicapro.com\/wp-content\/uploads\/2026\/03\/icon-np.png\" alt=\"\" width=\"65\" height=\"64\"><img loading=\"lazy\" decoding=\"async\" class=\"alignnone size-full wp-image-14314\" style=\"padding-right: 10px; vertical-align: top;\" src=\"https:\/\/kruszwicapro.com\/wp-content\/uploads\/2026\/03\/icon-nh.png\" alt=\"\" width=\"65\" height=\"64\"><img loading=\"lazy\" decoding=\"async\" class=\"alignnone size-full wp-image-14315\" style=\"padding-right: 10px; vertical-align: top;\" src=\"https:\/\/kruszwicapro.com\/wp-content\/uploads\/2026\/03\/icon-no-lactose.png\" alt=\"\" width=\"65\" height=\"64\">[\/simple_tooltip]<\/p>\n","protected":false},"featured_media":14364,"template":"","meta":[],"product_brand":[],"product_cat":[596],"product_tag":[],"class_list":{"0":"post-14363","1":"product","2":"type-product","3":"status-publish","4":"has-post-thumbnail","6":"product_cat-margaryny-sk","7":"pa_fat-content-720","8":"pa_packaging-paletovy-kontajner-2","9":"pa_quantity-kg-10-sk","10":"pa_quantity-kg-4x2-5kg","12":"first","13":"instock","14":"shipping-taxable","15":"product-type-simple"},"_links":{"self":[{"href":"https:\/\/kruszwicapro.com\/sk\/wp-json\/wp\/v2\/product\/14363","targetHints":{"allow":["GET"]}}],"collection":[{"href":"https:\/\/kruszwicapro.com\/sk\/wp-json\/wp\/v2\/product"}],"about":[{"href":"https:\/\/kruszwicapro.com\/sk\/wp-json\/wp\/v2\/types\/product"}],"wp:featuredmedia":[{"embeddable":true,"href":"https:\/\/kruszwicapro.com\/sk\/wp-json\/wp\/v2\/media\/14364"}],"wp:attachment":[{"href":"https:\/\/kruszwicapro.com\/sk\/wp-json\/wp\/v2\/media?parent=14363"}],"wp:term":[{"taxonomy":"product_brand","embeddable":true,"href":"https:\/\/kruszwicapro.com\/sk\/wp-json\/wp\/v2\/product_brand?post=14363"},{"taxonomy":"product_cat","embeddable":true,"href":"https:\/\/kruszwicapro.com\/sk\/wp-json\/wp\/v2\/product_cat?post=14363"},{"taxonomy":"product_tag","embeddable":true,"href":"https:\/\/kruszwicapro.com\/sk\/wp-json\/wp\/v2\/product_tag?post=14363"}],"curies":[{"name":"wp","href":"https:\/\/api.w.org\/{rel}","templated":true}]}}