{"id":14361,"date":"2026-03-06T19:46:05","date_gmt":"2026-03-06T19:46:05","guid":{"rendered":"https:\/\/kruszwicapro.com\/shop\/nezaraden\u00e9\/eleplant\/"},"modified":"2026-03-08T18:38:08","modified_gmt":"2026-03-08T18:38:08","slug":"eleplant","status":"publish","type":"product","link":"https:\/\/kruszwicapro.com\/sk\/obchod\/margaryny-sk\/eleplant\/","title":{"rendered":"Eleplant"},"content":{"rendered":"<div class=\"wpb-content-wrapper\">[vc_row content_placement=&#8220;middle&#8220; parallax=&#8220;content-moving&#8220; css=&#8220;.vc_custom_1772806326406{margin-top: 0px !important;margin-right: 0px !important;margin-bottom: 0px !important;margin-left: 0px !important;background: #FFFFFF url(http:\/\/kruszwica.b2bpowergroup.com\/wp-content\/uploads\/2017\/05\/cat_margaryny.jpg?id=10152);background-position: center;background-repeat: no-repeat !important;background-size: cover !important;}&#8220; el_class=&#8220;no-desktop-paddings&#8220;][vc_column css=&#8220;.vc_custom_1508433817683{padding-top: 0px !important;padding-right: 0px !important;padding-bottom: 0px !important;padding-left: 0px !important;}&#8220;][vc_row_inner content_placement=&#8220;middle&#8220; css=&#8220;.vc_custom_1772808706653{margin-top: 20px !important;margin-right: 20px !important;margin-bottom: 20px !important;margin-left: 20px !important;border-top-width: 2px !important;border-right-width: 2px !important;border-bottom-width: 2px !important;border-left-width: 2px !important;padding-top: 0px !important;padding-bottom: 0px !important;padding-left: 10px !important;border-left-style: dotted !important;border-right-style: dotted !important;border-top-style: dotted !important;border-bottom-style: dotted !important;border-color: #ffffff !important;}&#8220;][vc_column_inner css=&#8220;.vc_custom_1508433823874{padding-top: 0px !important;padding-right: 0px !important;padding-bottom: 0px !important;padding-left: 0px !important;}&#8220;][vc_column_text css=&#8220;&#8220;]<strong>VLASTNOSTI PRODUKTU<\/strong>\r\n<ul>\r\n \t<li>100 % rastlinn\u00e9 suroviny.<\/li>\r\n \t<li>Obsah tuku 79 %.<\/li>\r\n \t<li>Bez palmov\u00e9ho oleja.<\/li>\r\n \t<li>Bez lakt\u00f3zy.<\/li>\r\n \t<li>Poskytuje kr\u00e9mov\u00fa konzistenciu.<\/li>\r\n \t<li>V\u00fdborne sa \u0161\u013eah\u00e1.<\/li>\r\n \t<li>Dod\u00e1va pokrmom maslov\u00fa chu\u0165.<\/li>\r\n \t<li>Pri jeho v\u00fdrobe je uhl\u00edkov\u00e1 stopa dvakr\u00e1t ni\u017e\u0161ia v porovnan\u00ed s v\u00fdrobou tradi\u010dn\u00e9ho masla.<\/li>\r\n<\/ul>\r\n<strong>POU\u017dITIE<\/strong>\r\nInovat\u00edvny, v\u0161estrann\u00fd rastlinn\u00fd tuk, ktor\u00fd v kuchyni funguje ako tradi\u010dn\u00e9 maslo. Ide\u00e1lny na varenie, pe\u010denie, sma\u017eenie, konfitovanie a studen\u00fa kuchy\u0148u. Dobre sa uplatn\u00ed v tradi\u010dnej aj veg\u00e1nskej kuchyni.  \r\n\r\n<strong>V\u00ddSLEDKY<\/strong>\r\n\r\nMaslov\u00fd, ale nie maslo!<br>Eleplant zais\u0165uje opakovate\u013enos\u0165 a jednoduchos\u0165 procesu a podporuje udr\u017eate\u013en\u00fd rozvoj. Dod\u00e1va chuti nov\u00fd rozmer. Jedl\u00e1 s Eleplantom s\u00fa kr\u00e9mov\u00e9 a zamatov\u00e9.  \r\n\r\nSkladujte na chladnom a suchom mieste.\r\n\r\n<img loading=\"lazy\" decoding=\"async\" class=\"alignnone size-full wp-image-14316\" style=\"padding-right: 10px; vertical-align: top;\" src=\"https:\/\/kruszwicapro.com\/wp-content\/uploads\/2026\/03\/icon-np.png\" alt=\"\" width=\"65\" height=\"64\"><img loading=\"lazy\" decoding=\"async\" class=\"alignnone size-full wp-image-14314\" style=\"padding-right: 10px; vertical-align: top;\" src=\"https:\/\/kruszwicapro.com\/wp-content\/uploads\/2026\/03\/icon-nh.png\" alt=\"\" width=\"65\" height=\"64\"><img loading=\"lazy\" decoding=\"async\" class=\"alignnone size-full wp-image-14318\" style=\"padding-right: 10px; vertical-align: top;\" src=\"https:\/\/kruszwicapro.com\/wp-content\/uploads\/2026\/03\/icon-vegan.png\" alt=\"\" width=\"64\" height=\"79\"><img loading=\"lazy\" decoding=\"async\" class=\"alignnone size-full wp-image-14315\" style=\"padding-right: 10px; vertical-align: top;\" src=\"https:\/\/kruszwicapro.com\/wp-content\/uploads\/2026\/03\/icon-no-lactose.png\" alt=\"\" width=\"65\" height=\"64\">[\/vc_column_text][\/vc_column_inner][\/vc_row_inner][\/vc_column][\/vc_row]<\/div>","protected":false},"excerpt":{"rendered":"<p>Rastlinn\u00fd tuk<\/p>\n<p>Inovat\u00edvny, v\u0161estrann\u00fd rastlinn\u00fd tuk, ktor\u00fd v kuchyni funguje ako tradi\u010dn\u00e9 maslo. Ide\u00e1lny na varenie, pe\u010denie, sma\u017eenie, konfitovanie a studen\u00fa kuchy\u0148u. Dobre sa uplatn\u00ed v tradi\u010dnej aj veg\u00e1nskej kuchyni.  <\/p>\n[simple_tooltip]<img loading=\"lazy\" decoding=\"async\" class=\"alignnone size-full wp-image-14316\" style=\"padding-right: 10px; vertical-align: top;\" src=\"https:\/\/kruszwicapro.com\/wp-content\/uploads\/2026\/03\/icon-np.png\" alt=\"\" width=\"65\" height=\"64\"><img loading=\"lazy\" decoding=\"async\" class=\"alignnone size-full wp-image-14314\" style=\"padding-right: 10px; vertical-align: top;\" src=\"https:\/\/kruszwicapro.com\/wp-content\/uploads\/2026\/03\/icon-nh.png\" alt=\"\" width=\"65\" height=\"64\"><img loading=\"lazy\" decoding=\"async\" class=\"alignnone size-full wp-image-14318\" style=\"padding-right: 10px; vertical-align: top;\" src=\"https:\/\/kruszwicapro.com\/wp-content\/uploads\/2026\/03\/icon-vegan.png\" alt=\"\" width=\"64\" height=\"79\"><img loading=\"lazy\" decoding=\"async\" class=\"alignnone size-full wp-image-14315\" style=\"padding-right: 10px; vertical-align: top;\" src=\"https:\/\/kruszwicapro.com\/wp-content\/uploads\/2026\/03\/icon-no-lactose.png\" alt=\"\" width=\"65\" height=\"64\">[\/simple_tooltip]\n","protected":false},"featured_media":14362,"template":"","meta":[],"product_brand":[],"product_cat":[596],"product_tag":[],"class_list":{"0":"post-14361","1":"product","2":"type-product","3":"status-publish","4":"has-post-thumbnail","6":"product_cat-margaryny-sk","7":"pa_fat-content-452","8":"pa_packaging-paletovy-kontajner-2","9":"pa_quantity-kg-16x200g","10":"pa_quantity-kg-32-kg","12":"first","13":"instock","14":"shipping-taxable","15":"product-type-simple"},"_links":{"self":[{"href":"https:\/\/kruszwicapro.com\/sk\/wp-json\/wp\/v2\/product\/14361","targetHints":{"allow":["GET"]}}],"collection":[{"href":"https:\/\/kruszwicapro.com\/sk\/wp-json\/wp\/v2\/product"}],"about":[{"href":"https:\/\/kruszwicapro.com\/sk\/wp-json\/wp\/v2\/types\/product"}],"wp:featuredmedia":[{"embeddable":true,"href":"https:\/\/kruszwicapro.com\/sk\/wp-json\/wp\/v2\/media\/14362"}],"wp:attachment":[{"href":"https:\/\/kruszwicapro.com\/sk\/wp-json\/wp\/v2\/media?parent=14361"}],"wp:term":[{"taxonomy":"product_brand","embeddable":true,"href":"https:\/\/kruszwicapro.com\/sk\/wp-json\/wp\/v2\/product_brand?post=14361"},{"taxonomy":"product_cat","embeddable":true,"href":"https:\/\/kruszwicapro.com\/sk\/wp-json\/wp\/v2\/product_cat?post=14361"},{"taxonomy":"product_tag","embeddable":true,"href":"https:\/\/kruszwicapro.com\/sk\/wp-json\/wp\/v2\/product_tag?post=14361"}],"curies":[{"name":"wp","href":"https:\/\/api.w.org\/{rel}","templated":true}]}}