{"id":14359,"date":"2026-03-06T19:38:19","date_gmt":"2026-03-06T19:38:19","guid":{"rendered":"https:\/\/kruszwicapro.com\/shop\/nezaraden\u00e9\/westfalia-feinste-20\/"},"modified":"2026-03-08T18:55:31","modified_gmt":"2026-03-08T18:55:31","slug":"westfalia-feinste-20","status":"publish","type":"product","link":"https:\/\/kruszwicapro.com\/sk\/obchod\/margaryny-sk\/westfalia-feinste-20\/","title":{"rendered":"Westfalia Feinste 20%"},"content":{"rendered":"<div class=\"wpb-content-wrapper\">[vc_row content_placement=&#8220;middle&#8220; parallax=&#8220;content-moving&#8220; css=&#8220;.vc_custom_1772806326406{margin-top: 0px !important;margin-right: 0px !important;margin-bottom: 0px !important;margin-left: 0px !important;background: #FFFFFF url(http:\/\/kruszwica.b2bpowergroup.com\/wp-content\/uploads\/2017\/05\/cat_margaryny.jpg?id=10152);background-position: center;background-repeat: no-repeat !important;background-size: cover !important;}&#8220; el_class=&#8220;no-desktop-paddings&#8220;][vc_column css=&#8220;.vc_custom_1508433817683{padding-top: 0px !important;padding-right: 0px !important;padding-bottom: 0px !important;padding-left: 0px !important;}&#8220;][vc_row_inner content_placement=&#8220;middle&#8220; css=&#8220;.vc_custom_1772808706653{margin-top: 20px !important;margin-right: 20px !important;margin-bottom: 20px !important;margin-left: 20px !important;border-top-width: 2px !important;border-right-width: 2px !important;border-bottom-width: 2px !important;border-left-width: 2px !important;padding-top: 0px !important;padding-bottom: 0px !important;padding-left: 10px !important;border-left-style: dotted !important;border-right-style: dotted !important;border-top-style: dotted !important;border-bottom-style: dotted !important;border-color: #ffffff !important;}&#8220;][vc_column_inner css=&#8220;.vc_custom_1508433823874{padding-top: 0px !important;padding-right: 0px !important;padding-bottom: 0px !important;padding-left: 0px !important;}&#8220;][vc_column_text css=&#8220;&#8220;]<strong>VLASTNOSTI PRODUKTU<\/strong>\r\n<ul>\r\n \t<li>Dod\u00e1va pe\u010divu maslov\u00fa chu\u0165 a ar\u00f3mu.<\/li>\r\n \t<li>SG-certifikovan\u00fd (Segregated) palmov\u00fd tuk.<\/li>\r\n \t<li>Bez stu\u017een\u00fdch (hydrogenovan\u00fdch) tukov.<\/li>\r\n \t<li>Zaru\u010duje ide\u00e1lne listovanie cesta a vynikaj\u00faci v\u00fdsledn\u00fd produkt.<\/li>\r\n \t<li>Vynikaj\u00faca plasticita. Umo\u017e\u0148uje va\u013ekanie a skladanie bez toho, aby sa vrstvy cesta trhali alebo praskali. <\/li>\r\n \t<li>Zabezpe\u010duje spr\u00e1vne kysnutie a tvar pe\u010den\u00fdch v\u00fdrobkov.<\/li>\r\n \t<li>Vhodn\u00e9 na ru\u010dn\u00e9 aj mechanick\u00e9 spracovanie.<\/li>\r\n<\/ul>\r\n<strong>POU\u017dITIE<\/strong>\r\nNa v\u00fdrobu jemn\u00e9ho a \u013eahk\u00e9ho l\u00edstkov\u00e9ho cesta, p\u013eundrov\u00e9ho cesta a croissantov.\r\n\r\n<strong>RECEPT\u00daRA<\/strong>\r\nObsahuje 8 % koncentrovan\u00e9ho masla (\u010do zodpoved\u00e1 obsahu 10 % masla). Sp\u00e1ja \u00fa\u017eitkov\u00e9 vlastnosti laminovacieho margar\u00ednu s chu\u0165ou a ar\u00f3mou masla. \r\n\r\n<strong>V\u00ddSLEDKY<\/strong>\r\n<strong>Jemn\u00e1, maslov\u00e1 chu\u0165 a ar\u00f3ma v pe\u010dive, vynikaj\u00faci efekt listovania cesta a spr\u00e1vny n\u00e1rast a tvar pe\u010diva po upe\u010den\u00ed.<\/strong>\r\n\r\nSkladujte na chladnom a suchom mieste.\r\n\r\n<img loading=\"lazy\" decoding=\"async\" class=\"alignnone size-full wp-image-14317 alignleft\" style=\"padding-right: 10px;\" src=\"https:\/\/kruszwicapro.com\/wp-content\/uploads\/2026\/03\/icon-sg.png\" alt=\"\" width=\"65\" height=\"64\">   <img loading=\"lazy\" decoding=\"async\" class=\"alignnone size-medium wp-image-14314 alignleft\" style=\"padding-right: 10px;\" src=\"https:\/\/kruszwicapro.com\/wp-content\/uploads\/2026\/03\/icon-nh.png\" alt=\"\" width=\"65\" height=\"64\">   <img loading=\"lazy\" decoding=\"async\" class=\"alignnone size-medium wp-image-14313 alignleft\" src=\"https:\/\/kruszwicapro.com\/wp-content\/uploads\/2026\/03\/icon-butter.png\" alt=\"\" width=\"65\" height=\"64\">\r\n\r\n&nbsp;\r\n\r\n&nbsp;\r\n\r\n<strong>OKR\u00daHLY ST\u00d4L PRE UDR\u017dATE\u013dN\u00dd PALMOV\u00dd OLEJ (RSPO)<\/strong>\r\nZ\u00edskavanie palmov\u00e9ho oleja je kontroverzn\u00e9 kv\u00f4li jeho \u00fazkemu prepojeniu s neleg\u00e1lnym vyrubovan\u00edm da\u017e\u010fov\u00fdch pralesov za \u00fa\u010delom pestovania palmy olejnej, \u010do m\u00e1 za n\u00e1sledok v\u00fdrazn\u00fa degrad\u00e1ciu \u017eivotn\u00e9ho prostredia a prispieva k negat\u00edvnym klimatick\u00fdm zmen\u00e1m. Ako l\u00edder na trhu s rastlinn\u00fdmi olejmi a tukmi je na\u0161ou zodpovednos\u0165ou zabezpe\u010di\u0165 udr\u017eate\u013enos\u0165 po\u013enohospod\u00e1rstva, bud\u00facnos\u0165 na\u0161ej plan\u00e9ty a podporova\u0165 miestne komunity. Na\u0161imi partnermi s\u00fa dod\u00e1vatelia palmov\u00e9ho oleja z plant\u00e1\u017e\u00ed, ktor\u00e9 neprispievaj\u00fa k ni\u010deniu pr\u00edrodn\u00fdch ekosyst\u00e9mov a nemaj\u00fa negat\u00edvny vplyv na obyvate\u013estvo \u017eij\u00face v danej oblasti. Okr\u00fahly st\u00f4l pre udr\u017eate\u013en\u00fd palmov\u00fd olej (RSPO). Na\u0161e v\u00fdrobky obsahuj\u00face palmov\u00fd olej s\u00fa dod\u00e1van\u00e9 v syst\u00e9moch Mass Balance (hmotnostn\u00e1 bilancia) a Segregated (separovan\u00fd).\r\nPozrite si rad Maestra a Maestro.    \r\n\r\n<strong>MELANGE<\/strong>\r\nProdukty obsahuj\u00face koncentrovan\u00fd mlie\u010dny tuk.\r\nPozrite si rad Maestra.[\/vc_column_text][\/vc_column_inner][\/vc_row_inner][\/vc_column][\/vc_row]<\/div>","protected":false},"excerpt":{"rendered":"<p>Na v\u00fdrobu jemn\u00e9ho a \u013eahk\u00e9ho l\u00edstkov\u00e9ho cesta, p\u013eundrov\u00e9ho cesta a croissantov.<\/p>\n<p>Obsahuje 8 % koncentrovan\u00e9ho masla (\u010do zodpoved\u00e1 obsahu 10 % masla). Sp\u00e1ja \u00fa\u017eitkov\u00e9 vlastnosti laminovacieho margar\u00ednu s chu\u0165ou a ar\u00f3mou masla. <\/p>\n[simple_tooltip]<img loading=\"lazy\" decoding=\"async\" class=\"alignnone size-full wp-image-14317 alignleft\" style=\"padding-right: 10px;\" src=\"https:\/\/kruszwicapro.com\/wp-content\/uploads\/2026\/03\/icon-sg.png\" alt=\"\" width=\"65\" height=\"64\">   <img loading=\"lazy\" decoding=\"async\" class=\"alignnone size-medium wp-image-14314 alignleft\" style=\"padding-right: 10px;\" src=\"https:\/\/kruszwicapro.com\/wp-content\/uploads\/2026\/03\/icon-nh.png\" alt=\"\" width=\"65\" height=\"64\">   <img loading=\"lazy\" decoding=\"async\" class=\"alignnone size-medium wp-image-14313 alignleft\" src=\"https:\/\/kruszwicapro.com\/wp-content\/uploads\/2026\/03\/icon-butter.png\" alt=\"\" width=\"65\" height=\"64\">[\/simple_tooltip]\n","protected":false},"featured_media":14360,"template":"","meta":[],"product_brand":[],"product_cat":[596],"product_tag":[],"class_list":{"0":"post-14359","1":"product","2":"type-product","3":"status-publish","4":"has-post-thumbnail","6":"product_cat-margaryny-sk","7":"pa_fat-content-452","8":"pa_packaging-paletovy-kontajner-2","9":"pa_quantity-kg-10-sk","10":"pa_quantity-kg-5x2-sk","12":"first","13":"instock","14":"shipping-taxable","15":"product-type-simple"},"_links":{"self":[{"href":"https:\/\/kruszwicapro.com\/sk\/wp-json\/wp\/v2\/product\/14359","targetHints":{"allow":["GET"]}}],"collection":[{"href":"https:\/\/kruszwicapro.com\/sk\/wp-json\/wp\/v2\/product"}],"about":[{"href":"https:\/\/kruszwicapro.com\/sk\/wp-json\/wp\/v2\/types\/product"}],"wp:featuredmedia":[{"embeddable":true,"href":"https:\/\/kruszwicapro.com\/sk\/wp-json\/wp\/v2\/media\/14360"}],"wp:attachment":[{"href":"https:\/\/kruszwicapro.com\/sk\/wp-json\/wp\/v2\/media?parent=14359"}],"wp:term":[{"taxonomy":"product_brand","embeddable":true,"href":"https:\/\/kruszwicapro.com\/sk\/wp-json\/wp\/v2\/product_brand?post=14359"},{"taxonomy":"product_cat","embeddable":true,"href":"https:\/\/kruszwicapro.com\/sk\/wp-json\/wp\/v2\/product_cat?post=14359"},{"taxonomy":"product_tag","embeddable":true,"href":"https:\/\/kruszwicapro.com\/sk\/wp-json\/wp\/v2\/product_tag?post=14359"}],"curies":[{"name":"wp","href":"https:\/\/api.w.org\/{rel}","templated":true}]}}