{"id":14356,"date":"2026-03-06T18:50:03","date_gmt":"2026-03-06T18:50:03","guid":{"rendered":"https:\/\/kruszwicapro.com\/shop\/nezaraden\u00e9\/westfalia-feinste-19\/"},"modified":"2026-03-08T18:34:30","modified_gmt":"2026-03-08T18:34:30","slug":"westfalia-feinste-19","status":"publish","type":"product","link":"https:\/\/kruszwicapro.com\/sk\/obchod\/margaryny-sk\/westfalia-feinste-19\/","title":{"rendered":"Westfalia Feinste 19%"},"content":{"rendered":"<div class=\"wpb-content-wrapper\">[vc_row content_placement=&#8220;middle&#8220; parallax=&#8220;content-moving&#8220; css=&#8220;.vc_custom_1772806326406{margin-top: 0px !important;margin-right: 0px !important;margin-bottom: 0px !important;margin-left: 0px !important;background: #FFFFFF url(http:\/\/kruszwica.b2bpowergroup.com\/wp-content\/uploads\/2017\/05\/cat_margaryny.jpg?id=10152);background-position: center;background-repeat: no-repeat !important;background-size: cover !important;}&#8220; el_class=&#8220;no-desktop-paddings&#8220;][vc_column css=&#8220;.vc_custom_1508433817683{padding-top: 0px !important;padding-right: 0px !important;padding-bottom: 0px !important;padding-left: 0px !important;}&#8220;][vc_row_inner content_placement=&#8220;middle&#8220; css=&#8220;.vc_custom_1772808706653{margin-top: 20px !important;margin-right: 20px !important;margin-bottom: 20px !important;margin-left: 20px !important;border-top-width: 2px !important;border-right-width: 2px !important;border-bottom-width: 2px !important;border-left-width: 2px !important;padding-top: 0px !important;padding-bottom: 0px !important;padding-left: 10px !important;border-left-style: dotted !important;border-right-style: dotted !important;border-top-style: dotted !important;border-bottom-style: dotted !important;border-color: #ffffff !important;}&#8220;][vc_column_inner css=&#8220;.vc_custom_1508433823874{padding-top: 0px !important;padding-right: 0px !important;padding-bottom: 0px !important;padding-left: 0px !important;}&#8220;][vc_column_text css=&#8220;&#8220;]<strong>VLASTNOSTI PRODUKTU<\/strong>\r\n\u2022 Vynikaj\u00faca maslov\u00e1 chu\u0165.\r\n\u2022 Hladk\u00e1, kr\u00e9mov\u00e1 konzistencia.\r\n\u2022 Palmov\u00fd tuk z certifikovan\u00fdch SG plant\u00e1\u017e\u00ed.\r\n\u2022 Bez stu\u017een\u00fdch (hydrogenovan\u00fdch) tukov.\r\n\u2022 Vynikaj\u00face prevzdu\u0161\u0148ovacie vlastnosti.\r\n\u2022 \u013dahko sa sp\u00e1ja s ostatn\u00fdmi ingredienciami.\r\n\u2022 Dod\u00e1va pe\u010divu m\u00e4kk\u00fa, jemn\u00fa striedku.\r\n\u2022 Poskytuje v\u00fdnimo\u010dn\u00fa vl\u00e1\u010dnos\u0165.\r\n\u2022 Ide\u00e1lny na \u0161\u013eahanie \u2013 zabezpe\u010duje \u013eahk\u00fa a nad\u00fdchan\u00fa text\u00faru kr\u00e9mu.\r\n\u2022 Ide\u00e1lny do kr\u00e9mov a na pe\u010denie \u0161irokej \u0161k\u00e1ly kol\u00e1\u010dov.\r\n\r\n<strong>POU\u017dITIE<\/strong>\r\nIde\u00e1lne na pe\u010denie kol\u00e1\u010dov a su\u0161ienok, ako aj na pr\u00edpravu kr\u00e9mov.\r\n\r\n<strong>RECEPT\u00daRA<\/strong>\r\nObsahuje 16 % koncentrovan\u00e9ho masla (\u010do zodpoved\u00e1 obsahu 19 % masla). Sp\u00e1ja \u00fa\u017eitkov\u00e9 vlastnosti margar\u00ednu s chu\u0165ou a ar\u00f3mou masla. \r\n\r\n<strong>V\u00ddSLEDOK<\/strong>\r\n<strong>Dod\u00e1va pe\u010divu a kr\u00e9mom atrakt\u00edvnu maslov\u00fa ar\u00f3mu a chu\u0165.<\/strong>\r\n\r\nSkladujte na chladnom a suchom mieste.\r\n\r\n<img loading=\"lazy\" decoding=\"async\" class=\"alignnone size-full wp-image-14317 alignleft\" style=\"padding-right: 10px;\" src=\"https:\/\/kruszwicapro.com\/wp-content\/uploads\/2026\/03\/icon-sg.png\" alt=\"\" width=\"65\" height=\"64\">   <img loading=\"lazy\" decoding=\"async\" class=\"alignnone size-medium wp-image-14314 alignleft\" style=\"padding-right: 10px;\" src=\"https:\/\/kruszwicapro.com\/wp-content\/uploads\/2026\/03\/icon-nh.png\" alt=\"\" width=\"65\" height=\"64\">   <img loading=\"lazy\" decoding=\"async\" class=\"alignnone size-medium wp-image-14313 alignleft\" src=\"https:\/\/kruszwicapro.com\/wp-content\/uploads\/2026\/03\/icon-butter.png\" alt=\"\" width=\"65\" height=\"64\">\r\n\r\n&nbsp;\r\n\r\n&nbsp;\r\n\r\n<strong>OKR\u00daHLY ST\u00d4L PRE UDR\u017dATE\u013dN\u00dd PALMOV\u00dd OLEJ (RSPO)<\/strong>\r\nZ\u00edskavanie palmov\u00e9ho oleja je kontroverzn\u00e9 kv\u00f4li jeho \u00fazkemu prepojeniu s neleg\u00e1lnym vyrubovan\u00edm da\u017e\u010fov\u00fdch pralesov za \u00fa\u010delom pestovania palmy olejnej, \u010do m\u00e1 za n\u00e1sledok v\u00fdrazn\u00fa degrad\u00e1ciu \u017eivotn\u00e9ho prostredia a prispieva k negat\u00edvnym klimatick\u00fdm zmen\u00e1m. Ako l\u00edder na trhu s rastlinn\u00fdmi olejmi a tukmi je na\u0161ou zodpovednos\u0165ou zabezpe\u010di\u0165 udr\u017eate\u013enos\u0165 po\u013enohospod\u00e1rstva, bud\u00facnos\u0165 na\u0161ej plan\u00e9ty a podporova\u0165 miestne komunity. Na\u0161imi partnermi s\u00fa dod\u00e1vatelia palmov\u00e9ho oleja z plant\u00e1\u017e\u00ed, ktor\u00e9 neprispievaj\u00fa k ni\u010deniu pr\u00edrodn\u00fdch ekosyst\u00e9mov a nemaj\u00fa negat\u00edvny vplyv na obyvate\u013estvo \u017eij\u00face v danej oblasti. Okr\u00fahly st\u00f4l pre udr\u017eate\u013en\u00fd palmov\u00fd olej (RSPO). Na\u0161e v\u00fdrobky obsahuj\u00face palmov\u00fd olej s\u00fa dod\u00e1van\u00e9 v syst\u00e9moch Mass Balance (hmotnostn\u00e1 bilancia) a Segregated (separovan\u00fd).\r\nPozrite si rad Maestra a Maestro.    \r\n\r\n<strong>MELANGE<\/strong>\r\nProdukty obsahuj\u00face koncentrovan\u00fd mlie\u010dny tuk.\r\nPozrite si rad Maestra.[\/vc_column_text][\/vc_column_inner][\/vc_row_inner][\/vc_column][\/vc_row]<\/div>","protected":false},"excerpt":{"rendered":"<p>Margarin s maslom Ide\u00e1lny na pe\u010denie kol\u00e1\u010dov a su\u0161ienok, ako aj na pr\u00edpravu kr\u00e9mov.<br \/>\n[simple_tooltip]<img loading=\"lazy\" decoding=\"async\" class=\"alignnone size-full wp-image-14317 alignleft\" style=\"padding-right: 10px;\" src=\"https:\/\/kruszwicapro.com\/wp-content\/uploads\/2026\/03\/icon-sg.png\" alt=\"\" width=\"65\" height=\"64\"> <img loading=\"lazy\" decoding=\"async\" class=\"alignnone size-medium wp-image-14314 alignleft\" style=\"padding-right: 10px;\" src=\"https:\/\/kruszwicapro.com\/wp-content\/uploads\/2026\/03\/icon-nh.png\" alt=\"\" width=\"65\" height=\"64\"> <img loading=\"lazy\" decoding=\"async\" class=\"alignnone size-medium wp-image-14313 alignleft\" src=\"https:\/\/kruszwicapro.com\/wp-content\/uploads\/2026\/03\/icon-butter.png\" alt=\"\" width=\"65\" height=\"64\">[\/simple_tooltip] <\/p>\n","protected":false},"featured_media":14357,"template":"","meta":[],"product_brand":[],"product_cat":[596],"product_tag":[],"class_list":{"0":"post-14356","1":"product","2":"type-product","3":"status-publish","4":"has-post-thumbnail","6":"product_cat-margaryny-sk","7":"pa_fat-content-452","8":"pa_packaging-paletovy-kontajner-2","9":"pa_quantity-kg-10-sk","10":"pa_quantity-kg-4x2-5kg","12":"first","13":"instock","14":"shipping-taxable","15":"product-type-simple"},"_links":{"self":[{"href":"https:\/\/kruszwicapro.com\/sk\/wp-json\/wp\/v2\/product\/14356","targetHints":{"allow":["GET"]}}],"collection":[{"href":"https:\/\/kruszwicapro.com\/sk\/wp-json\/wp\/v2\/product"}],"about":[{"href":"https:\/\/kruszwicapro.com\/sk\/wp-json\/wp\/v2\/types\/product"}],"wp:featuredmedia":[{"embeddable":true,"href":"https:\/\/kruszwicapro.com\/sk\/wp-json\/wp\/v2\/media\/14357"}],"wp:attachment":[{"href":"https:\/\/kruszwicapro.com\/sk\/wp-json\/wp\/v2\/media?parent=14356"}],"wp:term":[{"taxonomy":"product_brand","embeddable":true,"href":"https:\/\/kruszwicapro.com\/sk\/wp-json\/wp\/v2\/product_brand?post=14356"},{"taxonomy":"product_cat","embeddable":true,"href":"https:\/\/kruszwicapro.com\/sk\/wp-json\/wp\/v2\/product_cat?post=14356"},{"taxonomy":"product_tag","embeddable":true,"href":"https:\/\/kruszwicapro.com\/sk\/wp-json\/wp\/v2\/product_tag?post=14356"}],"curies":[{"name":"wp","href":"https:\/\/api.w.org\/{rel}","templated":true}]}}