{"id":14338,"date":"2026-03-06T18:41:18","date_gmt":"2026-03-06T18:41:18","guid":{"rendered":"https:\/\/kruszwicapro.com\/shop\/nezaraden\u00e9\/westfalia-feinste-50\/"},"modified":"2026-03-06T18:41:18","modified_gmt":"2026-03-06T18:41:18","slug":"westfalia-feinste-50","status":"publish","type":"product","link":"https:\/\/kruszwicapro.com\/sk\/obchod\/margaryny-sk\/westfalia-feinste-50\/","title":{"rendered":"Westfalia Feinste 50%"},"content":{"rendered":"<div class=\"wpb-content-wrapper\">[vc_row content_placement=&#8220;middle&#8220; parallax=&#8220;content-moving&#8220; css=&#8220;.vc_custom_1772806326406{margin-top: 0px !important;margin-right: 0px !important;margin-bottom: 0px !important;margin-left: 0px !important;background: #FFFFFF url(http:\/\/kruszwica.b2bpowergroup.com\/wp-content\/uploads\/2017\/05\/cat_margaryny.jpg?id=10152);background-position: center;background-repeat: no-repeat !important;background-size: cover !important;}&#8220; el_class=&#8220;no-desktop-paddings&#8220;][vc_column css=&#8220;.vc_custom_1508433817683{padding-top: 0px !important;padding-right: 0px !important;padding-bottom: 0px !important;padding-left: 0px !important;}&#8220;][vc_row_inner content_placement=&#8220;middle&#8220; css=&#8220;.vc_custom_1772808706653{margin-top: 20px !important;margin-right: 20px !important;margin-bottom: 20px !important;margin-left: 20px !important;border-top-width: 2px !important;border-right-width: 2px !important;border-bottom-width: 2px !important;border-left-width: 2px !important;padding-top: 0px !important;padding-bottom: 0px !important;padding-left: 10px !important;border-left-style: dotted !important;border-right-style: dotted !important;border-top-style: dotted !important;border-bottom-style: dotted !important;border-color: #ffffff !important;}&#8220;][vc_column_inner css=&#8220;.vc_custom_1508433823874{padding-top: 0px !important;padding-right: 0px !important;padding-bottom: 0px !important;padding-left: 0px !important;}&#8220;][vc_column_text css=&#8220;&#8220;]<strong>VLASTNOSTI V\u00ddROBKU<\/strong>\r\n&#8211; Hlbok\u00fd maslov\u00fd chu\u0165ov\u00fd profil.\r\n&#8211; Poskytuje jemn\u00fa drobenku pe\u010diva.\r\n&#8211; Zabezpe\u010duje v\u00fdnimo\u010dn\u00fa vlhkos\u0165 a pred\u013a\u017een\u00fa trvanlivos\u0165, pri\u010dom si zachov\u00e1va ide\u00e1lnu \u0161trukt\u00faru.\r\n&#8211; Palmov\u00fd tuk s certifik\u00e1tom SG (Segregated).\r\n&#8211; Neobsahuje hydrogenovan\u00e9 tuky.\r\n&#8211; Vynikaj\u00face prevzdu\u0161\u0148ovacie vlastnosti.\r\n&#8211; \u013dahko sa zapracov\u00e1va do ostatn\u00fdch zlo\u017eiek.\r\n&#8211; Poskytuje spr\u00e1vnu \u0161trukt\u00faru v\u00fdrobku a v\u00fdnimo\u010dn\u00e9 organoleptick\u00e9 vlastnosti hotov\u00fdch v\u00fdrobkov.\r\n\r\n<strong>APLIK\u00c1CIA<\/strong>\r\nNa pe\u010denie kol\u00e1\u010dov, su\u0161ienok a v\u00fdrobu kr\u00e9mov.\r\n\r\n<strong>FORMUL\u00c1CIA<\/strong>\r\nObsahuje 41 % koncentrovan\u00e9ho masla (zodpoved\u00e1 50 % obsahu masla). Kombinuje funk\u010dn\u00e9 vlastnosti margar\u00ednu s chu\u0165ou a v\u00f4\u0148ou masla. \r\n\r\n<strong>V\u00ddSLEDOK<\/strong>\r\n<strong>Dod\u00e1va hotov\u00fdm v\u00fdrobkom bohat\u00fa, intenz\u00edvnu maslov\u00fa v\u00f4\u0148u a chu\u0165.<\/strong>\r\n\r\nSkladujte na chladnom a suchom mieste.\r\n\r\n<img loading=\"lazy\" decoding=\"async\" class=\"alignnone size-full wp-image-14317 alignleft\" style=\"padding-right: 10px;\" src=\"https:\/\/kruszwicapro.com\/wp-content\/uploads\/2026\/03\/icon-sg.png\" alt=\"\" width=\"65\" height=\"64\">   <img loading=\"lazy\" decoding=\"async\" class=\"alignnone size-medium wp-image-14314 alignleft\" style=\"padding-right: 10px;\" src=\"https:\/\/kruszwicapro.com\/wp-content\/uploads\/2026\/03\/icon-nh.png\" alt=\"\" width=\"65\" height=\"64\">   <img loading=\"lazy\" decoding=\"async\" class=\"alignnone size-medium wp-image-14313 alignleft\" src=\"https:\/\/kruszwicapro.com\/wp-content\/uploads\/2026\/03\/icon-butter.png\" alt=\"\" width=\"65\" height=\"64\">\r\n\r\n&nbsp;\r\n\r\n&nbsp;\r\n\r\n<strong>Okr\u00fahly st\u00f4l o trvalo udr\u017eate\u013enom palmovom oleji (RSPO)<\/strong>\r\n\u0164a\u017eba palmov\u00e9ho oleja je kontroverzn\u00e1 pre jej bl\u00edzkos\u0165 k neleg\u00e1lnemu v\u00fdrubu da\u017e\u010fov\u00fdch pralesov na \u00fa\u010dely pestovania palmy olejnej, \u010do vedie k v\u00fdraznej degrad\u00e1cii \u017eivotn\u00e9ho prostredia a prispieva k negat\u00edvnym klimatick\u00fdm zmen\u00e1m. Ako l\u00edder na trhu s rastlinn\u00fdmi olejmi a tukmi sme zodpovedn\u00ed za zabezpe\u010denie udr\u017eate\u013enosti po\u013enohospod\u00e1rstva, bud\u00facnosti na\u0161ej plan\u00e9ty a podporu miestnych komun\u00edt. Na\u0161i partneri s\u00fa dod\u00e1vate\u013emi palmov\u00e9ho oleja z plant\u00e1\u017e\u00ed, ktor\u00e9 neprispievaj\u00fa k ni\u010deniu pr\u00edrodn\u00fdch ekosyst\u00e9mov a nemaj\u00fa negat\u00edvny vplyv na obyvate\u013estvo \u017eij\u00face v danej oblasti. Okr\u00fahly st\u00f4l pre trvalo udr\u017eate\u013en\u00fd palmov\u00fd olej (RSPO). Na\u0161e v\u00fdrobky obsahuj\u00face palmov\u00fd olej s\u00fa dod\u00e1van\u00e9 v syst\u00e9me Mass Balance a Segregated.\r\nPozrite si rady Maestra a Maestro.    \r\n\r\n<strong>MELANGE<\/strong>\r\nV\u00fdrobky obsahuj\u00face koncentrovan\u00fd mlie\u010dny tuk.\r\nPozri l\u00edniu Maestra.[\/vc_column_text][\/vc_column_inner][\/vc_row_inner][\/vc_column][\/vc_row]<\/div>","protected":false},"excerpt":{"rendered":"<p>Na pe\u010denie kol\u00e1\u010dov, su\u0161ienok a v\u00fdrobu kr\u00e9mov.<\/p>\n<p>Obsahuje 41 % koncentrovan\u00e9ho masla (zodpoved\u00e1 50 % obsahu masla). Kombinuje funk\u010dn\u00e9 vlastnosti margar\u00ednu s chu\u0165ou a v\u00f4\u0148ou masla. <\/p>\n[simple_tooltip]<img loading=\"lazy\" decoding=\"async\" class=\"alignnone size-full wp-image-14317 alignleft\" style=\"padding-right: 10px;\" src=\"https:\/\/kruszwicapro.com\/wp-content\/uploads\/2026\/03\/icon-sg.png\" alt=\"\" width=\"65\" height=\"64\">   <img loading=\"lazy\" decoding=\"async\" class=\"alignnone size-medium wp-image-14314 alignleft\" style=\"padding-right: 10px;\" src=\"https:\/\/kruszwicapro.com\/wp-content\/uploads\/2026\/03\/icon-nh.png\" alt=\"\" width=\"65\" height=\"64\">   <img loading=\"lazy\" decoding=\"async\" class=\"alignnone size-medium wp-image-14313 alignleft\" src=\"https:\/\/kruszwicapro.com\/wp-content\/uploads\/2026\/03\/icon-butter.png\" alt=\"\" width=\"65\" height=\"64\">[\/simple_tooltip]\n","protected":false},"featured_media":14343,"template":"","meta":[],"product_brand":[],"product_cat":[596],"product_tag":[],"class_list":{"0":"post-14338","1":"product","2":"type-product","3":"status-publish","4":"has-post-thumbnail","6":"product_cat-margaryny-sk","7":"pa_fat-content-452","8":"pa_packaging-paletovy-kontajner-2","9":"pa_quantity-kg-10-sk","10":"pa_quantity-kg-5x2-sk","12":"first","13":"instock","14":"shipping-taxable","15":"product-type-simple"},"_links":{"self":[{"href":"https:\/\/kruszwicapro.com\/sk\/wp-json\/wp\/v2\/product\/14338","targetHints":{"allow":["GET"]}}],"collection":[{"href":"https:\/\/kruszwicapro.com\/sk\/wp-json\/wp\/v2\/product"}],"about":[{"href":"https:\/\/kruszwicapro.com\/sk\/wp-json\/wp\/v2\/types\/product"}],"wp:featuredmedia":[{"embeddable":true,"href":"https:\/\/kruszwicapro.com\/sk\/wp-json\/wp\/v2\/media\/14343"}],"wp:attachment":[{"href":"https:\/\/kruszwicapro.com\/sk\/wp-json\/wp\/v2\/media?parent=14338"}],"wp:term":[{"taxonomy":"product_brand","embeddable":true,"href":"https:\/\/kruszwicapro.com\/sk\/wp-json\/wp\/v2\/product_brand?post=14338"},{"taxonomy":"product_cat","embeddable":true,"href":"https:\/\/kruszwicapro.com\/sk\/wp-json\/wp\/v2\/product_cat?post=14338"},{"taxonomy":"product_tag","embeddable":true,"href":"https:\/\/kruszwicapro.com\/sk\/wp-json\/wp\/v2\/product_tag?post=14338"}],"curies":[{"name":"wp","href":"https:\/\/api.w.org\/{rel}","templated":true}]}}