{"id":13857,"date":"2023-04-06T11:20:15","date_gmt":"2023-04-06T11:20:15","guid":{"rendered":"https:\/\/kruszwicapro.com\/shop\/nezaraden\u00e9\/prima-kreemi-white-sg\/"},"modified":"2023-04-07T11:50:17","modified_gmt":"2023-04-07T11:50:17","slug":"prima-kreemi-white-sg","status":"publish","type":"product","link":"https:\/\/kruszwicapro.com\/sk\/obchod\/tluszcze-sk\/prima-kreemi-white-sg\/","title":{"rendered":"Prima Kreemi White SG"},"content":{"rendered":"<div class=\"wpb-content-wrapper\"><p>[vc_row][vc_column][vc_column_text]<\/p>\r\n<h4><strong>POU\u017dITIE<\/strong><\/h4>\r\n<p>Perfektn\u00fd na komponovanie dezertov na tanieri, pr\u00edpravu kr\u00e9mov na studeno (typu: russel, \u0161v\u00e9dsky, pudingov\u00fd), kr\u00e9mov a plniek do tort, rol\u00e1d, ro\u017ekov, b\u00e1boviek, mafinov, su\u0161ienok, ven\u010dekov, omeliet, ako aj na dokon\u010dovanie a dekorovanie z\u00e1kuskov.<\/p>\r\n<p>&nbsp;<\/p>\r\n<h4><strong>JEDINE\u010cN\u00c1 RECEPT\u00daRA<\/strong><\/h4>\r\n<p>V\u00fdnimo\u010dn\u00e1 zmes tuku a cukru s neutr\u00e1lnou ar\u00f3mou a farbou, na pou\u017eitie ako z\u00e1klad v\u0161etk\u00fdch typov kr\u00e9mov a plniek na b\u00e1ze tuku. Pripraven\u00e9 na priame pou\u017eitie po vytiahnut\u00ed z chladni\u010dky, vy\u0161\u013eahan\u00ed a pridan\u00ed chu\u0165ovo-aromatick\u00fdch zlo\u017eiek.<\/p>\r\n<h4>\u00a0<\/h4>\r\n<h4><strong>VLASTNOSTI V\u00ddROBKU<\/strong><\/h4>\r\n<ul>\r\n\t<li>R\u00fdchle a jednoduch\u00e9 pou\u017eitie.<\/li>\r\n\t<li>Opakovate\u013enos\u0165 procesu a fin\u00e1lnych efektov.<\/li>\r\n\t<li>Dobr\u00e9 prevzdu\u0161\u0148ovacie vlastnosti.<\/li>\r\n\t<li>Vynikaj\u00faco sa sp\u00e1ja s in\u00fdmi zlo\u017ekami, ako: \u010dokol\u00e1da, ovocie, alkohol, mlie\u010dne v\u00fdrobky.<\/li>\r\n\t<li>Zaru\u010duje vysok\u00fa stabilitu pripravovan\u00fdch kr\u00e9mov.<\/li>\r\n\t<li>V\u00fdrobok vhodn\u00fd pre veg\u00e1nov.<\/li>\r\n\t<li>Hotov\u00e9 kr\u00e9my a plnky na b\u00e1ze cukr\u00e1rensk\u00e9ho kr\u00e9mu Prima Kreemi White SG sa daj\u00fa zmrazi\u0165 bez ujmy na kvalite, tvare, \u0161trukt\u00fare.<\/li>\r\n<\/ul>\r\n<p>&nbsp;<\/p>\r\n<p>Uschov\u00e1vajte na suchom a chladnom mieste pri teplote od +4 \u00baC do +15 \u00baC, chr\u00e1\u0148te pred svetlom a siln\u00fdmi pachmi.<\/p>\r\n<table style=\"border-collapse: collapse; width: 100%;\">\r\n<tbody>\r\n<tr>\r\n<td style=\"width: 25%;\">Jednotkov\u00e9 balenie<\/td>\r\n<td style=\"width: 25%;\">Europaleta<\/td>\r\n<td style=\"width: 25%;\">Lehota pou\u017eite\u013enosti<\/td>\r\n<td style=\"width: 25%;\">Obsah tuku<\/td>\r\n<\/tr>\r\n<tr>\r\n<td style=\"width: 25%;\">5 kg<\/td>\r\n<td style=\"width: 25%;\">600 kg (120 x 5 kg)<\/td>\r\n<td style=\"width: 25%;\">156 dn\u00ed<\/td>\r\n<td style=\"width: 25%;\">60 %<\/td>\r\n<\/tr>\r\n<\/tbody>\r\n<\/table>\r\n<p>Pri v\u00fdbere tohto v\u00fdrobku m\u00e1te istotu, \u017ee obsahuje palmov\u00fd olej s certifik\u00e1tom RSPO, ktor\u00fd bol vyroben\u00fd v s\u00falade s pr\u00edsnymi environment\u00e1lnymi a spolo\u010densk\u00fdmi krit\u00e9riami.<\/p>\r\n<p>[\/vc_column_text][\/vc_column][\/vc_row]<\/p><\/div>","protected":false},"excerpt":{"rendered":"<p>Perfektn\u00fd na komponovanie dezertov na tanieri, pr\u00edpravu kr\u00e9mov na studeno (typu: russel, \u0161v\u00e9dsky, pudingov\u00fd), kr\u00e9mov a plniek do tort, rol\u00e1d, ro\u017ekov, b\u00e1boviek, mafinov, su\u0161ienok, ven\u010dekov, omeliet, ako aj na dokon\u010dovanie a dekorovanie z\u00e1kuskov.<\/p>\n","protected":false},"featured_media":13854,"template":"","meta":[],"product_brand":[],"product_cat":[636],"product_tag":[],"class_list":{"0":"post-13857","1":"product","2":"type-product","3":"status-publish","4":"has-post-thumbnail","6":"product_cat-tluszcze-sk","8":"first","9":"instock","10":"shipping-taxable","11":"product-type-simple"},"_links":{"self":[{"href":"https:\/\/kruszwicapro.com\/sk\/wp-json\/wp\/v2\/product\/13857","targetHints":{"allow":["GET"]}}],"collection":[{"href":"https:\/\/kruszwicapro.com\/sk\/wp-json\/wp\/v2\/product"}],"about":[{"href":"https:\/\/kruszwicapro.com\/sk\/wp-json\/wp\/v2\/types\/product"}],"wp:featuredmedia":[{"embeddable":true,"href":"https:\/\/kruszwicapro.com\/sk\/wp-json\/wp\/v2\/media\/13854"}],"wp:attachment":[{"href":"https:\/\/kruszwicapro.com\/sk\/wp-json\/wp\/v2\/media?parent=13857"}],"wp:term":[{"taxonomy":"product_brand","embeddable":true,"href":"https:\/\/kruszwicapro.com\/sk\/wp-json\/wp\/v2\/product_brand?post=13857"},{"taxonomy":"product_cat","embeddable":true,"href":"https:\/\/kruszwicapro.com\/sk\/wp-json\/wp\/v2\/product_cat?post=13857"},{"taxonomy":"product_tag","embeddable":true,"href":"https:\/\/kruszwicapro.com\/sk\/wp-json\/wp\/v2\/product_tag?post=13857"}],"curies":[{"name":"wp","href":"https:\/\/api.w.org\/{rel}","templated":true}]}}