{"id":13390,"date":"2022-07-26T11:24:43","date_gmt":"2022-07-26T11:24:43","guid":{"rendered":"https:\/\/kruszwicapro.com\/?post_type=product&#038;p=13390"},"modified":"2022-07-26T11:24:43","modified_gmt":"2022-07-26T11:24:43","slug":"maestra-puff-pastry-mb","status":"publish","type":"product","link":"https:\/\/kruszwicapro.com\/sk\/obchod\/margaryny-sk\/maestra-puff-pastry-mb\/","title":{"rendered":"Maestra Puff Pastry MB"},"content":{"rendered":"Neobsahuje konzerva\u010dn\u00e9 l\u00e1tky ani umel\u00e9 ar\u00f3my, a predsa dod\u00e1va v\u00fdrobkom v\u00fdnimo\u010dn\u00fa chu\u0165 a ar\u00f3mu. Jeho dokonal\u00e1 konzistencia u\u013eah\u010duje pr\u00edpravu cesta, va\u013ekanie bez vytv\u00e1rania praskl\u00edn a umo\u017e\u0148uje jednoduch\u00e9 ru\u010dn\u00e9 alebo mechanick\u00e9 spracovanie cesta.\r\n\r\n\r\n<ul>\r\n \t\r\n\t\r\n\t<li><strong>Bez konzerva\u010dn\u00fdch l\u00e1tok a umel\u00fdch ar\u00f3m.<\/strong><\/li>\r\n\r\n\r\n \t\r\n\t\r\n\t<li><strong>Po\u017eadovan\u00e9 l\u00edstkovanie cesta.<\/strong><\/li>\r\n\r\n\r\n \t\r\n\t\r\n\t<li><strong>Spr\u00e1vne va\u013ekanie a prekladanie cesta, bez l\u00e1mania a praskania vrstiev.<\/strong><\/li>\r\n\r\n\r\n \t\r\n\t\r\n\t<li><strong>Primeran\u00e9 zv\u00e4\u010d\u0161enie objemu a tvar v\u00fdrobkov po upe\u010den\u00ed.<\/strong><\/li>\r\n<\/ul>\r\n<p class=\"p1\"><strong><img loading=\"lazy\" decoding=\"async\" class=\"alignnone wp-image-10493 size-full\" src=\"https:\/\/kruszwicapro.com\/wp-content\/uploads\/2017\/09\/ico_mb.png\" alt=\"\" width=\"64\" height=\"64\" \/><\/strong><strong>MASS BALANCE<\/strong><\/p>\r\n\r\n\r\nZ\u00edsk\u00e1vanie oleja z palmy je kontroverzn\u00e9, lebo sa sp\u00e1ja s ileg\u00e1lnym v\u00fdrubom da\u017e\u010fov\u00fdch pralesov kv\u00f4li pestovaniu palmy olejovej. Sme l\u00eddrom na trhu s olejmi a rastlinn\u00fdmi tukmi, proto c\u00edtime zodpovednos\u0165 za udr\u017eate\u013en\u00fd rozvoj po\u013enohospod\u00e1rstva. Spolupracujeme s dod\u00e1vate\u013emi palmov\u00e9ho oleja z plant\u00e1\u017e\u00ed, ktor\u00e9 neprispievaj\u00fa k ni\u010deniu pr\u00edrodn\u00fdch ekosyst\u00e9mov a nemaj\u00fa negat\u00edvny dopad na obyvate\u013estvo z danej oblasti. Podporujeme koncepciu syst\u00e9mu certifik\u00e1cie v\u00fdrobkov The Roundtable on Sustainable Palma Oil (RSPO). Dod\u00e1v\u00e1me v\u00fdrobky obsahuj\u00face palmov\u00fd olej s certifik\u00e1tom Mass Balance a certifik\u00e1tom Segregate.","protected":false},"excerpt":{"rendered":"<p>L\u00edstkov\u00e9 cesto a podobn\u00e9 druhy cesta sa musia vyzna\u010dova\u0165 v\u00fdrazn\u00fdm l\u00edstkovan\u00edm. Margar\u00edn Maestra Puff Pastry MB je najkvalitnej\u0161ou ingredienciou, ktor\u00e1 zaist\u00ed po\u017eadovan\u00e9 vlastnosti v\u00fdrobkov tohto typu.<\/p>\n[simple_tooltip content='Na v\u00fdrobu bol pou\u017eit\u00fd palmov\u00fd olej s certifik\u00e1tom Mass Balance']<img loading=\"lazy\" decoding=\"async\" class=\"alignnone wp-image-10493 size-full\" src=\"https:\/\/kruszwicapro.com\/wp-content\/uploads\/2017\/09\/ico_mb.png\" alt=\"\" width=\"64\" height=\"64\" \/>[\/simple_tooltip]\n","protected":false},"featured_media":12309,"template":"","meta":[],"product_brand":[],"product_cat":[596],"product_tag":[676],"class_list":{"0":"post-13390","1":"product","2":"type-product","3":"status-publish","4":"has-post-thumbnail","6":"product_cat-margaryny-sk","7":"product_tag-do-listkujuceho-cesta-sk","8":"pa_clean-label-nie-sk","9":"pa_consistency-tuha-2","10":"pa_fat-content-452","11":"pa_fat-used-palmowy-sk","12":"pa_fat-used-repkovy-2","13":"pa_free-from-preservatives-tak-sk-2","14":"pa_packaging-karton-2","15":"pa_quantity-kg-5x2-sk","16":"pa_rspo-certificate-ano","17":"pa_segment-premium-2","18":"pa_tfa-2-2","19":"pa_with-added-butter-nie-sk","20":"pa_with-colorant-tak-sk","21":"pa_without-hydrogenated-fats-nie-sk","23":"first","24":"instock","25":"shipping-taxable","26":"product-type-simple"},"_links":{"self":[{"href":"https:\/\/kruszwicapro.com\/sk\/wp-json\/wp\/v2\/product\/13390","targetHints":{"allow":["GET"]}}],"collection":[{"href":"https:\/\/kruszwicapro.com\/sk\/wp-json\/wp\/v2\/product"}],"about":[{"href":"https:\/\/kruszwicapro.com\/sk\/wp-json\/wp\/v2\/types\/product"}],"wp:featuredmedia":[{"embeddable":true,"href":"https:\/\/kruszwicapro.com\/sk\/wp-json\/wp\/v2\/media\/12309"}],"wp:attachment":[{"href":"https:\/\/kruszwicapro.com\/sk\/wp-json\/wp\/v2\/media?parent=13390"}],"wp:term":[{"taxonomy":"product_brand","embeddable":true,"href":"https:\/\/kruszwicapro.com\/sk\/wp-json\/wp\/v2\/product_brand?post=13390"},{"taxonomy":"product_cat","embeddable":true,"href":"https:\/\/kruszwicapro.com\/sk\/wp-json\/wp\/v2\/product_cat?post=13390"},{"taxonomy":"product_tag","embeddable":true,"href":"https:\/\/kruszwicapro.com\/sk\/wp-json\/wp\/v2\/product_tag?post=13390"}],"curies":[{"name":"wp","href":"https:\/\/api.w.org\/{rel}","templated":true}]}}