{"id":13270,"date":"2017-09-21T17:15:27","date_gmt":"2017-09-21T17:15:27","guid":{"rendered":"https:\/\/kruszwicapro.com\/shop\/nezaraden\u00e9\/tluszcze-dla-przemyslu\/"},"modified":"2022-07-27T10:40:44","modified_gmt":"2022-07-27T10:40:44","slug":"tluszcze-dla-przemyslu","status":"publish","type":"product","link":"https:\/\/kruszwicapro.com\/sk\/obchod\/tluszcze-sk\/tluszcze-dla-przemyslu\/","title":{"rendered":"Tuky pre priemysel"},"content":{"rendered":"Reagujeme na potreby z\u00e1kazn\u00edkov, preto dod\u00e1v\u00e1me \u0161pecializovan\u00e9 rastlinn\u00e9 tuky najvy\u0161\u0161ej kvality. Na\u0161a ponuka zah\u0155\u0148a \u0161irok\u00fa \u0161k\u00e1lu v\u00fdrobkov na v\u0161estrann\u00e9 pou\u017eitie: do n\u00e1pln\u00ed, na pe\u010denie, do poliev, do zmrzl\u00edn, do mlie\u010dnych v\u00fdrobkov, na vypr\u00e1\u017eanie, univerz\u00e1lne, pre gastron\u00f3miu, na technick\u00e9 \u00fa\u010dely.\r\n\r\n&nbsp;\r\n\r\n<img loading=\"lazy\" decoding=\"async\" class=\"alignnone size-full wp-image-11242\" src=\"https:\/\/kruszwicapro.com\/wp-content\/uploads\/2018\/04\/tuky_table.jpg\" alt=\"Tuky\" width=\"800\" height=\"639\" srcset=\"https:\/\/kruszwicapro.com\/wp-content\/uploads\/2018\/04\/tuky_table.jpg 800w, https:\/\/kruszwicapro.com\/wp-content\/uploads\/2018\/04\/tuky_table-230x184.jpg 230w, https:\/\/kruszwicapro.com\/wp-content\/uploads\/2018\/04\/tuky_table-460x367.jpg 460w, https:\/\/kruszwicapro.com\/wp-content\/uploads\/2018\/04\/tuky_table-300x240.jpg 300w, https:\/\/kruszwicapro.com\/wp-content\/uploads\/2018\/04\/tuky_table-150x120.jpg 150w, https:\/\/kruszwicapro.com\/wp-content\/uploads\/2018\/04\/tuky_table-768x613.jpg 768w\" sizes=\"auto, (max-width: 800px) 100vw, 800px\" \/>","protected":false},"excerpt":{"rendered":"<p>Reagujeme na potreby z\u00e1kazn\u00edkov, preto dod\u00e1v\u00e1me \u0161pecializovan\u00e9 rastlinn\u00e9 tuky najvy\u0161\u0161ej kvality. Na\u0161a ponuka zah\u0155\u0148a \u0161irok\u00fa \u0161k\u00e1lu v\u00fdrobkov na v\u0161estrann\u00e9 pou\u017eitie: do n\u00e1pln\u00ed, na pe\u010denie, do poliev, do zmrzl\u00edn, do mlie\u010dnych v\u00fdrobkov, na vypr\u00e1\u017eanie, univerz\u00e1lne, pre gastron\u00f3miu, na technick\u00e9 \u00fa\u010dely.<\/p>\n","protected":false},"featured_media":12567,"template":"","meta":[],"product_brand":[],"product_cat":[636],"product_tag":[677,474],"class_list":{"0":"post-13270","1":"product","2":"type-product","3":"status-publish","4":"has-post-thumbnail","6":"product_cat-tluszcze-sk","7":"product_tag-na-vyprazanie-vo-vysokej-vrstve-tuku-sk","8":"product_tag-na-pecenie-sk-2","10":"first","11":"instock","12":"shipping-taxable","13":"product-type-simple"},"_links":{"self":[{"href":"https:\/\/kruszwicapro.com\/sk\/wp-json\/wp\/v2\/product\/13270","targetHints":{"allow":["GET"]}}],"collection":[{"href":"https:\/\/kruszwicapro.com\/sk\/wp-json\/wp\/v2\/product"}],"about":[{"href":"https:\/\/kruszwicapro.com\/sk\/wp-json\/wp\/v2\/types\/product"}],"wp:featuredmedia":[{"embeddable":true,"href":"https:\/\/kruszwicapro.com\/sk\/wp-json\/wp\/v2\/media\/12567"}],"wp:attachment":[{"href":"https:\/\/kruszwicapro.com\/sk\/wp-json\/wp\/v2\/media?parent=13270"}],"wp:term":[{"taxonomy":"product_brand","embeddable":true,"href":"https:\/\/kruszwicapro.com\/sk\/wp-json\/wp\/v2\/product_brand?post=13270"},{"taxonomy":"product_cat","embeddable":true,"href":"https:\/\/kruszwicapro.com\/sk\/wp-json\/wp\/v2\/product_cat?post=13270"},{"taxonomy":"product_tag","embeddable":true,"href":"https:\/\/kruszwicapro.com\/sk\/wp-json\/wp\/v2\/product_tag?post=13270"}],"curies":[{"name":"wp","href":"https:\/\/api.w.org\/{rel}","templated":true}]}}