{"id":13267,"date":"2017-09-22T11:45:29","date_gmt":"2017-09-22T11:45:29","guid":{"rendered":"https:\/\/kruszwicapro.com\/shop\/nezaraden\u00e9\/olfryt-sun\/"},"modified":"2022-07-26T10:25:05","modified_gmt":"2022-07-26T10:25:05","slug":"olfryt-sun","status":"publish","type":"product","link":"https:\/\/kruszwicapro.com\/sk\/obchod\/olajsutokbe-hasznalatos-olajok-sk\/olfryt-sun\/","title":{"rendered":"Olfryt Sun"},"content":{"rendered":"<p>Dokonal\u00e9 rie\u0161enie pre t\u00fdch, ktor\u00ed pou\u017e\u00edvaj\u00fa zariadenia na kontinu\u00e1lne a tlakov\u00e9 vysm\u00e1\u017eanie. Zaru\u010duje aromatick\u00e9 a chrumkav\u00e9 jedl\u00e1 zlatej farby. Na vysm\u00e1\u017eanie jed\u00e1l pod\u00e1van\u00fdch za tepla aj za studena, ako napr\u00edklad: r\u00fdb, darov mora, hydiny, hranoliek a oba\u013eovanej zeleniny.<\/p>\r\n<ul>\r\n\t<li><strong>Fritovac\u00ed olej vhodn\u00fd do zariaden\u00ed na kontinu\u00e1lne a tlakov\u00e9 vysm\u00e1\u017eanie.<\/strong><\/li>\r\n\t<li><strong>Neutr\u00e1lna chut\u00b4a v\u00f4\u0148a.<\/strong><\/li>\r\n\t<li><strong>V\u00fdhoda fritovania pri n\u00edzkych teplot\u00e1ch.<\/strong><\/li>\r\n<\/ul>","protected":false},"excerpt":{"rendered":"<p>Dokonal\u00e9 rie\u0161enie pre t\u00fdch, ktor\u00ed pou\u017e\u00edvaj\u00fa zariadenia na kontinu\u00e1lne a tlakov\u00e9 vysm\u00e1\u017eanie. Zaru\u010duje aromatick\u00e9 a chrumkav\u00e9 jedl\u00e1 zlatej farby.<\/p>\n[simple_tooltip content='Slne\u010dnicov\u00fd olej']<img loading=\"lazy\" decoding=\"async\" class=\"alignnone wp-image-10493 size-full\" src=\"https:\/\/kruszwicapro.com\/wp-content\/uploads\/2018\/03\/ico_sunfloweroil.png\" alt=\"\" width=\"64\" height=\"64\" \/>[\/simple_tooltip]\n","protected":false},"featured_media":12600,"template":"","meta":[],"product_brand":[],"product_cat":[518],"product_tag":[],"class_list":{"0":"post-13267","1":"product","2":"type-product","3":"status-publish","4":"has-post-thumbnail","6":"product_cat-olajsutokbe-hasznalatos-olajok-sk","7":"pa_consistency-polplynna-sk","8":"pa_fat-content-454","9":"pa_fat-used-palmowy-sk","10":"pa_fat-used-repkovy-2","11":"pa_fat-used-slnecnicovy-2","12":"pa_packaging-bag-in-box-sk","13":"pa_quantity-l-10-sk","14":"pa_rspo-certificate-nie-sk-2","15":"pa_segment-standard-2","16":"pa_smoke-point-235-c","17":"pa_tfa-441","18":"pa_without-hydrogenated-fats-nie-sk","20":"first","21":"instock","22":"shipping-taxable","23":"product-type-simple"},"_links":{"self":[{"href":"https:\/\/kruszwicapro.com\/sk\/wp-json\/wp\/v2\/product\/13267","targetHints":{"allow":["GET"]}}],"collection":[{"href":"https:\/\/kruszwicapro.com\/sk\/wp-json\/wp\/v2\/product"}],"about":[{"href":"https:\/\/kruszwicapro.com\/sk\/wp-json\/wp\/v2\/types\/product"}],"wp:featuredmedia":[{"embeddable":true,"href":"https:\/\/kruszwicapro.com\/sk\/wp-json\/wp\/v2\/media\/12600"}],"wp:attachment":[{"href":"https:\/\/kruszwicapro.com\/sk\/wp-json\/wp\/v2\/media?parent=13267"}],"wp:term":[{"taxonomy":"product_brand","embeddable":true,"href":"https:\/\/kruszwicapro.com\/sk\/wp-json\/wp\/v2\/product_brand?post=13267"},{"taxonomy":"product_cat","embeddable":true,"href":"https:\/\/kruszwicapro.com\/sk\/wp-json\/wp\/v2\/product_cat?post=13267"},{"taxonomy":"product_tag","embeddable":true,"href":"https:\/\/kruszwicapro.com\/sk\/wp-json\/wp\/v2\/product_tag?post=13267"}],"curies":[{"name":"wp","href":"https:\/\/api.w.org\/{rel}","templated":true}]}}