{"id":13264,"date":"2017-09-22T18:36:19","date_gmt":"2017-09-22T18:36:19","guid":{"rendered":"https:\/\/kruszwicapro.com\/shop\/nezaraden\u00e9\/universa-80\/"},"modified":"2022-07-27T10:37:57","modified_gmt":"2022-07-27T10:37:57","slug":"universa-80","status":"publish","type":"product","link":"https:\/\/kruszwicapro.com\/sk\/obchod\/margaryny-sk\/universa-80\/","title":{"rendered":"Universa 80%"},"content":{"rendered":"Dobre prevzdu\u0161\u0148uje cesto, v\u010faka \u010domu mu zais\u0165uje objem, ako aj po\u017eadovan\u00fa \u0161trukt\u00faru. Navy\u0161e v zna\u010dnej miere posil\u0148uje prep\u00e1janie jednotliv\u00fdch zlo\u017eiek hmoty.\r\n<ul>\r\n \t<li><strong>Dobr\u00e1 schopnos\u0165 prevzdu\u0161\u0148ovania (aer\u00e1cie).<\/strong><\/li>\r\n \t<li><strong>\u013dahko sa prep\u00e1ja s ostatn\u00fdmi ingredienciami.<\/strong><\/li>\r\n \t<li><strong>Primeran\u00e1 \u0161trukt\u00fara cukr\u00e1rskych a pek\u00e1rskych v\u00fdrobkov.<\/strong><\/li>\r\n<\/ul>","protected":false},"excerpt":{"rendered":"<p>Margar\u00edn je ur\u010den\u00fd na pe\u010denie, ako aj na v\u00fdrobu n\u00e1plni, kr\u00e9mov a cukr\u00e1rskych hm\u00f4t.<\/p>\n","protected":false},"featured_media":12303,"template":"","meta":[],"product_brand":[],"product_cat":[596],"product_tag":[474],"class_list":{"0":"post-13264","1":"product","2":"type-product","3":"status-publish","4":"has-post-thumbnail","6":"product_cat-margaryny-sk","7":"product_tag-na-pecenie-sk-2","8":"pa_clean-label-nie-sk","9":"pa_consistency-tuha-2","10":"pa_fat-content-452","11":"pa_fat-used-kokosowy-sk-2","12":"pa_fat-used-palmowy-sk","13":"pa_fat-used-repkovy-2","14":"pa_free-from-preservatives-tak-sk-2","15":"pa_packaging-karton-2","16":"pa_quantity-kg-2x5-sk","17":"pa_rspo-certificate-nie-sk-2","18":"pa_segment-standard-2","19":"pa_tfa-2-2","20":"pa_with-added-butter-nie-sk","21":"pa_with-colorant-tak-sk","22":"pa_without-hydrogenated-fats-nie-sk","24":"first","25":"instock","26":"shipping-taxable","27":"product-type-simple"},"_links":{"self":[{"href":"https:\/\/kruszwicapro.com\/sk\/wp-json\/wp\/v2\/product\/13264","targetHints":{"allow":["GET"]}}],"collection":[{"href":"https:\/\/kruszwicapro.com\/sk\/wp-json\/wp\/v2\/product"}],"about":[{"href":"https:\/\/kruszwicapro.com\/sk\/wp-json\/wp\/v2\/types\/product"}],"wp:featuredmedia":[{"embeddable":true,"href":"https:\/\/kruszwicapro.com\/sk\/wp-json\/wp\/v2\/media\/12303"}],"wp:attachment":[{"href":"https:\/\/kruszwicapro.com\/sk\/wp-json\/wp\/v2\/media?parent=13264"}],"wp:term":[{"taxonomy":"product_brand","embeddable":true,"href":"https:\/\/kruszwicapro.com\/sk\/wp-json\/wp\/v2\/product_brand?post=13264"},{"taxonomy":"product_cat","embeddable":true,"href":"https:\/\/kruszwicapro.com\/sk\/wp-json\/wp\/v2\/product_cat?post=13264"},{"taxonomy":"product_tag","embeddable":true,"href":"https:\/\/kruszwicapro.com\/sk\/wp-json\/wp\/v2\/product_tag?post=13264"}],"curies":[{"name":"wp","href":"https:\/\/api.w.org\/{rel}","templated":true}]}}