{"id":13256,"date":"2017-09-22T19:02:13","date_gmt":"2017-09-22T19:02:13","guid":{"rendered":"https:\/\/kruszwicapro.com\/shop\/nezaraden\u00e9\/qualita-np\/"},"modified":"2022-07-27T10:28:42","modified_gmt":"2022-07-27T10:28:42","slug":"qualita-np","status":"publish","type":"product","link":"https:\/\/kruszwicapro.com\/sk\/obchod\/margaryny-sk\/qualita-np\/","title":{"rendered":"Qualita NP"},"content":{"rendered":"V\u010faka zlo\u017eeniu v\u00fdlu\u010dnr z repkov\u00fdch tukov m\u00e1 dobr\u00fa prevzdu\u0161\u0148ovaciu schopnos\u0165, dod\u00e1va v\u00fdrobkom spr\u00e1vny tvar a ve\u013ekos\u0165.\r\n\r\n<ul>\r\n \t\r\n\t<li><strong>Zalo\u017een\u00fd v\u00fdlu\u010dne na repkov\u00fdch tukoch.<\/strong><\/li>\r\n\r\n \t\r\n\t<li><strong>\u013dahko sa prep\u00e1ja s ostatn\u00fdmi ingredienciami.<\/strong><\/li>\r\n\r\n \t\r\n\t<li><strong>Primeran\u00e1 \u0161trukt\u00fara cukr\u00e1rskych a pek\u00e1rskych v\u00fdrobkov.<\/strong><\/li>\r\n<\/ul>","protected":false},"excerpt":{"rendered":"<p>Margar\u00edn je ur\u010den\u00fd na v\u00fdrobu sladk\u00e9ho pe\u010diva a pek\u00e1rskych v\u00fdrobkov.<\/p>\n[simple_tooltip content='V\u00fdrobok neobsahuje tropick\u00e9 tuky']<img loading=\"lazy\" decoding=\"async\" class=\"alignnone wp-image-10493 size-full\" src=\"https:\/\/kruszwicapro.com\/wp-content\/uploads\/2018\/03\/ico_rapeseedoil.png\" alt=\"\" width=\"64\" height=\"64\" \/>[\/simple_tooltip]\n","protected":false},"featured_media":12285,"template":"","meta":[],"product_brand":[],"product_cat":[596],"product_tag":[474],"class_list":{"0":"post-13256","1":"product","2":"type-product","3":"status-publish","4":"has-post-thumbnail","6":"product_cat-margaryny-sk","7":"product_tag-na-pecenie-sk-2","8":"pa_clean-label-nie-sk","9":"pa_consistency-tuha-2","10":"pa_fat-content-452","11":"pa_fat-used-repkovy-2","12":"pa_free-from-preservatives-nie-sk-2","13":"pa_packaging-karton-2","14":"pa_quantity-kg-10-sk","15":"pa_rspo-certificate-nie-sk-2","16":"pa_segment-standard-2","17":"pa_tfa-2-2","18":"pa_with-added-butter-nie-sk","19":"pa_with-colorant-nie-sk","20":"pa_without-hydrogenated-fats-nie-sk","22":"first","23":"instock","24":"shipping-taxable","25":"product-type-simple"},"_links":{"self":[{"href":"https:\/\/kruszwicapro.com\/sk\/wp-json\/wp\/v2\/product\/13256","targetHints":{"allow":["GET"]}}],"collection":[{"href":"https:\/\/kruszwicapro.com\/sk\/wp-json\/wp\/v2\/product"}],"about":[{"href":"https:\/\/kruszwicapro.com\/sk\/wp-json\/wp\/v2\/types\/product"}],"wp:featuredmedia":[{"embeddable":true,"href":"https:\/\/kruszwicapro.com\/sk\/wp-json\/wp\/v2\/media\/12285"}],"wp:attachment":[{"href":"https:\/\/kruszwicapro.com\/sk\/wp-json\/wp\/v2\/media?parent=13256"}],"wp:term":[{"taxonomy":"product_brand","embeddable":true,"href":"https:\/\/kruszwicapro.com\/sk\/wp-json\/wp\/v2\/product_brand?post=13256"},{"taxonomy":"product_cat","embeddable":true,"href":"https:\/\/kruszwicapro.com\/sk\/wp-json\/wp\/v2\/product_cat?post=13256"},{"taxonomy":"product_tag","embeddable":true,"href":"https:\/\/kruszwicapro.com\/sk\/wp-json\/wp\/v2\/product_tag?post=13256"}],"curies":[{"name":"wp","href":"https:\/\/api.w.org\/{rel}","templated":true}]}}