{"id":13252,"date":"2017-09-22T19:05:16","date_gmt":"2017-09-22T19:05:16","guid":{"rendered":"https:\/\/kruszwicapro.com\/shop\/nezaraden\u00e9\/qualita-tekuta-70\/"},"modified":"2022-07-23T06:21:20","modified_gmt":"2022-07-23T06:21:20","slug":"qualita-tekuta-70","status":"publish","type":"product","link":"https:\/\/kruszwicapro.com\/sk\/obchod\/margaryny-sk\/qualita-tekuta-70\/","title":{"rendered":"Qualita Tekut\u00e1 70 %"},"content":{"rendered":"<p>Spoma\u013euje proces starnutia v\u00fdrobkov a umo\u017e\u0148uje docieli\u0165 po\u017eadovan\u00fa \u0161trukt\u00faru fin\u00e1lnych v\u00fdrobkov. Vyzna\u010duje sa vysokou stabilitou. Je, okrem in\u00e9ho, ve\u013emi dobrou vo\u013ebou pri pr\u00edprave pi\u0161k\u00f3tov\u00e9ho, kysnut\u00e9ho a odpa\u013eovan\u00e9ho cesta, ako aj sladk\u00e9ho p\u0161eni\u010dn\u00e9ho pe\u010diva a \u0161i\u0161iek.<\/p>\r\n<ul>\r\n\t<li><strong>Na b\u00e1ze repkov\u00fdch tukov.<\/strong><\/li>\r\n\t<li><strong>Z\u00e1ruka opakovate\u013enosti procesu.<\/strong><\/li>\r\n\t<li><strong>Tekut\u00e1 konzistencia, ktor\u00e1 umo\u017e\u0148uje priame pou\u017eitie.<\/strong><\/li>\r\n\t<li><strong>a skr\u00e1tenie \u010dasu pr\u00edpravy v\u00fdrobku.<\/strong><\/li>\r\n\t<li><strong>Stabilita emulzie po\u010das pou\u017e\u00edvania.<\/strong><\/li>\r\n\t<li><strong>Primeran\u00e1 \u0161trukt\u00fara cesta.<\/strong><\/li>\r\n\t<li><strong>Spomalenie starnutia v\u00fdrobkov.<\/strong><\/li>\r\n\t<li><strong>Ar\u00f3ma, ktor\u00e1 hotov\u00fdm v\u00fdrobkom dod\u00e1va po\u017eadovan\u00fa chu\u0165 a v\u00f4\u0148u.<\/strong><\/li>\r\n<\/ul>","protected":false},"excerpt":{"rendered":"<p>[:cs]Tekut\u00e1 struktura tohoto margar\u00ednu a skv\u011bl\u00e9 propojov\u00e1n\u00ed s\u00a0ostatn\u00edmi ingrediencemi dovoluje urychlen\u00ed v\u00fdroby cukr\u00e1\u0159sk\u00fdch a peka\u0159sk\u00fdch v\u00fdrobk\u016f.<\/p>\n<p>[simple_tooltip content='V\u00fdrobek neobsahuje tropick\u00e9 tuky']<img loading=\"lazy\" decoding=\"async\" class=\"alignnone wp-image-10493 size-full\" src=\"https:\/\/kruszwicapro.com\/wp-content\/uploads\/2018\/03\/ico_rapeseedoil.png\" alt=\"\" width=\"64\" height=\"64\" \/>[\/simple_tooltip][:sk]Tekut\u00e1 konzistencia tohto margar\u00ednu a skvel\u00e1 schopnos\u0165 prepoji\u0165 sa s ostatn\u00fdmi ingredienciami umo\u017e\u0148uje zr\u00fdchlenie v\u00fdroby cukr\u00e1rskych a pek\u00e1rensk\u00fdch v\u00fdrobkov.<\/p>\n<p>[simple_tooltip content='V\u00fdrobok neobsahuje tropick\u00e9 tuky']<img loading=\"lazy\" decoding=\"async\" class=\"alignnone wp-image-10493 size-full\" src=\"https:\/\/kruszwicapro.com\/wp-content\/uploads\/2018\/03\/ico_rapeseedoil.png\" alt=\"\" width=\"64\" height=\"64\" \/>[\/simple_tooltip][:hu]A margarin foly\u00e9kony \u00e1llaga \u00e9s azon tulajdons\u00e1ga, hogy a t\u00f6bbi hozz\u00e1val\u00f3val j\u00f3l \u00f6ssze\u00e1ll, lehet\u0151v\u00e9 teszi a cukr\u00e1szati \u00e9s p\u00e9kipari term\u00e9kek el\u0151\u00e1ll\u00edt\u00e1s\u00e1nak gyors\u00edt\u00e1s\u00e1t.<\/p>\n<p>[simple_tooltip content='A term\u00e9k nem tartalmaz tr\u00f3pusi zs\u00edrokat']<img loading=\"lazy\" decoding=\"async\" class=\"alignnone wp-image-10493 size-full\" src=\"https:\/\/kruszwicapro.com\/wp-content\/uploads\/2018\/03\/ico_rapeseedoil.png\" alt=\"\" width=\"64\" height=\"64\" \/>[\/simple_tooltip][:en]Liquid structure of this margarine and excellent blending with other ingredients enables faster production of confectionery and bakery products.<\/p>\n<p>[simple_tooltip content='The product contains no tropical fats.']<img loading=\"lazy\" decoding=\"async\" class=\"alignnone wp-image-10493 size-full\" src=\"https:\/\/kruszwicapro.com\/wp-content\/uploads\/2018\/03\/ico_rapeseedoil.png\" alt=\"\" width=\"64\" height=\"64\" \/>[\/simple_tooltip][:pl]P\u0142ynna konsystencja tej margaryny i doskona\u0142e \u0142\u0105czenie si\u0119 z pozosta\u0142ymi sk\u0142adnikami pozwala na przyspieszenie produkcji wyrob\u00f3w cukierniczych i piekarskich.<\/p>\n<p><img loading=\"lazy\" decoding=\"async\" class=\"alignnone wp-image-10495 size-full\" src=\"http:\/\/kruszwica.b2bpowergroup.com\/wp-content\/uploads\/2017\/09\/ico_nopalm.png\" alt=\"\" width=\"64\" height=\"64\" \/>[:]<\/p>\n","protected":false},"featured_media":12276,"template":"","meta":[],"product_brand":[],"product_cat":[596],"product_tag":[474],"class_list":{"0":"post-13252","1":"product","2":"type-product","3":"status-publish","4":"has-post-thumbnail","6":"product_cat-margaryny-sk","7":"product_tag-na-pecenie-sk-2","8":"pa_clean-label-nie-sk","9":"pa_consistency-plynna-sk","10":"pa_fat-content-453","11":"pa_fat-used-repkovy-2","12":"pa_free-from-preservatives-nie-sk-2","13":"pa_packaging-vedro-2","14":"pa_quantity-l-10-sk","15":"pa_rspo-certificate-nie-sk-2","16":"pa_segment-standard-2","17":"pa_tfa-2-2","18":"pa_with-added-butter-nie-sk","19":"pa_with-colorant-tak-sk","20":"pa_without-hydrogenated-fats-nie-sk","22":"first","23":"instock","24":"shipping-taxable","25":"product-type-simple"},"_links":{"self":[{"href":"https:\/\/kruszwicapro.com\/sk\/wp-json\/wp\/v2\/product\/13252","targetHints":{"allow":["GET"]}}],"collection":[{"href":"https:\/\/kruszwicapro.com\/sk\/wp-json\/wp\/v2\/product"}],"about":[{"href":"https:\/\/kruszwicapro.com\/sk\/wp-json\/wp\/v2\/types\/product"}],"wp:featuredmedia":[{"embeddable":true,"href":"https:\/\/kruszwicapro.com\/sk\/wp-json\/wp\/v2\/media\/12276"}],"wp:attachment":[{"href":"https:\/\/kruszwicapro.com\/sk\/wp-json\/wp\/v2\/media?parent=13252"}],"wp:term":[{"taxonomy":"product_brand","embeddable":true,"href":"https:\/\/kruszwicapro.com\/sk\/wp-json\/wp\/v2\/product_brand?post=13252"},{"taxonomy":"product_cat","embeddable":true,"href":"https:\/\/kruszwicapro.com\/sk\/wp-json\/wp\/v2\/product_cat?post=13252"},{"taxonomy":"product_tag","embeddable":true,"href":"https:\/\/kruszwicapro.com\/sk\/wp-json\/wp\/v2\/product_tag?post=13252"}],"curies":[{"name":"wp","href":"https:\/\/api.w.org\/{rel}","templated":true}]}}