{"id":13248,"date":"2017-09-22T19:14:07","date_gmt":"2017-09-22T19:14:07","guid":{"rendered":"https:\/\/kruszwicapro.com\/shop\/nezaraden\u00e9\/bolero-puff-pastry-hard-nh\/"},"modified":"2022-07-27T10:21:24","modified_gmt":"2022-07-27T10:21:24","slug":"bolero-puff-pastry-hard-nh","status":"publish","type":"product","link":"https:\/\/kruszwicapro.com\/sk\/obchod\/margaryny-sk\/bolero-puff-pastry-hard-nh\/","title":{"rendered":"Bolero Puff Pastry Hard NH"},"content":{"rendered":"<p>Ur\u010den\u00fd na v\u00fdrobu v\u0161etk\u00fdch druhov prekladan\u00fdch ciest (l\u00edstkov\u00e9ho aj p\u013eundrov\u00e9ho cesta).<\/p>\r\n<ul>\r\n\t<li><strong>Primeran\u00e9 l\u00edstkovanie cesta.<\/strong><\/li>\r\n\t<li><strong>Po\u017eadovan\u00e9 vykysnutie a tvar v\u00fdrobkov po upe\u010den\u00ed.<\/strong><\/li>\r\n<\/ul>\r\n<p class=\"p1\"><b><img loading=\"lazy\" decoding=\"async\" class=\"alignnone wp-image-10494 size-full\" src=\"https:\/\/kruszwicapro.com\/wp-content\/uploads\/2017\/09\/ico_nh.png\" alt=\"\" width=\"64\" height=\"64\" \/>NESTU\u017dEN\u00c9 TUKY \u2013 NOV\u00c1 KVALITA TUKOV<\/b><\/p>\r\n<p class=\"p1\">V potravin\u00e1rskom n\u00e1zvoslov\u00ed sa paralelne \u010dasto pou\u017e\u00edvaj\u00fa v\u00fdrazy: stu\u017een\u00e9 tuky, \u010diasto\u010dne stu\u017een\u00e9 tuky alebo hydrogenizovan\u00e9 tuky. V\u0161etky n\u00e1zvy sa t\u00fdkaj\u00fa rovnakej ingrediencie \u2013 tuku, ktor\u00fd v procese \u010diasto\u010dn\u00e9ho stu\u017eovania z\u00edskav\u00e1 pevn\u00fa text\u00faru. Pri \u010diasto\u010dnom stu\u017eovan\u00ed olejov sa m\u00f4\u017eu vytv\u00e1ra\u0165 zdraviu \u0161kodliv\u00e9 transmastn\u00e9 kyseliny.<\/p>\r\n<p class=\"p1\">Modernou met\u00f3dou v\u00fdroby tukov s pevnou konzistenciou je esterifik\u00e1cia. Po\u010das tohto procesu nedoch\u00e1dza k negat\u00edvnej zmene mastn\u00fdch kysel\u00edn na trans-izom\u00e9ry. Pomocou esterifik\u00e1cie olejov sa vyr\u00e1baj\u00fa kvalitn\u00e9 tuky, ktor\u00e9 obsahuj\u00fa stopov\u00e9 mno\u017estvo trans-izom\u00e9rov (&lt; 1 %) a s\u00fa v s\u00falade s modern\u00fdmi nutri\u010dn\u00fdmi odpor\u00fa\u010daniami.<\/p>","protected":false},"excerpt":{"rendered":"<p>Margar\u00edn ur\u010den\u00fd na v\u00fdrobu prekladan\u00fdch ciest. Najtvrd\u0161\u00ed v\u00fdrobok na pr\u00edpravu l\u00edstkuj\u00facich ciest v ponuke firmy Kruszwica.<\/p>\n[simple_tooltip content='V\u00fdrobok neobsahuje stu\u017een\u00e9 tuky']<img loading=\"lazy\" decoding=\"async\" class=\"alignnone wp-image-10493 size-full\" src=\"https:\/\/kruszwicapro.com\/wp-content\/uploads\/2017\/09\/ico_nh.png\" alt=\"\" width=\"64\" height=\"64\" \/>[\/simple_tooltip]\n","protected":false},"featured_media":12247,"template":"","meta":[],"product_brand":[],"product_cat":[596],"product_tag":[676],"class_list":{"0":"post-13248","1":"product","2":"type-product","3":"status-publish","4":"has-post-thumbnail","6":"product_cat-margaryny-sk","7":"product_tag-do-listkujuceho-cesta-sk","8":"pa_clean-label-nie-sk","9":"pa_consistency-tuha-2","10":"pa_fat-content-452","11":"pa_fat-used-palmowy-sk","12":"pa_fat-used-repkovy-2","13":"pa_free-from-preservatives-nie-sk-2","14":"pa_packaging-karton-2","15":"pa_quantity-kg-5x2-sk","16":"pa_rspo-certificate-nie-sk-2","17":"pa_segment-standard-2","18":"pa_tfa-2-2","19":"pa_with-added-butter-nie-sk","20":"pa_with-colorant-tak-sk","21":"pa_without-hydrogenated-fats-ano-sk","23":"first","24":"instock","25":"shipping-taxable","26":"product-type-simple"},"_links":{"self":[{"href":"https:\/\/kruszwicapro.com\/sk\/wp-json\/wp\/v2\/product\/13248","targetHints":{"allow":["GET"]}}],"collection":[{"href":"https:\/\/kruszwicapro.com\/sk\/wp-json\/wp\/v2\/product"}],"about":[{"href":"https:\/\/kruszwicapro.com\/sk\/wp-json\/wp\/v2\/types\/product"}],"wp:featuredmedia":[{"embeddable":true,"href":"https:\/\/kruszwicapro.com\/sk\/wp-json\/wp\/v2\/media\/12247"}],"wp:attachment":[{"href":"https:\/\/kruszwicapro.com\/sk\/wp-json\/wp\/v2\/media?parent=13248"}],"wp:term":[{"taxonomy":"product_brand","embeddable":true,"href":"https:\/\/kruszwicapro.com\/sk\/wp-json\/wp\/v2\/product_brand?post=13248"},{"taxonomy":"product_cat","embeddable":true,"href":"https:\/\/kruszwicapro.com\/sk\/wp-json\/wp\/v2\/product_cat?post=13248"},{"taxonomy":"product_tag","embeddable":true,"href":"https:\/\/kruszwicapro.com\/sk\/wp-json\/wp\/v2\/product_tag?post=13248"}],"curies":[{"name":"wp","href":"https:\/\/api.w.org\/{rel}","templated":true}]}}