{"id":13244,"date":"2017-09-22T21:10:02","date_gmt":"2017-09-22T21:10:02","guid":{"rendered":"https:\/\/kruszwicapro.com\/shop\/nezaraden\u00e9\/bolero-croissant\/"},"modified":"2022-07-27T10:18:17","modified_gmt":"2022-07-27T10:18:17","slug":"bolero-croissant","status":"publish","type":"product","link":"https:\/\/kruszwicapro.com\/sk\/obchod\/margaryny-sk\/bolero-croissant\/","title":{"rendered":"Bolero Croissant"},"content":{"rendered":"Margar\u00edn ur\u010den\u00fd na v\u00fdrobu prekladan\u00fdch ciest (l\u00edstkov\u00e9ho aj p\u013eundrov\u00e9ho cesta).\r\n<ul>\r\n \t<li><strong>Primeran\u00e9 l\u00edstkovanie cesta.<\/strong><\/li>\r\n \t<li><strong>Po\u017eadovan\u00e9 vykysnutie a tvar v\u00fdrobkov po upe\u010den\u00ed.<\/strong><\/li>\r\n<\/ul>","protected":false},"excerpt":{"rendered":"<p>Margar\u00edn ur\u010den\u00fd na v\u00fdrobu prekladan\u00fdch ciest.<\/p>\n","protected":false},"featured_media":12243,"template":"","meta":[],"product_brand":[],"product_cat":[596],"product_tag":[676],"class_list":{"0":"post-13244","1":"product","2":"type-product","3":"status-publish","4":"has-post-thumbnail","6":"product_cat-margaryny-sk","7":"product_tag-do-listkujuceho-cesta-sk","8":"pa_clean-label-nie-sk","9":"pa_consistency-tuha-2","10":"pa_fat-content-452","11":"pa_fat-used-kokosowy-sk-2","12":"pa_fat-used-palmowy-sk","13":"pa_fat-used-repkovy-2","14":"pa_free-from-preservatives-nie-sk-2","15":"pa_packaging-karton-2","16":"pa_quantity-kg-2x5-sk","17":"pa_rspo-certificate-nie-sk-2","18":"pa_segment-standard-2","19":"pa_tfa-2-2","20":"pa_with-added-butter-nie-sk","21":"pa_with-colorant-tak-sk","22":"pa_without-hydrogenated-fats-ano-sk","24":"first","25":"instock","26":"shipping-taxable","27":"product-type-simple"},"_links":{"self":[{"href":"https:\/\/kruszwicapro.com\/sk\/wp-json\/wp\/v2\/product\/13244","targetHints":{"allow":["GET"]}}],"collection":[{"href":"https:\/\/kruszwicapro.com\/sk\/wp-json\/wp\/v2\/product"}],"about":[{"href":"https:\/\/kruszwicapro.com\/sk\/wp-json\/wp\/v2\/types\/product"}],"wp:featuredmedia":[{"embeddable":true,"href":"https:\/\/kruszwicapro.com\/sk\/wp-json\/wp\/v2\/media\/12243"}],"wp:attachment":[{"href":"https:\/\/kruszwicapro.com\/sk\/wp-json\/wp\/v2\/media?parent=13244"}],"wp:term":[{"taxonomy":"product_brand","embeddable":true,"href":"https:\/\/kruszwicapro.com\/sk\/wp-json\/wp\/v2\/product_brand?post=13244"},{"taxonomy":"product_cat","embeddable":true,"href":"https:\/\/kruszwicapro.com\/sk\/wp-json\/wp\/v2\/product_cat?post=13244"},{"taxonomy":"product_tag","embeddable":true,"href":"https:\/\/kruszwicapro.com\/sk\/wp-json\/wp\/v2\/product_tag?post=13244"}],"curies":[{"name":"wp","href":"https:\/\/api.w.org\/{rel}","templated":true}]}}