{"id":13236,"date":"2017-09-22T21:19:26","date_gmt":"2017-09-22T21:19:26","guid":{"rendered":"https:\/\/kruszwicapro.com\/shop\/nezaraden\u00e9\/uniwersalna\/"},"modified":"2022-07-27T10:07:52","modified_gmt":"2022-07-27T10:07:52","slug":"uniwersalna","status":"publish","type":"product","link":"https:\/\/kruszwicapro.com\/sk\/obchod\/margaryny-sk\/uniwersalna\/","title":{"rendered":"Univerz\u00e1lny"},"content":{"rendered":"Plnotu\u010dn\u00fd margar\u00edn v 10 kg bloku, odpor\u00fa\u010da sa na r\u00f4znorod\u00e9 pek\u00e1rske a cukr\u00e1rske vyu\u017eitie.\r\n<ul>\r\n \t<li><strong>Univerz\u00e1lny margar\u00edn.<\/strong><\/li>\r\n \t<li><strong>\u013dahko sa prep\u00e1ja s ostatn\u00fdmi ingredienciami.<\/strong><\/li>\r\n<\/ul>","protected":false},"excerpt":{"rendered":"<p>Plnotu\u010dn\u00fd margar\u00edn v 10 kg bloku, odpor\u00fa\u010da sa na r\u00f4znorod\u00e9 pek\u00e1rske a cukr\u00e1rske vyu\u017eitie.<\/p>\n","protected":false},"featured_media":12306,"template":"","meta":[],"product_brand":[],"product_cat":[596],"product_tag":[474],"class_list":{"0":"post-13236","1":"product","2":"type-product","3":"status-publish","4":"has-post-thumbnail","6":"product_cat-margaryny-sk","7":"product_tag-na-pecenie-sk-2","8":"pa_clean-label-nie-sk","9":"pa_consistency-tuha-2","10":"pa_fat-content-452","11":"pa_fat-used-palmowy-sk","12":"pa_fat-used-repkovy-2","13":"pa_free-from-preservatives-tak-sk-2","14":"pa_packaging-karton-2","15":"pa_quantity-kg-10-sk","16":"pa_rspo-certificate-nie-sk-2","17":"pa_segment-ekonomiczny-sk","18":"pa_tfa-2-2","19":"pa_with-added-butter-nie-sk","20":"pa_with-colorant-tak-sk","21":"pa_without-hydrogenated-fats-nie-sk","23":"first","24":"instock","25":"shipping-taxable","26":"product-type-simple"},"_links":{"self":[{"href":"https:\/\/kruszwicapro.com\/sk\/wp-json\/wp\/v2\/product\/13236","targetHints":{"allow":["GET"]}}],"collection":[{"href":"https:\/\/kruszwicapro.com\/sk\/wp-json\/wp\/v2\/product"}],"about":[{"href":"https:\/\/kruszwicapro.com\/sk\/wp-json\/wp\/v2\/types\/product"}],"wp:featuredmedia":[{"embeddable":true,"href":"https:\/\/kruszwicapro.com\/sk\/wp-json\/wp\/v2\/media\/12306"}],"wp:attachment":[{"href":"https:\/\/kruszwicapro.com\/sk\/wp-json\/wp\/v2\/media?parent=13236"}],"wp:term":[{"taxonomy":"product_brand","embeddable":true,"href":"https:\/\/kruszwicapro.com\/sk\/wp-json\/wp\/v2\/product_brand?post=13236"},{"taxonomy":"product_cat","embeddable":true,"href":"https:\/\/kruszwicapro.com\/sk\/wp-json\/wp\/v2\/product_cat?post=13236"},{"taxonomy":"product_tag","embeddable":true,"href":"https:\/\/kruszwicapro.com\/sk\/wp-json\/wp\/v2\/product_tag?post=13236"}],"curies":[{"name":"wp","href":"https:\/\/api.w.org\/{rel}","templated":true}]}}