{"id":13232,"date":"2017-09-22T21:16:59","date_gmt":"2017-09-22T21:16:59","guid":{"rendered":"https:\/\/kruszwicapro.com\/shop\/nezaraden\u00e9\/milama-na-linecke-kolace-80\/"},"modified":"2022-07-27T10:04:12","modified_gmt":"2022-07-27T10:04:12","slug":"milama-na-linecke-kolace-80","status":"publish","type":"product","link":"https:\/\/kruszwicapro.com\/sk\/obchod\/margaryny-sk\/milama-na-linecke-kolace-80\/","title":{"rendered":"Milama na lineck\u00e9 kol\u00e1\u010de 80 %"},"content":{"rendered":"<p>Margar\u00edn ur\u010den\u00fd na v\u00fdrobu cukr\u00e1rskych a pek\u00e1rskych v\u00fdrobkov, najm\u00e4 na pe\u010denie lineck\u00e9ho cesta.<\/p>\r\n<ul>\r\n\t<li><strong>\u013dahko sa prep\u00e1ja s ostatn\u00fdmi ingredienciami.<\/strong><\/li>\r\n\t<li><strong>Primeran\u00e1 \u0161trukt\u00fara cukr\u00e1rskych a pek\u00e1rskych v\u00fdrobkov.<\/strong><\/li>\r\n<\/ul>","protected":false},"excerpt":{"rendered":"<p>Margar\u00edn ur\u010den\u00fd na v\u00fdrobu cukr\u00e1rskych a pek\u00e1rskych v\u00fdrobkov, najm\u00e4 na pe\u010denie lineck\u00e9ho cesta.<\/p>\n","protected":false},"featured_media":12282,"template":"","meta":[],"product_brand":[],"product_cat":[596],"product_tag":[474],"class_list":{"0":"post-13232","1":"product","2":"type-product","3":"status-publish","4":"has-post-thumbnail","6":"product_cat-margaryny-sk","7":"product_tag-na-pecenie-sk-2","8":"pa_clean-label-nie-sk","9":"pa_consistency-tuha-2","10":"pa_fat-content-452","11":"pa_fat-used-palmowy-sk","12":"pa_fat-used-repkovy-2","13":"pa_free-from-preservatives-nie-sk-2","14":"pa_packaging-karton-2","15":"pa_quantity-kg-10-sk","16":"pa_rspo-certificate-nie-sk-2","17":"pa_segment-ekonomiczny-sk","18":"pa_tfa-2-2","19":"pa_with-added-butter-nie-sk","20":"pa_with-colorant-tak-sk","21":"pa_without-hydrogenated-fats-nie-sk","23":"first","24":"instock","25":"shipping-taxable","26":"product-type-simple"},"_links":{"self":[{"href":"https:\/\/kruszwicapro.com\/sk\/wp-json\/wp\/v2\/product\/13232","targetHints":{"allow":["GET"]}}],"collection":[{"href":"https:\/\/kruszwicapro.com\/sk\/wp-json\/wp\/v2\/product"}],"about":[{"href":"https:\/\/kruszwicapro.com\/sk\/wp-json\/wp\/v2\/types\/product"}],"wp:featuredmedia":[{"embeddable":true,"href":"https:\/\/kruszwicapro.com\/sk\/wp-json\/wp\/v2\/media\/12282"}],"wp:attachment":[{"href":"https:\/\/kruszwicapro.com\/sk\/wp-json\/wp\/v2\/media?parent=13232"}],"wp:term":[{"taxonomy":"product_brand","embeddable":true,"href":"https:\/\/kruszwicapro.com\/sk\/wp-json\/wp\/v2\/product_brand?post=13232"},{"taxonomy":"product_cat","embeddable":true,"href":"https:\/\/kruszwicapro.com\/sk\/wp-json\/wp\/v2\/product_cat?post=13232"},{"taxonomy":"product_tag","embeddable":true,"href":"https:\/\/kruszwicapro.com\/sk\/wp-json\/wp\/v2\/product_tag?post=13232"}],"curies":[{"name":"wp","href":"https:\/\/api.w.org\/{rel}","templated":true}]}}