{"id":13228,"date":"2017-09-22T21:26:41","date_gmt":"2017-09-22T21:26:41","guid":{"rendered":"https:\/\/kruszwicapro.com\/shop\/nezaraden\u00e9\/qualito-sun\/"},"modified":"2022-07-27T10:00:50","modified_gmt":"2022-07-27T10:00:50","slug":"qualito-sun","status":"publish","type":"product","link":"https:\/\/kruszwicapro.com\/sk\/obchod\/olajsutokbe-hasznalatos-olajok-sk\/qualito-sun\/","title":{"rendered":"Qualito Sun"},"content":{"rendered":"<p>Vyroben\u00fd v\u00fdlu\u010dne z overen\u00fdch ingredienci\u00ed, ktor\u00e9 zaru\u010duj\u00fa po\u017eadovan\u00fa kvalitu. Ur\u010den\u00fd na vypr\u00e1\u017eanie \u0161i\u0161iek, f\u00e1nok a ven\u010dekov vo vysokej vrstve tuku. Dod\u00e1va im zlatist\u00fa farbu, pri\u010dom neovplyv\u0148uje chu\u0165 fin\u00e1lneho v\u00fdrobku.<\/p>\r\n<ul>\r\n\t<li><strong>Zlo\u017een\u00fd v\u00fdlu\u010dne z repkov\u00fdch a slne\u010dnicov\u00fdch olejov.<\/strong><\/li>\r\n\t<li><strong>Bez alerg\u00e9nov.<\/strong><\/li>\r\n\t<li><strong>Vysok\u00fd dymov\u00fd bod \u2013 nad 220 \u00b0C.<\/strong><\/li>\r\n\t<li><strong>Jednoduch\u00e9 d\u00e1vkovanie.<\/strong><\/li>\r\n\t<li><strong>V\u00fdhoda filtrovania pri n\u00edzkych teplot\u00e1ch.<\/strong><\/li>\r\n<\/ul>","protected":false},"excerpt":{"rendered":"<p>Fritovac\u00ed tuk ur\u010den\u00fd na vypr\u00e1\u017eanie vo vysokej vrstve tuku, vyroben\u00fd z repkov\u00e9ho a slne\u010dnicov\u00e9ho oleja.<\/p>\n[simple_tooltip content='V\u00fdrobok neobsahuje tropick\u00e9 tuky']<img loading=\"lazy\" decoding=\"async\" class=\"alignnone wp-image-10493 size-full\" src=\"https:\/\/kruszwicapro.com\/wp-content\/uploads\/2018\/03\/ico_rapeseedoil.png\" alt=\"\" width=\"64\" height=\"64\" \/>[\/simple_tooltip]\n[simple_tooltip content='Slne\u010dnicov\u00fd olej']<img loading=\"lazy\" decoding=\"async\" class=\"alignnone wp-image-10493 size-full\" src=\"https:\/\/kruszwicapro.com\/wp-content\/uploads\/2018\/03\/ico_sunfloweroil.png\" alt=\"\" width=\"64\" height=\"64\" \/>[\/simple_tooltip]\n","protected":false},"featured_media":12291,"template":"","meta":[],"product_brand":[],"product_cat":[518],"product_tag":[677],"class_list":{"0":"post-13228","1":"product","2":"type-product","3":"status-publish","4":"has-post-thumbnail","6":"product_cat-olajsutokbe-hasznalatos-olajok-sk","7":"product_tag-na-vyprazanie-vo-vysokej-vrstve-tuku-sk","8":"pa_consistency-plynna-sk","9":"pa_fat-content-454","10":"pa_fat-used-repkovy-2","11":"pa_fat-used-slnecnicovy-2","12":"pa_packaging-bag-in-box-sk","13":"pa_quantity-l-10-sk","14":"pa_rspo-certificate-nie-sk-2","15":"pa_segment-standard-2","16":"pa_smoke-point-220-c","17":"pa_tfa-441","18":"pa_without-hydrogenated-fats-nie-sk","20":"first","21":"instock","22":"shipping-taxable","23":"product-type-simple"},"_links":{"self":[{"href":"https:\/\/kruszwicapro.com\/sk\/wp-json\/wp\/v2\/product\/13228","targetHints":{"allow":["GET"]}}],"collection":[{"href":"https:\/\/kruszwicapro.com\/sk\/wp-json\/wp\/v2\/product"}],"about":[{"href":"https:\/\/kruszwicapro.com\/sk\/wp-json\/wp\/v2\/types\/product"}],"wp:featuredmedia":[{"embeddable":true,"href":"https:\/\/kruszwicapro.com\/sk\/wp-json\/wp\/v2\/media\/12291"}],"wp:attachment":[{"href":"https:\/\/kruszwicapro.com\/sk\/wp-json\/wp\/v2\/media?parent=13228"}],"wp:term":[{"taxonomy":"product_brand","embeddable":true,"href":"https:\/\/kruszwicapro.com\/sk\/wp-json\/wp\/v2\/product_brand?post=13228"},{"taxonomy":"product_cat","embeddable":true,"href":"https:\/\/kruszwicapro.com\/sk\/wp-json\/wp\/v2\/product_cat?post=13228"},{"taxonomy":"product_tag","embeddable":true,"href":"https:\/\/kruszwicapro.com\/sk\/wp-json\/wp\/v2\/product_tag?post=13228"}],"curies":[{"name":"wp","href":"https:\/\/api.w.org\/{rel}","templated":true}]}}