{"id":13223,"date":"2017-09-22T21:30:11","date_gmt":"2017-09-22T21:30:11","guid":{"rendered":"https:\/\/kruszwicapro.com\/shop\/nezaraden\u00e9\/top-q-5l\/"},"modified":"2022-07-26T10:53:20","modified_gmt":"2022-07-26T10:53:20","slug":"top-q-5l","status":"publish","type":"product","link":"https:\/\/kruszwicapro.com\/sk\/obchod\/oleje-sk\/top-q-5l\/","title":{"rendered":"Top Q (5 L)"},"content":{"rendered":"<div class=\"wpb-content-wrapper\"><p>[vc_row][vc_column][vc_column_text]\u0158epkov\u00fd olej TOP Q, to je l\u00e9ty prov\u011b\u0159en\u00e1 kvalita, nyn\u00ed s certifik\u00e1tem V-Label! V-label je rozpoznatelnou zna\u010dkou v\u00fdrobk\u016f, je\u017e jsou ur\u010deny vegetari\u00e1n\u016fm a\u00a0vegan\u016fm. Tento certifik\u00e1t poskytuje jistotu, \u017ee\u00a0samotn\u00fd v\u00fdrobek a tak\u00e9 jeho obal jsou zcela zbaveny jak\u00fdchkoliv slo\u017eek zv\u00ed\u0159ec\u00edho p\u016fvodu. D\u00e1v\u00e1 to\u00a0jistotu, \u017ee Top\u00a0Q spl\u0148uje nejvy\u0161\u0161\u00ed standardy a m\u016f\u017ee b\u00fdt bezpe\u010dn\u011b pou\u017e\u00edv\u00e1n v ka\u017ed\u00e9 kuchyni! Na sma\u017een\u00ed, va\u0159en\u00ed a pe\u010den\u00ed. Osv\u011bd\u010duje se jak v masit\u00fdch, tak vegansk\u00fdch pokrmech. Pro pou\u017eit\u00ed v tepl\u00e9 i studen\u00e9 kuchyni<\/p>\r\n<p>VLASTNOSTI:<\/p>\r\n<ul>\r\n\t<li><strong>D\u00edky kompozici mastn\u00fdch kyselin si d\u00e9le uchov\u00e1v\u00e1 sv\u00e9 vlastnosti.<\/strong><\/li>\r\n\t<li><strong>Vysok\u00fd kou\u0159ov\u00fd bod, kter\u00fd je nad 240\u00a0\u00b0C umo\u017e\u0148uje jeho pou\u017e\u00edv\u00e1n\u00ed v \u0161irok\u00e9m rozsahu teplot.<\/strong><\/li>\r\n\t<li><strong>Jako zdroj omega-3 a omega-6 mastn\u00fdch kyselin a tak\u00e9 vitam\u00edn\u016f\u00a0A, D, E a K podporuje spr\u00e1vnou funkci cel\u00e9ho organismu.<\/strong><\/li>\r\n<\/ul>\r\n<p>V\u00ddSLEDEK:<\/p>\r\n<ul>\r\n\t<li><strong>P\u0159\u00edrodn\u00ed chu\u0165 a aroma.<\/strong><\/li>\r\n\t<li><strong>Vysok\u00fd pracovn\u00ed komfort.<\/strong><\/li>\r\n\t<li><strong>Umo\u017e\u0148uje sma\u017een\u00ed v\u011bt\u0161\u00edho po\u010dtu j\u00eddel.<\/strong><\/li>\r\n<\/ul>\r\n<p>[\/vc_column_text][\/vc_column][\/vc_row]<\/p><\/div>","protected":false},"excerpt":{"rendered":"<p>Repkov\u00fd olej ur\u010den\u00fd na v\u00fdrobu cukr\u00e1rskych a pek\u00e1rskych v\u00fdrobkov, najm\u00e4 na pe\u010denie tukov\u00fdch pi\u0161k\u00f3tov\u00fdch v\u00fdrobkov, sladk\u00e9ho pe\u010diva z kysnut\u00e9ho cesta, ako aj cukr\u00e1rskych a pek\u00e1rskych zmes\u00ed.<\/p>\n","protected":false},"featured_media":13653,"template":"","meta":[],"product_brand":[],"product_cat":[534],"product_tag":[474],"class_list":{"0":"post-13223","1":"product","2":"type-product","3":"status-publish","4":"has-post-thumbnail","6":"product_cat-oleje-sk","7":"product_tag-na-pecenie-sk-2","8":"pa_clean-label-ano","9":"pa_consistency-plynna-sk","10":"pa_fat-content-454","11":"pa_fat-used-repkovy-2","12":"pa_packaging-flasa-2","13":"pa_quantity-l-5-sk","14":"pa_segment-ekonomiczny-sk","15":"pa_without-hydrogenated-fats-ano-sk","17":"first","18":"instock","19":"shipping-taxable","20":"product-type-simple"},"_links":{"self":[{"href":"https:\/\/kruszwicapro.com\/sk\/wp-json\/wp\/v2\/product\/13223","targetHints":{"allow":["GET"]}}],"collection":[{"href":"https:\/\/kruszwicapro.com\/sk\/wp-json\/wp\/v2\/product"}],"about":[{"href":"https:\/\/kruszwicapro.com\/sk\/wp-json\/wp\/v2\/types\/product"}],"wp:featuredmedia":[{"embeddable":true,"href":"https:\/\/kruszwicapro.com\/sk\/wp-json\/wp\/v2\/media\/13653"}],"wp:attachment":[{"href":"https:\/\/kruszwicapro.com\/sk\/wp-json\/wp\/v2\/media?parent=13223"}],"wp:term":[{"taxonomy":"product_brand","embeddable":true,"href":"https:\/\/kruszwicapro.com\/sk\/wp-json\/wp\/v2\/product_brand?post=13223"},{"taxonomy":"product_cat","embeddable":true,"href":"https:\/\/kruszwicapro.com\/sk\/wp-json\/wp\/v2\/product_cat?post=13223"},{"taxonomy":"product_tag","embeddable":true,"href":"https:\/\/kruszwicapro.com\/sk\/wp-json\/wp\/v2\/product_tag?post=13223"}],"curies":[{"name":"wp","href":"https:\/\/api.w.org\/{rel}","templated":true}]}}