{"id":13209,"date":"2017-10-25T12:52:58","date_gmt":"2017-10-25T12:52:58","guid":{"rendered":"https:\/\/kruszwicapro.com\/shop\/nezaraden\u00e9\/selecta-mb\/"},"modified":"2022-07-26T11:30:15","modified_gmt":"2022-07-26T11:30:15","slug":"selecta-mb","status":"publish","type":"product","link":"https:\/\/kruszwicapro.com\/sk\/obchod\/margaryny-sk\/selecta-mb\/","title":{"rendered":"Selecta MB"},"content":{"rendered":"<div class=\"wpb-content-wrapper\"><p>[vc_row][vc_column][vc_column_text]<\/p>\r\n<p>Ur\u010den\u00fd na pe\u010denie a v\u00fdrobu kr\u00e9mov. Univerz\u00e1lny margar\u00edn zlo\u017een\u00fd z minim\u00e1lneho po\u010dtu ingredienci\u00ed: palmov\u00e9ho tuku, repkov\u00e9ho oleja a vody. Starostlivo vybran\u00e1 recept\u00fara v\u00fdrazne obmedzuje d\u013a\u017eku zlo\u017eenia hotov\u00e9ho v\u00fdrobku. Bez obsahu pr\u00eddavn\u00fdch l\u00e1tok.<\/p>\r\n<ul>\r\n\t<li><strong>Len 3 zlo\u017eky recept\u00fary.<\/strong><\/li>\r\n\t<li><strong>Bez konzerva\u010dn\u00fdch l\u00e1tok, ar\u00f3m, farb\u00edv a soli.<\/strong><\/li>\r\n\t<li><strong>Bez stu\u017een\u00fdch tukov &#8211; NH.<\/strong><\/li>\r\n\t<li><strong>Primeran\u00e1 plasticita \u2013 z\u00e1ruka ve\u013ek\u00e9ho objemu v\u00fdrobkov.<\/strong><\/li>\r\n\t<li><strong>Pevn\u00e1 \u0161trukt\u00fara v\u010faka skvelej schopnosti prevzdu\u0161\u0148ovania (aer\u00e1cie).<\/strong><\/li>\r\n\t<li><strong>Spojenie vlastnost\u00ed margar\u00ednu na pe\u010denie \u0161irokej \u0161k\u00e1ly ciest a vlastnost\u00ed kr\u00e9mov\u00e9ho margar\u00ednu.<\/strong><\/li>\r\n<\/ul>\r\n<p class=\"p1\"><strong><img loading=\"lazy\" decoding=\"async\" class=\"alignnone wp-image-10493 size-full\" src=\"https:\/\/kruszwicapro.com\/wp-content\/uploads\/2017\/09\/ico_mb.png\" alt=\"\" width=\"64\" height=\"64\" \/><\/strong><strong>MASS BALANCE<\/strong><\/p>\r\n<p>Z\u00edsk\u00e1vanie oleja z palmy je kontroverzn\u00e9, lebo sa sp\u00e1ja s ileg\u00e1lnym v\u00fdrubom da\u017e\u010fov\u00fdch pralesov kv\u00f4li pestovaniu palmy olejovej. Sme l\u00eddrom na trhu s olejmi a rastlinn\u00fdmi tukmi, proto c\u00edtime zodpovednos\u0165 za udr\u017eate\u013en\u00fd rozvoj po\u013enohospod\u00e1rstva. Spolupracujeme s dod\u00e1vate\u013emi palmov\u00e9ho oleja z plant\u00e1\u017e\u00ed, ktor\u00e9 neprispievaj\u00fa k ni\u010deniu pr\u00edrodn\u00fdch ekosyst\u00e9mov a nemaj\u00fa negat\u00edvny dopad na obyvate\u013estvo z danej oblasti. Podporujeme koncepciu syst\u00e9mu certifik\u00e1cie v\u00fdrobkov The Roundtable on Sustainable Palma Oil (RSPO). Dod\u00e1v\u00e1me v\u00fdrobky obsahuj\u00face palmov\u00fd olej s certifik\u00e1tom Mass Balance a certifik\u00e1tom Segregate.<\/p>\r\n<p class=\"p1\"><b><img loading=\"lazy\" decoding=\"async\" class=\"alignnone wp-image-10494 size-full\" src=\"https:\/\/kruszwicapro.com\/wp-content\/uploads\/2017\/09\/ico_nh.png\" alt=\"\" width=\"64\" height=\"64\" \/>NESTU\u017dEN\u00c9 TUKY \u2013 NOV\u00c1 KVALITA TUKOV<\/b><\/p>\r\n<p class=\"p1\">V potravin\u00e1rskom n\u00e1zvoslov\u00ed sa paralelne \u010dasto pou\u017e\u00edvaj\u00fa v\u00fdrazy: stu\u017een\u00e9 tuky, \u010diasto\u010dne stu\u017een\u00e9 tuky alebo hydrogenizovan\u00e9 tuky. V\u0161etky n\u00e1zvy sa t\u00fdkaj\u00fa rovnakej ingrediencie \u2013 tuku, ktor\u00fd v procese \u010diasto\u010dn\u00e9ho stu\u017eovania z\u00edskav\u00e1 pevn\u00fa text\u00faru. Pri \u010diasto\u010dnom stu\u017eovan\u00ed olejov sa m\u00f4\u017eu vytv\u00e1ra\u0165 zdraviu \u0161kodliv\u00e9 transmastn\u00e9 kyseliny.<\/p>\r\n<p class=\"p1\">Modernou met\u00f3dou v\u00fdroby tukov s pevnou konzistenciou je esterifik\u00e1cia. Po\u010das tohto procesu nedoch\u00e1dza k negat\u00edvnej zmene mastn\u00fdch kysel\u00edn na trans-izom\u00e9ry. Pomocou esterifik\u00e1cie olejov sa vyr\u00e1baj\u00fa kvalitn\u00e9 tuky, ktor\u00e9 obsahuj\u00fa stopov\u00e9 mno\u017estvo trans-izom\u00e9rov (&lt; 1 %) a s\u00fa v s\u00falade s modern\u00fdmi nutri\u010dn\u00fdmi odpor\u00fa\u010daniami.<\/p>\r\n<p>[\/vc_column_text][\/vc_column][\/vc_row]<\/p><\/div>","protected":false},"excerpt":{"rendered":"<p>Selecta MB je prv\u00fd profesion\u00e1lny margar\u00edn bez obsahu pr\u00eddavn\u00fdch l\u00e1tok na trhu, ur\u010den\u00fd na cukr\u00e1rsku v\u00fdrobu. V\u00fdrobok m\u00e1 &#8222;\u010dist\u00e9 a kr\u00e1tke zlo\u017eenie&#8220;, zalo\u017een\u00e9 na troch ingredienci\u00e1ch: repkovom oleji, palmovom tuku a vode. Neobsahuje konzerva\u010dn\u00e9 l\u00e1tky ani farbiv\u00e1.<\/p>\n[simple_tooltip content='V\u00fdrobok neobsahuje stu\u017een\u00e9 tuky']<img loading=\"lazy\" decoding=\"async\" class=\"alignnone wp-image-10493 size-full\" src=\"https:\/\/kruszwicapro.com\/wp-content\/uploads\/2017\/09\/ico_nh.png\" alt=\"\" width=\"64\" height=\"64\" \/>[\/simple_tooltip]\n[simple_tooltip content='Na v\u00fdrobu bol pou\u017eit\u00fd palmov\u00fd olej s certifik\u00e1tom Mass Balance']<img loading=\"lazy\" decoding=\"async\" class=\"alignnone wp-image-10493 size-full\" src=\"https:\/\/kruszwicapro.com\/wp-content\/uploads\/2017\/09\/ico_mb.png\" alt=\"\" width=\"64\" height=\"64\" \/>[\/simple_tooltip]\n[simple_tooltip content='V\u00fdrobok bez obsahu konzerva\u010dn\u00fdch l\u00e1tok, farb\u00edv a ar\u00f3m. Obsahuje len 3 zlo\u017eky (bez pr\u00eddavn\u00fdch l\u00e1tok)']<img loading=\"lazy\" decoding=\"async\" class=\"alignnone wp-image-10493 size-full\" src=\"https:\/\/kruszwicapro.com\/wp-content\/uploads\/2018\/03\/ico_short.png\" alt=\"\" width=\"64\" height=\"64\" \/>[\/simple_tooltip]\n","protected":false},"featured_media":12294,"template":"","meta":[],"product_brand":[],"product_cat":[596],"product_tag":[471,474],"class_list":{"0":"post-13209","1":"product","2":"type-product","3":"status-publish","4":"has-post-thumbnail","6":"product_cat-margaryny-sk","7":"product_tag-do-kremov-sk","8":"product_tag-na-pecenie-sk-2","9":"pa_clean-label-ano","10":"pa_consistency-tuha-2","11":"pa_fat-content-452","12":"pa_fat-used-palmowy-sk","13":"pa_fat-used-repkovy-2","14":"pa_free-from-preservatives-tak-sk-2","15":"pa_packaging-karton-2","16":"pa_quantity-kg-10-sk","17":"pa_rspo-certificate-ano","18":"pa_segment-premium-2","19":"pa_tfa-441","20":"pa_with-added-butter-nie-sk","21":"pa_with-colorant-nie-sk","22":"pa_without-hydrogenated-fats-ano-sk","24":"first","25":"instock","26":"shipping-taxable","27":"product-type-simple"},"_links":{"self":[{"href":"https:\/\/kruszwicapro.com\/sk\/wp-json\/wp\/v2\/product\/13209","targetHints":{"allow":["GET"]}}],"collection":[{"href":"https:\/\/kruszwicapro.com\/sk\/wp-json\/wp\/v2\/product"}],"about":[{"href":"https:\/\/kruszwicapro.com\/sk\/wp-json\/wp\/v2\/types\/product"}],"wp:featuredmedia":[{"embeddable":true,"href":"https:\/\/kruszwicapro.com\/sk\/wp-json\/wp\/v2\/media\/12294"}],"wp:attachment":[{"href":"https:\/\/kruszwicapro.com\/sk\/wp-json\/wp\/v2\/media?parent=13209"}],"wp:term":[{"taxonomy":"product_brand","embeddable":true,"href":"https:\/\/kruszwicapro.com\/sk\/wp-json\/wp\/v2\/product_brand?post=13209"},{"taxonomy":"product_cat","embeddable":true,"href":"https:\/\/kruszwicapro.com\/sk\/wp-json\/wp\/v2\/product_cat?post=13209"},{"taxonomy":"product_tag","embeddable":true,"href":"https:\/\/kruszwicapro.com\/sk\/wp-json\/wp\/v2\/product_tag?post=13209"}],"curies":[{"name":"wp","href":"https:\/\/api.w.org\/{rel}","templated":true}]}}