{"id":13201,"date":"2017-10-23T07:00:21","date_gmt":"2017-10-23T07:00:21","guid":{"rendered":"https:\/\/kruszwicapro.com\/shop\/nezaraden\u00e9\/maestra-cukiernicza-nh-mb\/"},"modified":"2026-01-14T13:57:41","modified_gmt":"2026-01-14T13:57:41","slug":"maestra-cukiernicza-nh-mb","status":"publish","type":"product","link":"https:\/\/kruszwicapro.com\/sk\/obchod\/margaryny-sk\/maestra-cukiernicza-nh-mb\/","title":{"rendered":"Maestra Cukr\u00e1rska NH MB"},"content":{"rendered":"<div class=\"wpb-content-wrapper\"><p>[vc_row][vc_column][vc_column_text]<\/p>\r\n<p>Obohaten\u00fd lecit\u00ednom a betakarot\u00e9nom, bez obsahu stu\u017een\u00fdch tukov, ktor\u00fdm sa vyh\u00fdbaj\u00fa spotrebitelia v r\u00e1mci vedom\u00e9ho stravovania. Zv\u00e4\u010d\u0161uje objem v\u00fdrobkov a dod\u00e1va im jemn\u00fa \u0161trukt\u00faru, dobre sa \u0161\u013eah\u00e1.<\/p>\r\n<ul>\r\n\t<li><strong>Bez stu\u017een\u00fdch tukov &#8211; NH.<\/strong><\/li>\r\n\t<li><strong>Bez konzerva\u010dn\u00fdch l\u00e1tok a umel\u00fdch ar\u00f3m.<\/strong><\/li>\r\n\t<li><strong>Dokonal\u00e1 schopnos\u0165 prevzdu\u0161\u0148ovania (aer\u00e1cie).<\/strong><\/li>\r\n\t<li><strong>Primeran\u00e1 \u0161trukt\u00fara cukr\u00e1rskych a pek\u00e1rskych v\u00fdrobkov.<\/strong><\/li>\r\n\t<li><strong>V\u00fdnimo\u010dn\u00e1 chu\u0165 a v\u00f4\u0148a hotov\u00e9ho v\u00fdrobku.&#8220;<\/strong><\/li>\r\n<\/ul>\r\n<p class=\"p1\"><strong><img loading=\"lazy\" decoding=\"async\" class=\"alignnone wp-image-10493 size-full\" src=\"https:\/\/kruszwicapro.com\/wp-content\/uploads\/2017\/09\/ico_mb.png\" alt=\"\" width=\"64\" height=\"64\" \/><\/strong><strong>MASS BALANCE<\/strong><\/p>\r\n<p>Z\u00edsk\u00e1vanie oleja z palmy je kontroverzn\u00e9, lebo sa sp\u00e1ja s ileg\u00e1lnym v\u00fdrubom da\u017e\u010fov\u00fdch pralesov kv\u00f4li pestovaniu palmy olejovej. Sme l\u00eddrom na trhu s olejmi a rastlinn\u00fdmi tukmi, proto c\u00edtime zodpovednos\u0165 za udr\u017eate\u013en\u00fd rozvoj po\u013enohospod\u00e1rstva. Spolupracujeme s dod\u00e1vate\u013emi palmov\u00e9ho oleja z plant\u00e1\u017e\u00ed, ktor\u00e9 neprispievaj\u00fa k ni\u010deniu pr\u00edrodn\u00fdch ekosyst\u00e9mov a nemaj\u00fa negat\u00edvny dopad na obyvate\u013estvo z danej oblasti. Podporujeme koncepciu syst\u00e9mu certifik\u00e1cie v\u00fdrobkov The Roundtable on Sustainable Palma Oil (RSPO). Dod\u00e1v\u00e1me v\u00fdrobky obsahuj\u00face palmov\u00fd olej s certifik\u00e1tom Mass Balance a certifik\u00e1tom Segregate.<\/p>\r\n<p class=\"p1\"><b><img loading=\"lazy\" decoding=\"async\" class=\"alignnone wp-image-10494 size-full\" src=\"https:\/\/kruszwicapro.com\/wp-content\/uploads\/2017\/09\/ico_nh.png\" alt=\"\" width=\"64\" height=\"64\" \/>NESTU\u017dEN\u00c9 TUKY \u2013 NOV\u00c1 KVALITA TUKOV<\/b><\/p>\r\n<p class=\"p1\">V potravin\u00e1rskom n\u00e1zvoslov\u00ed sa paralelne \u010dasto pou\u017e\u00edvaj\u00fa v\u00fdrazy: stu\u017een\u00e9 tuky, \u010diasto\u010dne stu\u017een\u00e9 tuky alebo hydrogenizovan\u00e9 tuky. V\u0161etky n\u00e1zvy sa t\u00fdkaj\u00fa rovnakej ingrediencie \u2013 tuku, ktor\u00fd v procese \u010diasto\u010dn\u00e9ho stu\u017eovania z\u00edskav\u00e1 pevn\u00fa text\u00faru. Pri \u010diasto\u010dnom stu\u017eovan\u00ed olejov sa m\u00f4\u017eu vytv\u00e1ra\u0165 zdraviu \u0161kodliv\u00e9 transmastn\u00e9 kyseliny.<\/p>\r\n<p class=\"p1\">Modernou met\u00f3dou v\u00fdroby tukov s pevnou konzistenciou je esterifik\u00e1cia. Po\u010das tohto procesu nedoch\u00e1dza k negat\u00edvnej zmene mastn\u00fdch kysel\u00edn na trans-izom\u00e9ry. Pomocou esterifik\u00e1cie olejov sa vyr\u00e1baj\u00fa kvalitn\u00e9 tuky, ktor\u00e9 obsahuj\u00fa stopov\u00e9 mno\u017estvo trans-izom\u00e9rov (&lt; 1 %) a s\u00fa v s\u00falade s modern\u00fdmi nutri\u010dn\u00fdmi odpor\u00fa\u010daniami.<\/p>\r\n<p>[\/vc_column_text][\/vc_column][\/vc_row]<\/p><\/div>","protected":false},"excerpt":{"rendered":"<p>Najkvalitnej\u0161\u00ed cukr\u00e1rsky margar\u00edn bez obsahu stu\u017een\u00fdch tukov. M\u00e1 skvel\u00fa konzistenciu a v\u00fdrobkom dod\u00e1va t\u00fa spr\u00e1vnu \u0161trukt\u00faru.<\/p>\n[simple_tooltip content='V\u00fdrobok neobsahuje stu\u017een\u00e9 tuky']<img loading=\"lazy\" decoding=\"async\" class=\"alignnone wp-image-10493 size-full\" src=\"https:\/\/kruszwicapro.com\/wp-content\/uploads\/2017\/09\/ico_nh.png\" alt=\"\" width=\"64\" height=\"64\" \/>[\/simple_tooltip]\n[simple_tooltip content='Na v\u00fdrobu bol pou\u017eit\u00fd palmov\u00fd olej s certifik\u00e1tom Mass Balance']<img loading=\"lazy\" decoding=\"async\" class=\"alignnone wp-image-10493 size-full\" src=\"https:\/\/kruszwicapro.com\/wp-content\/uploads\/2017\/09\/ico_mb.png\" alt=\"\" width=\"64\" height=\"64\" \/>[\/simple_tooltip]\n","protected":false},"featured_media":12255,"template":"","meta":[],"product_brand":[],"product_cat":[596],"product_tag":[471,474],"class_list":{"0":"post-13201","1":"product","2":"type-product","3":"status-publish","4":"has-post-thumbnail","6":"product_cat-margaryny-sk","7":"product_tag-do-kremov-sk","8":"product_tag-na-pecenie-sk-2","9":"pa_clean-label-nie-sk","10":"pa_consistency-tuha-2","11":"pa_fat-content-452","12":"pa_fat-used-kokosowy-sk-2","13":"pa_fat-used-palmowy-sk","14":"pa_fat-used-repkovy-2","15":"pa_free-from-preservatives-tak-sk-2","16":"pa_packaging-karton-2","17":"pa_quantity-kg-10-sk","18":"pa_rspo-certificate-ano","19":"pa_segment-premium-2","20":"pa_tfa-441","21":"pa_with-added-butter-nie-sk","22":"pa_with-colorant-tak-sk","23":"pa_without-hydrogenated-fats-ano-sk","25":"first","26":"instock","27":"shipping-taxable","28":"product-type-simple"},"_links":{"self":[{"href":"https:\/\/kruszwicapro.com\/sk\/wp-json\/wp\/v2\/product\/13201","targetHints":{"allow":["GET"]}}],"collection":[{"href":"https:\/\/kruszwicapro.com\/sk\/wp-json\/wp\/v2\/product"}],"about":[{"href":"https:\/\/kruszwicapro.com\/sk\/wp-json\/wp\/v2\/types\/product"}],"wp:featuredmedia":[{"embeddable":true,"href":"https:\/\/kruszwicapro.com\/sk\/wp-json\/wp\/v2\/media\/12255"}],"wp:attachment":[{"href":"https:\/\/kruszwicapro.com\/sk\/wp-json\/wp\/v2\/media?parent=13201"}],"wp:term":[{"taxonomy":"product_brand","embeddable":true,"href":"https:\/\/kruszwicapro.com\/sk\/wp-json\/wp\/v2\/product_brand?post=13201"},{"taxonomy":"product_cat","embeddable":true,"href":"https:\/\/kruszwicapro.com\/sk\/wp-json\/wp\/v2\/product_cat?post=13201"},{"taxonomy":"product_tag","embeddable":true,"href":"https:\/\/kruszwicapro.com\/sk\/wp-json\/wp\/v2\/product_tag?post=13201"}],"curies":[{"name":"wp","href":"https:\/\/api.w.org\/{rel}","templated":true}]}}