{"id":13197,"date":"2017-10-24T15:29:11","date_gmt":"2017-10-24T15:29:11","guid":{"rendered":"https:\/\/kruszwicapro.com\/shop\/nezaraden\u00e9\/maestra-cukiernicza-mb\/"},"modified":"2022-07-27T09:48:57","modified_gmt":"2022-07-27T09:48:57","slug":"maestra-cukiernicza-mb","status":"publish","type":"product","link":"https:\/\/kruszwicapro.com\/sk\/obchod\/margaryny-sk\/maestra-cukiernicza-mb\/","title":{"rendered":"Maestra Cukr\u00e1rska MB"},"content":{"rendered":"<div class=\"wpb-content-wrapper\"><p>[vc_row][vc_column][vc_column_text]<\/p>\r\n<p>V\u010faka v\u00fdnimo\u010dnej ar\u00f3me dod\u00e1va hotov\u00fdm v\u00fdrobkom po\u017eadovan\u00fa chu\u0165 a v\u00f4\u0148u. Skvele sa prep\u00e1ja s maslom a ostatn\u00fdmi pr\u00edsadami, a t\u00fdm zv\u00e4\u010d\u0161uje objem v\u00fdrobkov.<\/p>\r\n<ul>\r\n\t<li><strong>Bez konzerva\u010dn\u00fdch l\u00e1tok a umel\u00fdch ar\u00f3m.<\/strong><\/li>\r\n\t<li><strong>Ve\u013emi \u013eahko sa prep\u00e1ja s maslom a ostatn\u00fdmi pr\u00edsadami.<\/strong><\/li>\r\n\t<li><strong>Dokonal\u00e1 schopnos\u0165 prevzdu\u0161\u0148ovania (aer\u00e1cie).<\/strong><\/li>\r\n\t<li><strong>Primeran\u00e1 \u0161trukt\u00fara cukr\u00e1rskych a pek\u00e1rskych v\u00fdrobkov.<\/strong><\/li>\r\n\t<li><strong>V\u00fdnimo\u010dn\u00e1 chu\u0165 a v\u00f4\u0148a hotov\u00e9ho v\u00fdrobku.<\/strong><\/li>\r\n\t<li><strong>Skvel\u00e1 na pr\u00edpravu kr\u00e9mov a na pe\u010denie \u0161irokej \u0161k\u00e1ly v\u00fdrobkov.<\/strong><\/li>\r\n<\/ul>\r\n<p class=\"p1\"><strong><img loading=\"lazy\" decoding=\"async\" class=\"alignnone wp-image-10493 size-full\" src=\"https:\/\/kruszwicapro.com\/wp-content\/uploads\/2017\/09\/ico_mb.png\" alt=\"\" width=\"64\" height=\"64\" \/><\/strong><strong>MASS BALANCE<\/strong><\/p>\r\n<p>Z\u00edsk\u00e1vanie oleja z palmy je kontroverzn\u00e9, lebo sa sp\u00e1ja s ileg\u00e1lnym v\u00fdrubom da\u017e\u010fov\u00fdch pralesov kv\u00f4li pestovaniu palmy olejovej. Sme l\u00eddrom na trhu s olejmi a rastlinn\u00fdmi tukmi, proto c\u00edtime zodpovednos\u0165 za udr\u017eate\u013en\u00fd rozvoj po\u013enohospod\u00e1rstva. Spolupracujeme s dod\u00e1vate\u013emi palmov\u00e9ho oleja z plant\u00e1\u017e\u00ed, ktor\u00e9 neprispievaj\u00fa k ni\u010deniu pr\u00edrodn\u00fdch ekosyst\u00e9mov a nemaj\u00fa negat\u00edvny dopad na obyvate\u013estvo z danej oblasti. Podporujeme koncepciu syst\u00e9mu certifik\u00e1cie v\u00fdrobkov The Roundtable on Sustainable Palma Oil (RSPO). Dod\u00e1v\u00e1me v\u00fdrobky obsahuj\u00face palmov\u00fd olej s certifik\u00e1tom Mass Balance a certifik\u00e1tom Segregate.<\/p>\r\n<p>[\/vc_column_text][\/vc_column][\/vc_row]<\/p><\/div>","protected":false},"excerpt":{"rendered":"<p>Maestra Cukr\u00e1rska MB je skvelou vo\u013ebou pre profesion\u00e1lov, ktor\u00ed vedia oceni\u0165 najvy\u0161\u0161iu kvalitu. Margar\u00edn v sebe sp\u00e1ja naj\u017eiadanej\u0161ie vlastnosti margar\u00ednu na pe\u010denie a na pr\u00edpravu kr\u00e9mov.<\/p>\n[simple_tooltip content='Na v\u00fdrobu bol pou\u017eit\u00fd palmov\u00fd olej s certifik\u00e1tom Mass Balance']<img loading=\"lazy\" decoding=\"async\" class=\"alignnone wp-image-10493 size-full\" src=\"https:\/\/kruszwicapro.com\/wp-content\/uploads\/2017\/09\/ico_mb.png\" alt=\"\" width=\"64\" height=\"64\" \/>[\/simple_tooltip]\n","protected":false},"featured_media":12251,"template":"","meta":[],"product_brand":[],"product_cat":[596],"product_tag":[471,474],"class_list":{"0":"post-13197","1":"product","2":"type-product","3":"status-publish","4":"has-post-thumbnail","6":"product_cat-margaryny-sk","7":"product_tag-do-kremov-sk","8":"product_tag-na-pecenie-sk-2","9":"pa_clean-label-nie-sk","10":"pa_consistency-tuha-2","11":"pa_fat-content-452","12":"pa_fat-used-kokosowy-sk-2","13":"pa_fat-used-palmowy-sk","14":"pa_fat-used-repkovy-2","15":"pa_free-from-preservatives-tak-sk-2","16":"pa_packaging-karton-2","17":"pa_quantity-kg-2x5-sk","18":"pa_rspo-certificate-ano","19":"pa_segment-premium-2","20":"pa_tfa-2-2","21":"pa_with-added-butter-nie-sk","22":"pa_with-colorant-tak-sk","23":"pa_without-hydrogenated-fats-nie-sk","25":"first","26":"instock","27":"shipping-taxable","28":"product-type-simple"},"_links":{"self":[{"href":"https:\/\/kruszwicapro.com\/sk\/wp-json\/wp\/v2\/product\/13197","targetHints":{"allow":["GET"]}}],"collection":[{"href":"https:\/\/kruszwicapro.com\/sk\/wp-json\/wp\/v2\/product"}],"about":[{"href":"https:\/\/kruszwicapro.com\/sk\/wp-json\/wp\/v2\/types\/product"}],"wp:featuredmedia":[{"embeddable":true,"href":"https:\/\/kruszwicapro.com\/sk\/wp-json\/wp\/v2\/media\/12251"}],"wp:attachment":[{"href":"https:\/\/kruszwicapro.com\/sk\/wp-json\/wp\/v2\/media?parent=13197"}],"wp:term":[{"taxonomy":"product_brand","embeddable":true,"href":"https:\/\/kruszwicapro.com\/sk\/wp-json\/wp\/v2\/product_brand?post=13197"},{"taxonomy":"product_cat","embeddable":true,"href":"https:\/\/kruszwicapro.com\/sk\/wp-json\/wp\/v2\/product_cat?post=13197"},{"taxonomy":"product_tag","embeddable":true,"href":"https:\/\/kruszwicapro.com\/sk\/wp-json\/wp\/v2\/product_tag?post=13197"}],"curies":[{"name":"wp","href":"https:\/\/api.w.org\/{rel}","templated":true}]}}