{"id":13193,"date":"2017-10-29T12:44:08","date_gmt":"2017-10-29T12:44:08","guid":{"rendered":"https:\/\/kruszwicapro.com\/shop\/nezaraden\u00e9\/maestra-kremowa-white-mb\/"},"modified":"2022-07-26T11:15:02","modified_gmt":"2022-07-26T11:15:02","slug":"maestra-kremowa-white-mb","status":"publish","type":"product","link":"https:\/\/kruszwicapro.com\/sk\/obchod\/margaryny-sk\/maestra-kremowa-white-mb\/","title":{"rendered":"Maestra Kr\u00e9mov\u00e1 White MB"},"content":{"rendered":"<div class=\"wpb-content-wrapper\"><p>[vc_row][vc_column][vc_column_text]<\/p>\r\n<p>Margar\u00edn s \u00faplne neutr\u00e1lnou chu\u0165ou a v\u00f4\u0148ou. V\u010faka bielej farbe a neutr\u00e1lnej chuti neovplyv\u0148uje chu\u0165 a farbu fin\u00e1lneho v\u00fdrobku. \u013dah\u0161ie a r\u00fdchlej\u0161ie rozpty\u013euje farbu. Margar\u00edn primerane prevzdu\u0161\u0148uje kr\u00e9mov\u00fa hmotu a v\u00fdborne sa prep\u00e1ja so v\u0161etk\u00fdmi jej zlo\u017ekami.<\/p>\r\n<ul>\r\n\t<li><strong>\u00a0Bez konzerva\u010dn\u00fdch l\u00e1tok a umel\u00fdch farb\u00edv.<\/strong><\/li>\r\n\t<li><strong>Stabiln\u00e1 konzistencia kr\u00e9mu.<\/strong><\/li>\r\n\t<li><strong>Dokonal\u00e9 prevzdu\u0161nenie.<\/strong><\/li>\r\n\t<li><strong>Ve\u013emi \u013eahko sa prep\u00e1ja s ostatn\u00fdmi zlo\u017ekami kr\u00e9mu.<\/strong><\/li>\r\n<\/ul>\r\n<p class=\"p1\"><strong><img loading=\"lazy\" decoding=\"async\" class=\"alignnone wp-image-10493 size-full\" src=\"https:\/\/kruszwicapro.com\/wp-content\/uploads\/2017\/09\/ico_mb.png\" alt=\"\" width=\"64\" height=\"64\" \/><\/strong><strong>MASS BALANCE<\/strong><\/p>\r\n<p>Z\u00edsk\u00e1vanie oleja z palmy je kontroverzn\u00e9, lebo sa sp\u00e1ja s ileg\u00e1lnym v\u00fdrubom da\u017e\u010fov\u00fdch pralesov kv\u00f4li pestovaniu palmy olejovej. Sme l\u00eddrom na trhu s olejmi a rastlinn\u00fdmi tukmi, proto c\u00edtime zodpovednos\u0165 za udr\u017eate\u013en\u00fd rozvoj po\u013enohospod\u00e1rstva. Spolupracujeme s dod\u00e1vate\u013emi palmov\u00e9ho oleja z plant\u00e1\u017e\u00ed, ktor\u00e9 neprispievaj\u00fa k ni\u010deniu pr\u00edrodn\u00fdch ekosyst\u00e9mov a nemaj\u00fa negat\u00edvny dopad na obyvate\u013estvo z danej oblasti. Podporujeme koncepciu syst\u00e9mu certifik\u00e1cie v\u00fdrobkov The Roundtable on Sustainable Palma Oil (RSPO). Dod\u00e1v\u00e1me v\u00fdrobky obsahuj\u00face palmov\u00fd olej s certifik\u00e1tom Mass Balance a certifik\u00e1tom Segregate.<\/p>\r\n<p>[\/vc_column_text][\/vc_column][\/vc_row]<\/p><\/div>","protected":false},"excerpt":{"rendered":"<p>Ide\u00e1lny margar\u00edn na pr\u00edpravu bielych kr\u00e9mov\u00fdch n\u00e1pln\u00ed, ako aj na \u013eubovo\u013en\u00e9 vyu\u017eitie \u2013 nenar\u00fa\u0161a farbu a v\u00f4\u0148u fin\u00e1lneho v\u00fdrobku.<\/p>\n[simple_tooltip content='V\u00fdrobok neobsahuje farbiv\u00e1']<img loading=\"lazy\" decoding=\"async\" class=\"alignnone wp-image-10493 size-full\" src=\"https:\/\/kruszwicapro.com\/wp-content\/uploads\/2017\/09\/ico_white.png\" alt=\"\" width=\"64\" height=\"64\" \/>[\/simple_tooltip]\n[simple_tooltip content='Na v\u00fdrobu bol pou\u017eit\u00fd palmov\u00fd olej s certifik\u00e1tom Mass Balance']<img loading=\"lazy\" decoding=\"async\" class=\"alignnone wp-image-10493 size-full\" src=\"https:\/\/kruszwicapro.com\/wp-content\/uploads\/2017\/09\/ico_mb.png\" alt=\"\" width=\"64\" height=\"64\" \/>[\/simple_tooltip]\n","protected":false},"featured_media":12267,"template":"","meta":[],"product_brand":[],"product_cat":[596],"product_tag":[471],"class_list":{"0":"post-13193","1":"product","2":"type-product","3":"status-publish","4":"has-post-thumbnail","6":"product_cat-margaryny-sk","7":"product_tag-do-kremov-sk","8":"pa_clean-label-nie-sk","9":"pa_consistency-tuha-2","10":"pa_fat-content-452","11":"pa_fat-used-kokosowy-sk-2","12":"pa_fat-used-palmowy-sk","13":"pa_fat-used-repkovy-2","14":"pa_free-from-preservatives-tak-sk-2","15":"pa_packaging-karton-2","16":"pa_quantity-kg-2x5-sk","17":"pa_rspo-certificate-ano","18":"pa_segment-premium-2","19":"pa_tfa-2-2","20":"pa_with-added-butter-nie-sk","21":"pa_with-colorant-nie-sk","22":"pa_without-hydrogenated-fats-nie-sk","24":"first","25":"instock","26":"shipping-taxable","27":"product-type-simple"},"_links":{"self":[{"href":"https:\/\/kruszwicapro.com\/sk\/wp-json\/wp\/v2\/product\/13193","targetHints":{"allow":["GET"]}}],"collection":[{"href":"https:\/\/kruszwicapro.com\/sk\/wp-json\/wp\/v2\/product"}],"about":[{"href":"https:\/\/kruszwicapro.com\/sk\/wp-json\/wp\/v2\/types\/product"}],"wp:featuredmedia":[{"embeddable":true,"href":"https:\/\/kruszwicapro.com\/sk\/wp-json\/wp\/v2\/media\/12267"}],"wp:attachment":[{"href":"https:\/\/kruszwicapro.com\/sk\/wp-json\/wp\/v2\/media?parent=13193"}],"wp:term":[{"taxonomy":"product_brand","embeddable":true,"href":"https:\/\/kruszwicapro.com\/sk\/wp-json\/wp\/v2\/product_brand?post=13193"},{"taxonomy":"product_cat","embeddable":true,"href":"https:\/\/kruszwicapro.com\/sk\/wp-json\/wp\/v2\/product_cat?post=13193"},{"taxonomy":"product_tag","embeddable":true,"href":"https:\/\/kruszwicapro.com\/sk\/wp-json\/wp\/v2\/product_tag?post=13193"}],"curies":[{"name":"wp","href":"https:\/\/api.w.org\/{rel}","templated":true}]}}