{"id":13185,"date":"2018-04-05T11:02:12","date_gmt":"2018-04-05T11:02:12","guid":{"rendered":"https:\/\/kruszwicapro.com\/shop\/nezaraden\u00e9\/maestra-with-butter-essence-intenso-puff-pastry-mb\/"},"modified":"2022-07-26T11:07:49","modified_gmt":"2022-07-26T11:07:49","slug":"maestra-with-butter-essence-intenso-puff-pastry-mb","status":"publish","type":"product","link":"https:\/\/kruszwicapro.com\/sk\/obchod\/margaryny-sk\/maestra-with-butter-essence-intenso-puff-pastry-mb\/","title":{"rendered":"Maestra Intenso s esenciou masla Puff Pastry MB"},"content":{"rendered":"<div class=\"wpb-content-wrapper\"><p>[vc_row][vc_column][vc_column_text]<\/p>\r\n<p>Margar\u00edn na l\u00edstkuj\u00face cest\u00e1, ktor\u00fd v\u00fdrobkom dod\u00e1va maslov\u00fa chu\u0165 a v\u00f4\u0148u, a tie\u017e zais\u0165uje vynikaj\u00face l\u00edstkovanie cesta. Bohat\u00fd na betakarot\u00e9n, ktor\u00fd mu dod\u00e1va charakteristick\u00fa v\u00fdnimo\u010dn\u00fa farbu. Neobsahuje stu\u017een\u00e9 tuky, konzerva\u010dn\u00e9 l\u00e1tky ani umel\u00e9 ar\u00f3my, napriek tomu dod\u00e1va v\u00fdrobkom pr\u00edrodn\u00fa maslov\u00fa v\u00f4\u0148u a chu\u0165. Skvel\u00e1 text\u00fara, ktor\u00e1 zabra\u0148uje praskaniu cesta po\u010das pr\u00edpravy.<\/p>\r\n<ul>\r\n\t<li>Maslov\u00e1 chu\u0165 a v\u00f4\u0148a v\u00fdrobkov.<\/li>\r\n\t<li>Spr\u00e1vne va\u013ekanie a prekladanie cesta, bez l\u00e1mania a praskania vrstiev.<\/li>\r\n\t<li>N\u00e1dhern\u00fd efekt l\u00edstkovania cesta.<\/li>\r\n\t<li>Primeran\u00e9 zv\u00e4\u010d\u0161enie objemu a tvar v\u00fdrobkov po upe\u010den\u00ed.<\/li>\r\n\t<li>V\u00fdborne sa hod\u00ed na mechanick\u00e9 aj ru\u010dn\u00e9 spracovanie.<\/li>\r\n<\/ul>\r\n<p><strong><img loading=\"lazy\" decoding=\"async\" class=\"alignnone wp-image-10493 size-full\" src=\"https:\/\/kruszwicapro.com\/wp-content\/uploads\/2017\/09\/ico_mb.png\" alt=\"\" width=\"64\" height=\"64\" \/><\/strong><strong>MASS BALANCE <\/strong><\/p>\r\n<p>Z\u00edsk\u00e1vanie oleja z palmy je kontroverzn\u00e9, lebo sa sp\u00e1ja s ileg\u00e1lnym v\u00fdrubom da\u017e\u010fov\u00fdch pralesov kv\u00f4li pestovaniu palmy olejovej. Sme l\u00eddrom na trhu s olejmi a rastlinn\u00fdmi tukmi, proto c\u00edtime zodpovednos\u0165 za udr\u017eate\u013en\u00fd rozvoj po\u013enohospod\u00e1rstva. Spolupracujeme s dod\u00e1vate\u013emi palmov\u00e9ho oleja z plant\u00e1\u017e\u00ed, ktor\u00e9 neprispievaj\u00fa k ni\u010deniu pr\u00edrodn\u00fdch ekosyst\u00e9mov a nemaj\u00fa negat\u00edvny dopad na obyvate\u013estvo z danej oblasti. Podporujeme koncepciu syst\u00e9mu certifik\u00e1cie v\u00fdrobkov The Roundtable on Sustainable Palma Oil (RSPO). Dod\u00e1v\u00e1me v\u00fdrobky obsahuj\u00face palmov\u00fd olej s certifik\u00e1tom Mass Balance a certifik\u00e1tom Segregate.<\/p>\r\n<p>[\/vc_column_text][\/vc_column][\/vc_row]<\/p><\/div>","protected":false},"excerpt":{"rendered":"<p>Margar\u00edn na l\u00edstkuj\u00face cest\u00e1, ktor\u00fd v\u00fdrobkom dod\u00e1va maslov\u00fa chu\u0165 a v\u00f4\u0148u, a tie\u017e zais\u0165uje vynikaj\u00face l\u00edstkovanie cesta.<\/p>\n[simple_tooltip content='V\u00fdrobok neobsahuje stu\u017een\u00e9 tuky']<img loading=\"lazy\" decoding=\"async\" class=\"alignnone wp-image-10493 size-full\" src=\"https:\/\/kruszwicapro.com\/wp-content\/uploads\/2017\/09\/ico_nh.png\" alt=\"\" width=\"64\" height=\"64\" \/>[\/simple_tooltip]\n[simple_tooltip content='Na v\u00fdrobu bol pou\u017eit\u00fd palmov\u00fd olej s certifik\u00e1tom Mass Balance']<img loading=\"lazy\" decoding=\"async\" class=\"alignnone wp-image-10493 size-full\" src=\"https:\/\/kruszwicapro.com\/wp-content\/uploads\/2017\/09\/ico_mb.png\" alt=\"\" width=\"64\" height=\"64\" \/>[\/simple_tooltip]\n[simple_tooltip content='V\u00fdrobok s obsahom masla']<img loading=\"lazy\" decoding=\"async\" class=\"alignnone wp-image-10493 size-full\" src=\"https:\/\/kruszwicapro.com\/wp-content\/uploads\/2018\/03\/ico_butter.png\" alt=\"\" width=\"64\" height=\"64\" \/>[\/simple_tooltip]\n","protected":false},"featured_media":12594,"template":"","meta":[],"product_brand":[],"product_cat":[596],"product_tag":[676],"class_list":{"0":"post-13185","1":"product","2":"type-product","3":"status-publish","4":"has-post-thumbnail","6":"product_cat-margaryny-sk","7":"product_tag-do-listkujuceho-cesta-sk","8":"pa_clean-label-nie-sk","9":"pa_consistency-tuha-2","10":"pa_fat-content-452","11":"pa_fat-used-kokosowy-sk-2","12":"pa_fat-used-koncentrovane-maslo-10-2","13":"pa_fat-used-palmowy-sk","14":"pa_fat-used-repkovy-2","15":"pa_free-from-preservatives-tak-sk-2","16":"pa_packaging-karton-2","17":"pa_quantity-kg-5x2-sk","18":"pa_rspo-certificate-ano","19":"pa_segment-premium-2","20":"pa_tfa-441","21":"pa_with-added-butter-ano","22":"pa_with-colorant-tak-sk","23":"pa_without-hydrogenated-fats-ano-sk","25":"first","26":"instock","27":"shipping-taxable","28":"product-type-simple"},"_links":{"self":[{"href":"https:\/\/kruszwicapro.com\/sk\/wp-json\/wp\/v2\/product\/13185","targetHints":{"allow":["GET"]}}],"collection":[{"href":"https:\/\/kruszwicapro.com\/sk\/wp-json\/wp\/v2\/product"}],"about":[{"href":"https:\/\/kruszwicapro.com\/sk\/wp-json\/wp\/v2\/types\/product"}],"wp:featuredmedia":[{"embeddable":true,"href":"https:\/\/kruszwicapro.com\/sk\/wp-json\/wp\/v2\/media\/12594"}],"wp:attachment":[{"href":"https:\/\/kruszwicapro.com\/sk\/wp-json\/wp\/v2\/media?parent=13185"}],"wp:term":[{"taxonomy":"product_brand","embeddable":true,"href":"https:\/\/kruszwicapro.com\/sk\/wp-json\/wp\/v2\/product_brand?post=13185"},{"taxonomy":"product_cat","embeddable":true,"href":"https:\/\/kruszwicapro.com\/sk\/wp-json\/wp\/v2\/product_cat?post=13185"},{"taxonomy":"product_tag","embeddable":true,"href":"https:\/\/kruszwicapro.com\/sk\/wp-json\/wp\/v2\/product_tag?post=13185"}],"curies":[{"name":"wp","href":"https:\/\/api.w.org\/{rel}","templated":true}]}}