{"id":13181,"date":"2017-10-28T12:43:06","date_gmt":"2017-10-28T12:43:06","guid":{"rendered":"https:\/\/kruszwicapro.com\/shop\/nezaraden\u00e9\/maestra-kremowa-nh-mb\/"},"modified":"2022-07-26T11:17:58","modified_gmt":"2022-07-26T11:17:58","slug":"maestra-kremowa-nh-mb","status":"publish","type":"product","link":"https:\/\/kruszwicapro.com\/sk\/obchod\/margaryny-sk\/maestra-kremowa-nh-mb\/","title":{"rendered":"Maestra Kr\u00e9mov\u00e1 NH MB"},"content":{"rendered":"<div class=\"wpb-content-wrapper\"><p>[vc_row][vc_column][vc_column_text]<\/p>\r\n<p>Neobsahuje stu\u017een\u00e9 tuky ani konzerva\u010dn\u00e9 l\u00e1tky a umel\u00e9 ar\u00f3my. Zaist\u00ed skvel\u00fa kompoz\u00edciu so v\u0161etk\u00fdmi, najm\u00e4 mlie\u010dnymi, zlo\u017ekami kr\u00e9mov a dokonale prevzdu\u0161n\u00ed pripraven\u00fd kr\u00e9m.<\/p>\r\n<ul>\r\n\t<li><strong>Bez stu\u017een\u00fdch tukov \u2013 NH.<\/strong><\/li>\r\n\t<li><strong>Bez konzerva\u010dn\u00fdch l\u00e1tok a umel\u00fdch farb\u00edv.<\/strong><\/li>\r\n\t<li><strong>Stabiln\u00e1 konzistencia kr\u00e9mu.<\/strong><\/li>\r\n\t<li><strong>Dokonal\u00e9 prevzdu\u0161nenie.<\/strong><\/li>\r\n\t<li><strong>Ve\u013emi \u013eahko sa prep\u00e1ja s ostatn\u00fdmi zlo\u017ekami kr\u00e9mu.<\/strong><\/li>\r\n<\/ul>\r\n<p class=\"p1\"><strong><img loading=\"lazy\" decoding=\"async\" class=\"alignnone wp-image-10493 size-full\" src=\"https:\/\/kruszwicapro.com\/wp-content\/uploads\/2017\/09\/ico_mb.png\" alt=\"\" width=\"64\" height=\"64\" \/><\/strong><strong>MASS BALANCE<\/strong><\/p>\r\n<p>Z\u00edsk\u00e1vanie oleja z palmy je kontroverzn\u00e9, lebo sa sp\u00e1ja s ileg\u00e1lnym v\u00fdrubom da\u017e\u010fov\u00fdch pralesov kv\u00f4li pestovaniu palmy olejovej. Sme l\u00eddrom na trhu s olejmi a rastlinn\u00fdmi tukmi, proto c\u00edtime zodpovednos\u0165 za udr\u017eate\u013en\u00fd rozvoj po\u013enohospod\u00e1rstva. Spolupracujeme s dod\u00e1vate\u013emi palmov\u00e9ho oleja z plant\u00e1\u017e\u00ed, ktor\u00e9 neprispievaj\u00fa k ni\u010deniu pr\u00edrodn\u00fdch ekosyst\u00e9mov a nemaj\u00fa negat\u00edvny dopad na obyvate\u013estvo z danej oblasti. Podporujeme koncepciu syst\u00e9mu certifik\u00e1cie v\u00fdrobkov The Roundtable on Sustainable Palma Oil (RSPO). Dod\u00e1v\u00e1me v\u00fdrobky obsahuj\u00face palmov\u00fd olej s certifik\u00e1tom Mass Balance a certifik\u00e1tom Segregate.<\/p>\r\n<p class=\"p1\"><b><img loading=\"lazy\" decoding=\"async\" class=\"alignnone wp-image-10494 size-full\" src=\"https:\/\/kruszwicapro.com\/wp-content\/uploads\/2017\/09\/ico_nh.png\" alt=\"\" width=\"64\" height=\"64\" \/>NESTU\u017dEN\u00c9 TUKY \u2013 NOV\u00c1 KVALITA TUKOV<\/b><\/p>\r\n<p class=\"p1\">V potravin\u00e1rskom n\u00e1zvoslov\u00ed sa paralelne \u010dasto pou\u017e\u00edvaj\u00fa v\u00fdrazy: stu\u017een\u00e9 tuky, \u010diasto\u010dne stu\u017een\u00e9 tuky alebo hydrogenizovan\u00e9 tuky. V\u0161etky n\u00e1zvy sa t\u00fdkaj\u00fa rovnakej ingrediencie \u2013 tuku, ktor\u00fd v procese \u010diasto\u010dn\u00e9ho stu\u017eovania z\u00edskav\u00e1 pevn\u00fa text\u00faru. Pri \u010diasto\u010dnom stu\u017eovan\u00ed olejov sa m\u00f4\u017eu vytv\u00e1ra\u0165 zdraviu \u0161kodliv\u00e9 transmastn\u00e9 kyseliny.<\/p>\r\n<p class=\"p1\">Modernou met\u00f3dou v\u00fdroby tukov s pevnou konzistenciou je esterifik\u00e1cia. Po\u010das tohto procesu nedoch\u00e1dza k negat\u00edvnej zmene mastn\u00fdch kysel\u00edn na trans-izom\u00e9ry. Pomocou esterifik\u00e1cie olejov sa vyr\u00e1baj\u00fa kvalitn\u00e9 tuky, ktor\u00e9 obsahuj\u00fa stopov\u00e9 mno\u017estvo trans-izom\u00e9rov (&lt; 1 %) a s\u00fa v s\u00falade s modern\u00fdmi nutri\u010dn\u00fdmi odpor\u00fa\u010daniami.<\/p>\r\n<p>[\/vc_column_text][\/vc_column][\/vc_row]<\/p><\/div>","protected":false},"excerpt":{"rendered":"<p>Margar\u00edn Maestra Kr\u00e9mov\u00e1 NH MB je skvelou vo\u013ebou pre v\u0161etk\u00fdch cukr\u00e1rov, ktor\u00ed chc\u00fa pripravi\u0165 nad\u00fdchan\u00e9 kr\u00e9my, n\u00e1plne, dezerty a cukr\u00e1rske hmoty so stabilnou text\u00farou. [simple_tooltip content='V\u00fdrobok neobsahuje stu\u017een\u00e9 tuky']<img loading=\"lazy\" decoding=\"async\" class=\"alignnone wp-image-10493 size-full\" src=\"https:\/\/kruszwicapro.com\/wp-content\/uploads\/2017\/09\/ico_nh.png\" alt=\"\" width=\"64\" height=\"64\" \/>[\/simple_tooltip] [simple_tooltip content='Na v\u00fdrobu bol pou\u017eit\u00fd palmov\u00fd olej s certifik\u00e1tom Mass Balance']<img loading=\"lazy\" decoding=\"async\" class=\"alignnone wp-image-10493 size-full\" src=\"https:\/\/kruszwicapro.com\/wp-content\/uploads\/2017\/09\/ico_mb.png\" alt=\"\" width=\"64\" height=\"64\" \/>[\/simple_tooltip]<\/p>\n","protected":false},"featured_media":12263,"template":"","meta":[],"product_brand":[],"product_cat":[596],"product_tag":[471],"class_list":{"0":"post-13181","1":"product","2":"type-product","3":"status-publish","4":"has-post-thumbnail","6":"product_cat-margaryny-sk","7":"product_tag-do-kremov-sk","8":"pa_clean-label-nie-sk","9":"pa_consistency-tuha-2","10":"pa_fat-content-452","11":"pa_fat-used-kokosowy-sk-2","12":"pa_fat-used-palmowy-sk","13":"pa_fat-used-repkovy-2","14":"pa_free-from-preservatives-tak-sk-2","15":"pa_packaging-karton-2","16":"pa_quantity-kg-2x5-sk","17":"pa_rspo-certificate-ano","18":"pa_segment-premium-2","19":"pa_tfa-441","20":"pa_with-added-butter-nie-sk","21":"pa_with-colorant-tak-sk","22":"pa_without-hydrogenated-fats-ano-sk","24":"first","25":"instock","26":"shipping-taxable","27":"product-type-simple"},"_links":{"self":[{"href":"https:\/\/kruszwicapro.com\/sk\/wp-json\/wp\/v2\/product\/13181","targetHints":{"allow":["GET"]}}],"collection":[{"href":"https:\/\/kruszwicapro.com\/sk\/wp-json\/wp\/v2\/product"}],"about":[{"href":"https:\/\/kruszwicapro.com\/sk\/wp-json\/wp\/v2\/types\/product"}],"wp:featuredmedia":[{"embeddable":true,"href":"https:\/\/kruszwicapro.com\/sk\/wp-json\/wp\/v2\/media\/12263"}],"wp:attachment":[{"href":"https:\/\/kruszwicapro.com\/sk\/wp-json\/wp\/v2\/media?parent=13181"}],"wp:term":[{"taxonomy":"product_brand","embeddable":true,"href":"https:\/\/kruszwicapro.com\/sk\/wp-json\/wp\/v2\/product_brand?post=13181"},{"taxonomy":"product_cat","embeddable":true,"href":"https:\/\/kruszwicapro.com\/sk\/wp-json\/wp\/v2\/product_cat?post=13181"},{"taxonomy":"product_tag","embeddable":true,"href":"https:\/\/kruszwicapro.com\/sk\/wp-json\/wp\/v2\/product_tag?post=13181"}],"curies":[{"name":"wp","href":"https:\/\/api.w.org\/{rel}","templated":true}]}}