{"id":13171,"date":"2022-06-10T14:22:31","date_gmt":"2022-06-10T14:22:31","guid":{"rendered":"https:\/\/kruszwicapro.com\/shop\/nezaraden\u00e9\/english-maestro-freshness\/"},"modified":"2022-07-26T10:33:25","modified_gmt":"2022-07-26T10:33:25","slug":"english-maestro-freshness","status":"publish","type":"product","link":"https:\/\/kruszwicapro.com\/sk\/obchod\/oleje-sk\/english-maestro-freshness\/","title":{"rendered":"Maestro \u010cerstvos\u0165"},"content":{"rendered":"<div class=\"wpb-content-wrapper\"><p>[vc_row][vc_column][vc_column_text]<\/p>\r\n<p>Olej na pe\u010denie kol\u00e1\u010dov a kol\u00e1\u010dikov so zv\u00fd\u0161en\u00fdmi \u00fa\u017eitkov\u00fdmi hodnotami s pr\u00eddavkom lecit\u00ednu. V\u010faka pou\u017eitiu tohto oleja si pe\u010den\u00e9 v\u00fdrobky dlh\u0161ie zachov\u00e1vaj\u00fa po\u017eadovan\u00fa vlhkos\u0165 a m\u00e4kkos\u0165.<\/p>\r\n<p>CHARAKTERISTIKA :<\/p>\r\n<ul>\r\n\t<li><strong>Pred\u013a\u017een\u00e1 \u010derstvos\u0165 a zv\u00fd\u0161en\u00fd objem hotov\u00fdch v\u00fdrobkov.<\/strong><\/li>\r\n\t<li><strong>V\u00fdnimo\u010dn\u00e1 vlhkos\u0165 a m\u00e4kkos\u0165 cesta.<\/strong><\/li>\r\n\t<li><strong>Lep\u0161ie spojenie zlo\u017eiek a rozpt\u00fdlenie pr\u00edsad (su\u0161en\u00e9 ovocie, ovocie) v z\u00e1kuskoch.<\/strong><\/li>\r\n\t<li><strong>Men\u0161ie vyparovanie vody pri pe\u010den\u00ed.<\/strong><\/li>\r\n\t<li><strong>Zv\u00e4\u010d\u0161\u00ed objem niektor\u00fdch pe\u010den\u00fdch produktov dokonca o 10 %.<\/strong><\/li>\r\n<\/ul>\r\n<p>[\/vc_column_text][\/vc_column][\/vc_row]<\/p><\/div>","protected":false},"excerpt":{"rendered":"<p>Olej na pe\u010denie kol\u00e1\u010dov a kol\u00e1\u010dikov so zv\u00fd\u0161en\u00fdmi \u00fa\u017eitkov\u00fdmi hodnotami s pr\u00eddavkom lecit\u00ednu. V\u010faka pou\u017eitiu tohto oleja si pe\u010den\u00e9 v\u00fdrobky dlh\u0161ie zachov\u00e1vaj\u00fa po\u017eadovan\u00fa vlhkos\u0165 a m\u00e4kkos\u0165.<\/p>\n","protected":false},"featured_media":13008,"template":"","meta":[],"product_brand":[],"product_cat":[534],"product_tag":[474],"class_list":{"0":"post-13171","1":"product","2":"type-product","3":"status-publish","4":"has-post-thumbnail","6":"product_cat-oleje-sk","7":"product_tag-na-pecenie-sk-2","9":"first","10":"instock","11":"shipping-taxable","12":"product-type-simple"},"_links":{"self":[{"href":"https:\/\/kruszwicapro.com\/sk\/wp-json\/wp\/v2\/product\/13171","targetHints":{"allow":["GET"]}}],"collection":[{"href":"https:\/\/kruszwicapro.com\/sk\/wp-json\/wp\/v2\/product"}],"about":[{"href":"https:\/\/kruszwicapro.com\/sk\/wp-json\/wp\/v2\/types\/product"}],"wp:featuredmedia":[{"embeddable":true,"href":"https:\/\/kruszwicapro.com\/sk\/wp-json\/wp\/v2\/media\/13008"}],"wp:attachment":[{"href":"https:\/\/kruszwicapro.com\/sk\/wp-json\/wp\/v2\/media?parent=13171"}],"wp:term":[{"taxonomy":"product_brand","embeddable":true,"href":"https:\/\/kruszwicapro.com\/sk\/wp-json\/wp\/v2\/product_brand?post=13171"},{"taxonomy":"product_cat","embeddable":true,"href":"https:\/\/kruszwicapro.com\/sk\/wp-json\/wp\/v2\/product_cat?post=13171"},{"taxonomy":"product_tag","embeddable":true,"href":"https:\/\/kruszwicapro.com\/sk\/wp-json\/wp\/v2\/product_tag?post=13171"}],"curies":[{"name":"wp","href":"https:\/\/api.w.org\/{rel}","templated":true}]}}