{"id":13164,"date":"2022-06-10T12:51:27","date_gmt":"2022-06-10T12:51:27","guid":{"rendered":"https:\/\/kruszwicapro.com\/shop\/nezaraden\u00e9\/top-q-sun-5-l\/"},"modified":"2022-07-27T09:34:52","modified_gmt":"2022-07-27T09:34:52","slug":"top-q-sun-5-l","status":"publish","type":"product","link":"https:\/\/kruszwicapro.com\/sk\/obchod\/oleje-sk\/top-q-sun-5-l\/","title":{"rendered":"Top Q Sun slne\u010dnicov\u00fd olej (5 L)"},"content":{"rendered":"<div class=\"wpb-content-wrapper\"><p>[vc_row][vc_column][vc_column_text]<\/p>\r\n<p>Slne\u010dnicov\u00fd olej Top Q je vyroben\u00fd zo starostlivo vybran\u00fdch slne\u010dnicov\u00fdch semienok. Je vhodn\u00fd na pou\u017eitie v gastron\u00f3mii a na v\u00fdrobu cukr\u00e1rskych a pek\u00e1rskych v\u00fdrobkov. Odpor\u00fa\u010da sa najm\u00e4 do jed\u00e1l a pr\u00edsad pripravovan\u00fdch za studena ako s\u00fa \u0161al\u00e1ty, om\u00e1\u010dky a dresingy. Ide\u00e1lny na pr\u00edpravu marin\u00e1d. Je vhodn\u00fd najm\u00e4 na pe\u010denie tukov\u00fdch pi\u0161k\u00f3tov\u00fdch v\u00fdrobkov, sladk\u00e9ho pe\u010diva z kysnut\u00e9ho cesta, ako aj cukr\u00e1rskych a pek\u00e1rskych zmes\u00ed.<\/p>\r\n<p>CHARAKTERISTIKA:<\/p>\r\n<ul>\r\n\t<li>Jemn\u00e1, \u013eahk\u00e1 chu\u0165.<\/li>\r\n\t<li>Optim\u00e1lny pomer omega-6 a omega-3 mastn\u00fdch kysel\u00edn.<\/li>\r\n<\/ul>\r\n<p>[\/vc_column_text][\/vc_column][\/vc_row]<\/p><\/div>","protected":false},"excerpt":{"rendered":"<p>Repkov\u00fd olej ur\u010den\u00fd na v\u00fdrobu cukr\u00e1rskych apr\u00edsad pripravovan\u00fdch za studena ako s\u00fa \u0161al\u00e1ty, om\u00e1\u010dky a dresingy.<\/p>\n","protected":false},"featured_media":13661,"template":"","meta":[],"product_brand":[],"product_cat":[534],"product_tag":[474],"class_list":{"0":"post-13164","1":"product","2":"type-product","3":"status-publish","4":"has-post-thumbnail","6":"product_cat-oleje-sk","7":"product_tag-na-pecenie-sk-2","8":"pa_consistency-plynna-sk","9":"pa_fat-content-454","10":"pa_fat-used-slnecnicovy-2","11":"pa_packaging-flasa-2","12":"pa_quantity-l-10-sk","13":"pa_quantity-l-1000-sk","14":"pa_quantity-l-5-sk","15":"pa_segment-ekonomiczny-sk","16":"pa_without-hydrogenated-fats-ano-sk","18":"first","19":"instock","20":"shipping-taxable","21":"product-type-simple"},"_links":{"self":[{"href":"https:\/\/kruszwicapro.com\/sk\/wp-json\/wp\/v2\/product\/13164","targetHints":{"allow":["GET"]}}],"collection":[{"href":"https:\/\/kruszwicapro.com\/sk\/wp-json\/wp\/v2\/product"}],"about":[{"href":"https:\/\/kruszwicapro.com\/sk\/wp-json\/wp\/v2\/types\/product"}],"wp:featuredmedia":[{"embeddable":true,"href":"https:\/\/kruszwicapro.com\/sk\/wp-json\/wp\/v2\/media\/13661"}],"wp:attachment":[{"href":"https:\/\/kruszwicapro.com\/sk\/wp-json\/wp\/v2\/media?parent=13164"}],"wp:term":[{"taxonomy":"product_brand","embeddable":true,"href":"https:\/\/kruszwicapro.com\/sk\/wp-json\/wp\/v2\/product_brand?post=13164"},{"taxonomy":"product_cat","embeddable":true,"href":"https:\/\/kruszwicapro.com\/sk\/wp-json\/wp\/v2\/product_cat?post=13164"},{"taxonomy":"product_tag","embeddable":true,"href":"https:\/\/kruszwicapro.com\/sk\/wp-json\/wp\/v2\/product_tag?post=13164"}],"curies":[{"name":"wp","href":"https:\/\/api.w.org\/{rel}","templated":true}]}}