{"id":13155,"date":"2022-06-13T11:57:37","date_gmt":"2022-06-13T11:57:37","guid":{"rendered":"https:\/\/kruszwicapro.com\/shop\/nezaraden\u00e9\/qualita-80\/"},"modified":"2022-07-26T10:45:35","modified_gmt":"2022-07-26T10:45:35","slug":"qualita-80","status":"publish","type":"product","link":"https:\/\/kruszwicapro.com\/sk\/obchod\/margaryny-sk\/qualita-80\/","title":{"rendered":"Qualita 80%"},"content":{"rendered":"<div class=\"wpb-content-wrapper\"><p>[vc_row][vc_column][vc_column_text]<\/p>\r\n<p>Vynikaj\u00faco prevzdu\u0161n\u00ed, dod\u00e1 im objem a primeran\u00fa \u0161trukt\u00faru. Dodato\u010dne pom\u00e1ha prepoji\u0165 jednotliv\u00e9 zlo\u017eky hmoty.<\/p>\r\n<p>CHARAKTERISTIKA :<\/p>\r\n<ul>\r\n\t<li><strong>Dobr\u00e9 prevzdu\u0161\u0148uj\u00face vlastnosti.<\/strong><\/li>\r\n\t<li><strong>\u013dahk\u00e9 prep\u00e1janie s ostatn\u00fdmi zlo\u017ekami.<\/strong><\/li>\r\n\t<li><strong>Vhodn\u00e1 \u0161trukt\u00fara cukr\u00e1rskych a pek\u00e1rensk\u00fdch v\u00fdrobkov.<\/strong><\/li>\r\n<\/ul>\r\n<p>Skladujte v suchu pri teplote: 4-15 stup\u0148ov Celzia.<\/p>\r\n<p>[\/vc_column_text][\/vc_column][\/vc_row]<\/p><\/div>","protected":false},"excerpt":{"rendered":"<p>Vynikaj\u00faco prevzdu\u0161n\u00ed, dod\u00e1 im objem a primeran\u00fa \u0161trukt\u00faru. Dodato\u010dne pom\u00e1ha prepoji\u0165 jednotliv\u00e9 zlo\u017eky hmoty.<\/p>\n","protected":false},"featured_media":13023,"template":"","meta":[],"product_brand":[],"product_cat":[596],"product_tag":[474],"class_list":{"0":"post-13155","1":"product","2":"type-product","3":"status-publish","4":"has-post-thumbnail","6":"product_cat-margaryny-sk","7":"product_tag-na-pecenie-sk-2","8":"pa_consistency-tuha-2","9":"pa_fat-content-452","10":"pa_fat-used-kokosowy-sk-2","11":"pa_fat-used-palmowy-sk","12":"pa_fat-used-repkovy-2","13":"pa_packaging-cardboard-sk","14":"pa_quantity-kg-10-sk","15":"pa_quantity-kg-2x5-sk","16":"pa_segment-standard-2","17":"pa_with-colorant-tak-sk","18":"pa_without-hydrogenated-fats-nie-sk","20":"first","21":"instock","22":"shipping-taxable","23":"product-type-simple"},"_links":{"self":[{"href":"https:\/\/kruszwicapro.com\/sk\/wp-json\/wp\/v2\/product\/13155","targetHints":{"allow":["GET"]}}],"collection":[{"href":"https:\/\/kruszwicapro.com\/sk\/wp-json\/wp\/v2\/product"}],"about":[{"href":"https:\/\/kruszwicapro.com\/sk\/wp-json\/wp\/v2\/types\/product"}],"wp:featuredmedia":[{"embeddable":true,"href":"https:\/\/kruszwicapro.com\/sk\/wp-json\/wp\/v2\/media\/13023"}],"wp:attachment":[{"href":"https:\/\/kruszwicapro.com\/sk\/wp-json\/wp\/v2\/media?parent=13155"}],"wp:term":[{"taxonomy":"product_brand","embeddable":true,"href":"https:\/\/kruszwicapro.com\/sk\/wp-json\/wp\/v2\/product_brand?post=13155"},{"taxonomy":"product_cat","embeddable":true,"href":"https:\/\/kruszwicapro.com\/sk\/wp-json\/wp\/v2\/product_cat?post=13155"},{"taxonomy":"product_tag","embeddable":true,"href":"https:\/\/kruszwicapro.com\/sk\/wp-json\/wp\/v2\/product_tag?post=13155"}],"curies":[{"name":"wp","href":"https:\/\/api.w.org\/{rel}","templated":true}]}}