{"id":13151,"date":"2022-06-13T12:24:39","date_gmt":"2022-06-13T12:24:39","guid":{"rendered":"https:\/\/kruszwicapro.com\/shop\/nezaraden\u00e9\/qualita-70\/"},"modified":"2022-07-26T10:42:30","modified_gmt":"2022-07-26T10:42:30","slug":"qualita-70","status":"publish","type":"product","link":"https:\/\/kruszwicapro.com\/sk\/obchod\/margaryny-sk\/qualita-70\/","title":{"rendered":"Qualita 70%"},"content":{"rendered":"<div class=\"wpb-content-wrapper\"><p>[vc_row][vc_column][vc_column_text]<\/p>\r\n<p>Dob\u0159e se spojuje s ostatn\u00edmi slo\u017ekami v\u00fdrobk\u016f. Dod\u00e1v\u00e1 kone\u010dn\u00fdm, peka\u0159sk\u00fdm v\u00fdrobk\u016fm spr\u00e1vnou strukturu. Je\u00a0ur\u010den na pe\u010den\u00ed dro\u017e\u010fov\u00e9ho t\u011bsta, chaly, \u010dajov\u00fdch su\u0161enek, sladk\u00fdch housek a mnoha podobn\u00fdch cukr\u00e1\u0159sk\u00fdch a peka\u0159sk\u00fdch v\u00fdrobk\u016f.<\/p>\r\n<p>VLASTNOSTI :<\/p>\r\n<ul>\r\n\t<li><strong>V\u00fdrazn\u011bj\u0161\u00ed odst\u00edn pe\u010diva \u2013 jak sv\u011btl\u00e9ho, tak tmav\u00e9ho.<\/strong><\/li>\r\n\t<li><strong>V\u00fdjime\u010dn\u00e1 pru\u017enost st\u0159\u00eddky.<\/strong><\/li>\r\n\t<li><strong>Lep\u0161\u00ed spojov\u00e1n\u00ed slo\u017eek.<\/strong><\/li>\r\n\t<li><strong>Spr\u00e1vn\u00e1 vlhkost t\u011bsta.<\/strong><\/li>\r\n<\/ul>\r\n<p>Uchov\u00e1vejte na such\u00e9m m\u00edst\u011b, v teplot\u011b: 4\u201315\u00a0stup\u0148\u016f Celsia<\/p>\r\n<p>[\/vc_column_text][\/vc_column][\/vc_row]<\/p><\/div>","protected":false},"excerpt":{"rendered":"<p>Dob\u0159e se spojuje s ostatn\u00edmi slo\u017ekami v\u00fdrobk\u016f. Dod\u00e1v\u00e1 kone\u010dn\u00fdm, peka\u0159sk\u00fdm v\u00fdrobk\u016fm spr\u00e1vnou strukturu.<\/p>\n","protected":false},"featured_media":13020,"template":"","meta":[],"product_brand":[],"product_cat":[596],"product_tag":[474],"class_list":{"0":"post-13151","1":"product","2":"type-product","3":"status-publish","4":"has-post-thumbnail","6":"product_cat-margaryny-sk","7":"product_tag-na-pecenie-sk-2","8":"pa_consistency-tuha-2","9":"pa_fat-used-kokosowy-sk-2","10":"pa_fat-used-palmowy-sk","11":"pa_fat-used-repkovy-2","12":"pa_packaging-karton-2","13":"pa_quantity-kg-10-sk","14":"pa_quantity-kg-2x5-sk","15":"pa_segment-standard-2","16":"pa_tfa-2-sk","17":"pa_without-hydrogenated-fats-nie-sk","19":"first","20":"instock","21":"shipping-taxable","22":"product-type-simple"},"_links":{"self":[{"href":"https:\/\/kruszwicapro.com\/sk\/wp-json\/wp\/v2\/product\/13151","targetHints":{"allow":["GET"]}}],"collection":[{"href":"https:\/\/kruszwicapro.com\/sk\/wp-json\/wp\/v2\/product"}],"about":[{"href":"https:\/\/kruszwicapro.com\/sk\/wp-json\/wp\/v2\/types\/product"}],"wp:featuredmedia":[{"embeddable":true,"href":"https:\/\/kruszwicapro.com\/sk\/wp-json\/wp\/v2\/media\/13020"}],"wp:attachment":[{"href":"https:\/\/kruszwicapro.com\/sk\/wp-json\/wp\/v2\/media?parent=13151"}],"wp:term":[{"taxonomy":"product_brand","embeddable":true,"href":"https:\/\/kruszwicapro.com\/sk\/wp-json\/wp\/v2\/product_brand?post=13151"},{"taxonomy":"product_cat","embeddable":true,"href":"https:\/\/kruszwicapro.com\/sk\/wp-json\/wp\/v2\/product_cat?post=13151"},{"taxonomy":"product_tag","embeddable":true,"href":"https:\/\/kruszwicapro.com\/sk\/wp-json\/wp\/v2\/product_tag?post=13151"}],"curies":[{"name":"wp","href":"https:\/\/api.w.org\/{rel}","templated":true}]}}