{"id":13143,"date":"2022-06-13T11:09:28","date_gmt":"2022-06-13T11:09:28","guid":{"rendered":"https:\/\/kruszwicapro.com\/shop\/nezaraden\u00e9\/pan-max\/"},"modified":"2022-07-26T10:29:20","modified_gmt":"2022-07-26T10:29:20","slug":"pan-max","status":"publish","type":"product","link":"https:\/\/kruszwicapro.com\/sk\/obchod\/olajsutokbe-hasznalatos-olajok-sk\/pan-max\/","title":{"rendered":"PAN MAX"},"content":{"rendered":"<div class=\"wpb-content-wrapper\"><p>[vc_row][vc_column][vc_column_text]<\/p>\r\n<p>Fritovac\u00ed tuk na vypr\u00e1\u017eanie r\u00fdb, morsk\u00fdch plodov, hydiny, hranoliek, oba\u013eovanej zeleniny, \u0161i\u0161iek, hrudiek.<\/p>\r\n<p>CHARAKTERISTIKA :<\/p>\r\n<ul>\r\n\t<li><strong>Vysok\u00e1 stabilita<\/strong><\/li>\r\n\t<li><strong>Vysok\u00fd bod zadymenia nad &lt;230 \u00b0C<\/strong><\/li>\r\n\t<li><strong>Pohodln\u00e9 filtrovanie<\/strong><\/li>\r\n\t<li><strong>Tekut\u00e1 forma aj pri skladovan\u00ed v chlade<\/strong><\/li>\r\n<\/ul>\r\n<p>Skladujte v suchu pri teplote: 4-15 stup\u0148ov Celzia.<\/p>\r\n<p>[\/vc_column_text][\/vc_column][\/vc_row]<\/p><\/div>","protected":false},"excerpt":{"rendered":"<p>Fritovac\u00ed tuk na vypr\u00e1\u017eanie r\u00fdb, morsk\u00fdch plodov, hydiny, hranoliek, oba\u013eovanej zeleniny, \u0161i\u0161iek, hrudiek.<\/p>\n","protected":false},"featured_media":13706,"template":"","meta":[],"product_brand":[],"product_cat":[518],"product_tag":[],"class_list":{"0":"post-13143","1":"product","2":"type-product","3":"status-publish","4":"has-post-thumbnail","6":"product_cat-olajsutokbe-hasznalatos-olajok-sk","7":"pa_consistency-plynna-sk","8":"pa_fat-content-454","9":"pa_fat-used-palmowy-sk","10":"pa_fat-used-repkovy-2","11":"pa_packaging-flasa-2","12":"pa_quantity-kg-5-kg-sk","13":"pa_quantity-l-5-sk","14":"pa_segment-ekonomiczny-sk","15":"pa_tfa-0-4-sk","16":"pa_without-hydrogenated-fats-nie-sk","18":"first","19":"instock","20":"shipping-taxable","21":"product-type-simple"},"_links":{"self":[{"href":"https:\/\/kruszwicapro.com\/sk\/wp-json\/wp\/v2\/product\/13143","targetHints":{"allow":["GET"]}}],"collection":[{"href":"https:\/\/kruszwicapro.com\/sk\/wp-json\/wp\/v2\/product"}],"about":[{"href":"https:\/\/kruszwicapro.com\/sk\/wp-json\/wp\/v2\/types\/product"}],"wp:featuredmedia":[{"embeddable":true,"href":"https:\/\/kruszwicapro.com\/sk\/wp-json\/wp\/v2\/media\/13706"}],"wp:attachment":[{"href":"https:\/\/kruszwicapro.com\/sk\/wp-json\/wp\/v2\/media?parent=13143"}],"wp:term":[{"taxonomy":"product_brand","embeddable":true,"href":"https:\/\/kruszwicapro.com\/sk\/wp-json\/wp\/v2\/product_brand?post=13143"},{"taxonomy":"product_cat","embeddable":true,"href":"https:\/\/kruszwicapro.com\/sk\/wp-json\/wp\/v2\/product_cat?post=13143"},{"taxonomy":"product_tag","embeddable":true,"href":"https:\/\/kruszwicapro.com\/sk\/wp-json\/wp\/v2\/product_tag?post=13143"}],"curies":[{"name":"wp","href":"https:\/\/api.w.org\/{rel}","templated":true}]}}