{"id":13140,"date":"2017-09-22T21:25:58","date_gmt":"2017-09-22T21:25:58","guid":{"rendered":"https:\/\/kruszwicapro.com\/shop\/nezaraden\u00e9\/qualito-plus\/"},"modified":"2022-07-26T10:00:46","modified_gmt":"2022-07-26T10:00:46","slug":"qualito-plus","status":"publish","type":"product","link":"https:\/\/kruszwicapro.com\/sk\/obchod\/olajsutokbe-hasznalatos-olajok-sk\/qualito-plus\/","title":{"rendered":"Qualito Plus"},"content":{"rendered":"<p>V\u010faka v\u00fdnimo\u010dnej kompoz\u00edcii zlo\u017eiek je odolnej\u0161\u00ed vo\u010di zmen\u00e1m, ku ktor\u00fdm doch\u00e1dza vplyvom teploty, a vyzna\u010duje sa vysok\u00fdm dymov\u00fdm bodom, \u010d\u00edm sa zv\u00fd\u0161il komfort pri jeho pou\u017e\u00edvan\u00ed. Polotekut\u00e1 konzistencia je pohodln\u00fdm rie\u0161en\u00edm, ktor\u00e9 u\u013eah\u010duje jeho prelievanie.<\/p>\r\n<ul>\r\n\t<li><strong>Vysok\u00fd dymov\u00fd bod \u2013 nad 220 \u00b0C.<\/strong><\/li>\r\n\t<li><strong>Vysok\u00e1 stabilita v\u010faka vhodnej zmesi rastlinn\u00fdch tukov.<\/strong><\/li>\r\n\t<li><strong>Neutr\u00e1lna chu\u0165 a v\u00f4\u0148a.<\/strong><\/li>\r\n<\/ul>","protected":false},"excerpt":{"rendered":"<p>Polotekut\u00fd fritovac\u00ed tuk ur\u010den\u00fd na vypr\u00e1\u017eanie \u0161i\u0161iek, f\u00e1nok a ven\u010dekov vo vysokej vrstve tuku, vyr\u00e1ban\u00fd na b\u00e1ze repkov\u00e9ho a palmov\u00e9ho oleja.<\/p>\n","protected":false},"featured_media":12591,"template":"","meta":[],"product_brand":[],"product_cat":[518],"product_tag":[677],"class_list":{"0":"post-13140","1":"product","2":"type-product","3":"status-publish","4":"has-post-thumbnail","6":"product_cat-olajsutokbe-hasznalatos-olajok-sk","7":"product_tag-na-vyprazanie-vo-vysokej-vrstve-tuku-sk","8":"pa_consistency-polplynna-sk","9":"pa_fat-content-454","10":"pa_fat-used-palmowy-sk","11":"pa_fat-used-repkovy-2","12":"pa_packaging-vedro-2","13":"pa_quantity-l-10-sk","14":"pa_quantity-l-20-sk","15":"pa_rspo-certificate-nie-sk-2","16":"pa_segment-standard-2","17":"pa_smoke-point-220-c","18":"pa_tfa-441","19":"pa_without-hydrogenated-fats-nie-sk","21":"first","22":"instock","23":"shipping-taxable","24":"product-type-simple"},"_links":{"self":[{"href":"https:\/\/kruszwicapro.com\/sk\/wp-json\/wp\/v2\/product\/13140","targetHints":{"allow":["GET"]}}],"collection":[{"href":"https:\/\/kruszwicapro.com\/sk\/wp-json\/wp\/v2\/product"}],"about":[{"href":"https:\/\/kruszwicapro.com\/sk\/wp-json\/wp\/v2\/types\/product"}],"wp:featuredmedia":[{"embeddable":true,"href":"https:\/\/kruszwicapro.com\/sk\/wp-json\/wp\/v2\/media\/12591"}],"wp:attachment":[{"href":"https:\/\/kruszwicapro.com\/sk\/wp-json\/wp\/v2\/media?parent=13140"}],"wp:term":[{"taxonomy":"product_brand","embeddable":true,"href":"https:\/\/kruszwicapro.com\/sk\/wp-json\/wp\/v2\/product_brand?post=13140"},{"taxonomy":"product_cat","embeddable":true,"href":"https:\/\/kruszwicapro.com\/sk\/wp-json\/wp\/v2\/product_cat?post=13140"},{"taxonomy":"product_tag","embeddable":true,"href":"https:\/\/kruszwicapro.com\/sk\/wp-json\/wp\/v2\/product_tag?post=13140"}],"curies":[{"name":"wp","href":"https:\/\/api.w.org\/{rel}","templated":true}]}}