{"id":13135,"date":"2022-06-10T14:56:58","date_gmt":"2022-06-10T14:56:58","guid":{"rendered":"https:\/\/kruszwicapro.com\/shop\/nezaraden\u00e9\/english-maestro-colour\/"},"modified":"2022-07-26T10:38:15","modified_gmt":"2022-07-26T10:38:15","slug":"english-maestro-colour","status":"publish","type":"product","link":"https:\/\/kruszwicapro.com\/sk\/obchod\/oleje-sk\/english-maestro-colour\/","title":{"rendered":"MAESTRO KOLOR [BARVA]"},"content":{"rendered":"<div class=\"wpb-content-wrapper\"><p>[vc_row][vc_column][vc_column_text]<\/p>\r\n<p>Zv\u00e4\u010d\u0161uje intenzitu farby svetl\u00fdch a tmav\u00fdch pe\u010den\u00fdch v\u00fdrobkov. Zv\u00fdraz\u0148uje chutn\u00fd vzh\u013ead a dod\u00e1va kol\u00e1\u010dom pru\u017enos\u0165. Olej so zv\u00fd\u0161en\u00fdmi \u00fa\u017eitkov\u00fdmi hodnotami s pr\u00eddavkom betakarot\u00e9nu. Z\u00e1kladom je repkov\u00fd olej.<\/p>\r\n<p>CHARAKTERISTIKA :<\/p>\r\n<ul>\r\n\t<li><strong>V\u00fdraznej\u0161\u00ed odtie\u0148 pe\u010den\u00fdch v\u00fdrobkov \u2013 svetl\u00fdch aj tmav\u00fdch.<\/strong><\/li>\r\n\t<li><strong>V\u00fdnimo\u010dn\u00e1 elasticita striedky.<\/strong><\/li>\r\n\t<li><strong>Lep\u0161ie sp\u00e1janie ingredienci\u00ed.<\/strong><\/li>\r\n\t<li><strong>Primeran\u00e1 vlhkos\u0165 kol\u00e1\u010dov.<\/strong><\/li>\r\n<\/ul>\r\n<p>[\/vc_column_text][\/vc_column][\/vc_row]<\/p><\/div>","protected":false},"excerpt":{"rendered":"<p>&nbsp;<\/p>\n<p>Enhances the colour of light and dark bakery goods. Enhances the appetising look, while giving the springiness. Fortified oil with the addition of beta-carotene. With rapeseed oil as the base.<\/p>\n<p>&nbsp;<\/p>\n","protected":false},"featured_media":13011,"template":"","meta":[],"product_brand":[],"product_cat":[534],"product_tag":[],"class_list":{"0":"post-13135","1":"product","2":"type-product","3":"status-publish","4":"has-post-thumbnail","6":"product_cat-oleje-sk","8":"first","9":"instock","10":"virtual","11":"product-type-simple"},"_links":{"self":[{"href":"https:\/\/kruszwicapro.com\/sk\/wp-json\/wp\/v2\/product\/13135","targetHints":{"allow":["GET"]}}],"collection":[{"href":"https:\/\/kruszwicapro.com\/sk\/wp-json\/wp\/v2\/product"}],"about":[{"href":"https:\/\/kruszwicapro.com\/sk\/wp-json\/wp\/v2\/types\/product"}],"wp:featuredmedia":[{"embeddable":true,"href":"https:\/\/kruszwicapro.com\/sk\/wp-json\/wp\/v2\/media\/13011"}],"wp:attachment":[{"href":"https:\/\/kruszwicapro.com\/sk\/wp-json\/wp\/v2\/media?parent=13135"}],"wp:term":[{"taxonomy":"product_brand","embeddable":true,"href":"https:\/\/kruszwicapro.com\/sk\/wp-json\/wp\/v2\/product_brand?post=13135"},{"taxonomy":"product_cat","embeddable":true,"href":"https:\/\/kruszwicapro.com\/sk\/wp-json\/wp\/v2\/product_cat?post=13135"},{"taxonomy":"product_tag","embeddable":true,"href":"https:\/\/kruszwicapro.com\/sk\/wp-json\/wp\/v2\/product_tag?post=13135"}],"curies":[{"name":"wp","href":"https:\/\/api.w.org\/{rel}","templated":true}]}}