{"id":13129,"date":"2017-09-22T21:37:19","date_gmt":"2017-09-22T21:37:19","guid":{"rendered":"https:\/\/kruszwicapro.com\/shop\/nezaraden\u00e9\/top-q-1000l\/"},"modified":"2022-07-27T09:00:52","modified_gmt":"2022-07-27T09:00:52","slug":"top-q-1000l","status":"publish","type":"product","link":"https:\/\/kruszwicapro.com\/sk\/obchod\/oleje-sk\/top-q-1000l\/","title":{"rendered":"Top Q (1000 L)"},"content":{"rendered":"<div class=\"wpb-content-wrapper\"><p>[vc_row][vc_column][vc_column_text]<\/p>\r\n<p>Repkov\u00fd olej TOP Q &#8211; rokmi overen\u00e1 kvalita &#8211; teraz s certifik\u00e1tom V-Label! V-label je najzn\u00e1mej\u0161\u00ed znak pre produkty ur\u010den\u00e9 pre vegetari\u00e1nov a veg\u00e1nov. Tento certifik\u00e1t je z\u00e1rukou, \u017ee v\u00fdrobok a jeho obal neobsahuj\u00fa \u017eiadne pr\u00edsady \u017eivo\u010d\u00ed\u0161neho p\u00f4vodu. Je to istota, \u017ee TopQ sp\u013a\u0148a najvy\u0161\u0161ie \u0161tandardy a m\u00f4\u017ee sa bezpe\u010dne pou\u017e\u00edva\u0165 v ka\u017edej kuchyni! Na vypr\u00e1\u017eanie, varenie a pe\u010denie. Dobre sa osved\u010d\u00ed v m\u00e4sov\u00fdch a veg\u00e1nskych jedl\u00e1ch. Na pou\u017eitie do teplej i studenej kuchyne.<\/p>\r\n<p>CHARAKTERISTIKA:<\/p>\r\n<ul>\r\n\t<li><strong>Olej si v\u010faka obsahu mastn\u00fdch kysel\u00edn zachov\u00e1va dlh\u0161ie svoje vlastnosti.<\/strong><\/li>\r\n\t<li><strong>Vysok\u00fd bod zadymenia nad 240 \u00b0C umo\u017e\u0148uje jeho pou\u017eitie v \u0161irokom rozsahu tepl\u00f4t.<\/strong><\/li>\r\n\t<li><strong>Podporuje fungovanie cel\u00e9ho tela, nako\u013eko je zdrojom Omega-3, Omega-6 a vitam\u00ednov A, D, E, K.<\/strong><\/li>\r\n<\/ul>\r\n<p>EFEKT:<\/p>\r\n<ul>\r\n\t<li><strong>Neutr\u00e1lna chu\u0165 a v\u00f4\u0148a.<\/strong><\/li>\r\n\t<li><strong>Vysok\u00fd komfort pr\u00e1ce.<\/strong><\/li>\r\n\t<li><strong>Umo\u017e\u0148uje vypr\u00e1\u017ea\u0165 v\u00e4\u010d\u0161ie mno\u017estvo potrav\u00edn.<\/strong><\/li>\r\n<\/ul>\r\n<p>&nbsp;<\/p>\r\n<p>CHARAKTERISTIKA:<\/p>\r\n<ul>\r\n\t<li><strong>Olej si v\u010faka obsahu mastn\u00fdch kysel\u00edn zachov\u00e1va dlh\u0161ie svoje vlastnosti.<\/strong><\/li>\r\n\t<li><strong>Vysok\u00fd bod zadymenia nad 240 \u00b0C umo\u017e\u0148uje jeho pou\u017eitie v \u0161irokom rozsahu tepl\u00f4t.<\/strong><\/li>\r\n\t<li><strong>Podporuje fungovanie cel\u00e9ho tela, nako\u013eko je zdrojom Omega-3, Omega-6 a vitam\u00ednov A, D, E, K.<\/strong><\/li>\r\n<\/ul>\r\n<p>EFEKT:<\/p>\r\n<ul>\r\n\t<li><strong>Neutr\u00e1lna chu\u0165 a v\u00f4\u0148a.<\/strong><\/li>\r\n\t<li><strong>Vysok\u00fd komfort pr\u00e1ce.<\/strong><\/li>\r\n\t<li><strong>Umo\u017e\u0148uje vypr\u00e1\u017ea\u0165 v\u00e4\u010d\u0161ie mno\u017estvo potrav\u00edn.<\/strong><\/li>\r\n<\/ul>\r\n<p>&nbsp;<\/p>\r\n<p>[\/vc_column_text][\/vc_column][\/vc_row]<\/p><\/div>","protected":false},"excerpt":{"rendered":"<p>Repkov\u00fd olej ur\u010den\u00fd na v\u00fdrobu cukr\u00e1rskych a pek\u00e1rskych v\u00fdrobkov, najm\u00e4 na pe\u010denie tukov\u00fdch pi\u0161k\u00f3tov\u00fdch v\u00fdrobkov, sladk\u00e9ho pe\u010diva z kysnut\u00e9ho cesta, ako aj cukr\u00e1rskych a pek\u00e1rskych zmes\u00ed.<\/p>\n","protected":false},"featured_media":12588,"template":"","meta":[],"product_brand":[],"product_cat":[534],"product_tag":[474],"class_list":{"0":"post-13129","1":"product","2":"type-product","3":"status-publish","4":"has-post-thumbnail","6":"product_cat-oleje-sk","7":"product_tag-na-pecenie-sk-2","8":"pa_clean-label-ano","9":"pa_consistency-plynna-sk","10":"pa_fat-content-454","11":"pa_fat-used-repkovy-2","12":"pa_packaging-paletovy-kontajner-2","13":"pa_quantity-l-1000-sk","14":"pa_segment-ekonomiczny-sk","15":"pa_without-hydrogenated-fats-ano-sk","17":"first","18":"instock","19":"shipping-taxable","20":"product-type-simple"},"_links":{"self":[{"href":"https:\/\/kruszwicapro.com\/sk\/wp-json\/wp\/v2\/product\/13129","targetHints":{"allow":["GET"]}}],"collection":[{"href":"https:\/\/kruszwicapro.com\/sk\/wp-json\/wp\/v2\/product"}],"about":[{"href":"https:\/\/kruszwicapro.com\/sk\/wp-json\/wp\/v2\/types\/product"}],"wp:featuredmedia":[{"embeddable":true,"href":"https:\/\/kruszwicapro.com\/sk\/wp-json\/wp\/v2\/media\/12588"}],"wp:attachment":[{"href":"https:\/\/kruszwicapro.com\/sk\/wp-json\/wp\/v2\/media?parent=13129"}],"wp:term":[{"taxonomy":"product_brand","embeddable":true,"href":"https:\/\/kruszwicapro.com\/sk\/wp-json\/wp\/v2\/product_brand?post=13129"},{"taxonomy":"product_cat","embeddable":true,"href":"https:\/\/kruszwicapro.com\/sk\/wp-json\/wp\/v2\/product_cat?post=13129"},{"taxonomy":"product_tag","embeddable":true,"href":"https:\/\/kruszwicapro.com\/sk\/wp-json\/wp\/v2\/product_tag?post=13129"}],"curies":[{"name":"wp","href":"https:\/\/api.w.org\/{rel}","templated":true}]}}