{"id":13126,"date":"2018-06-01T10:33:01","date_gmt":"2018-06-01T10:33:01","guid":{"rendered":"https:\/\/kruszwicapro.com\/shop\/nezaraden\u00e9\/qualito-fry\/"},"modified":"2022-07-26T09:56:04","modified_gmt":"2022-07-26T09:56:04","slug":"qualito-fry","status":"publish","type":"product","link":"https:\/\/kruszwicapro.com\/sk\/obchod\/olajsutokbe-hasznalatos-olajok-sk\/qualito-fry\/","title":{"rendered":"Qualito Fry"},"content":{"rendered":"<div class=\"wpb-content-wrapper\"><p>[vc_row][vc_column][vc_column_text]<\/p>\r\n<p>Qualito FRY sp\u00e1ja jedine\u010dn\u00e9 vlastnosti repkov\u00e9ho oleja a stabilitu palmov\u00e9ho oleja, \u010d\u00edm zaru\u010duje dokonal\u00e9 v\u00fdsledky pri dlhodobom vysm\u00e1\u017ean\u00ed sladk\u00fdch a pikantn\u00fdch, studen\u00fdch i tepl\u00fdch v\u00fdrobkov. V\u010faka vhodn\u00e9mu zlo\u017eeniu surov\u00edn je jedn\u00fdm z najstabilnej\u0161\u00edch v\u00fdrobkov v ponuke zna\u010dky.<\/p>\r\n<ul>\r\n\t<li>Tekut\u00e1 forma =&gt; ur\u00fdch\u013euje pr\u00e1cu s v\u00fdrobkom, zjednodu\u0161uje filtrovanie, zni\u017euje n\u00e1klady, zlep\u0161uje komfort pr\u00e1ce<\/li>\r\n\t<li>Vysok\u00fd dymov\u00fd bod nad 225 \u00b0C.<\/li>\r\n\t<li>Pred\u013a\u017een\u00fa dobu pou\u017eite\u013enosti zabezpe\u010duje vysok\u00e1 stabilita produktu: MUFA 53 %, SAFA 30 %<\/li>\r\n\t<li>Praktick\u00e1 5 l PET f\u013ea\u0161a, ktor\u00e1 u\u013eah\u010duje d\u00e1vkovanie a skladovanie v\u00fdrobku<\/li>\r\n\t<li>Vysok\u00fd podiel nenas\u00fdten\u00fdch mastn\u00fdch kysel\u00edn, najm\u00e4 mononen\u00e1syten\u00fdch, a to, \u017ee v\u00fdrobok neobsahuje TFA ani stu\u017een\u00e9 tuky zais\u0165uje dobr\u00fd v\u00fd\u017eivov\u00fd profil fritovaciecho oleja.<\/li>\r\n<\/ul>\r\n<p>&nbsp;<\/p>\r\n<p>[\/vc_column_text][\/vc_column][\/vc_row]<\/p><\/div>","protected":false},"excerpt":{"rendered":"<p>QUALITO FRY je 100 % rastlinn\u00fd fritovac\u00ed olej ur\u010den\u00fd na vypr\u00e1\u017eanie sladk\u00fdch a pikantn\u00fdch jed\u00e1l. Spo\u013eahliv\u00fd v\u00fdrobok, ktor\u00fd mierne schlad\u00ed atmosf\u00e9ru v kuchyni. Najlep\u0161ie spojenie dvoch stabiln\u00fdch rastlinn\u00fdch olejov. V\u010faka tekutej konzistencii a dymov\u00e9mu bodu nad 225 \u00b0C v\u00e1s prestane p\u00e1li\u0165 zem pod nohami.<\/p>\n","protected":false},"featured_media":12639,"template":"","meta":[],"product_brand":[],"product_cat":[518],"product_tag":[677],"class_list":{"0":"post-13126","1":"product","2":"type-product","3":"status-publish","4":"has-post-thumbnail","6":"product_cat-olajsutokbe-hasznalatos-olajok-sk","7":"product_tag-na-vyprazanie-vo-vysokej-vrstve-tuku-sk","8":"pa_consistency-plynna-sk","9":"pa_fat-content-454","10":"pa_fat-used-palmowy-sk","11":"pa_fat-used-repkovy-2","12":"pa_packaging-flasa-2","13":"pa_quantity-l-5-sk","14":"pa_rspo-certificate-nie-sk-2","15":"pa_segment-standard-2","16":"pa_smoke-point-225-c","17":"pa_tfa-05-2","18":"pa_without-hydrogenated-fats-nie-sk","20":"first","21":"instock","22":"shipping-taxable","23":"product-type-simple"},"_links":{"self":[{"href":"https:\/\/kruszwicapro.com\/sk\/wp-json\/wp\/v2\/product\/13126","targetHints":{"allow":["GET"]}}],"collection":[{"href":"https:\/\/kruszwicapro.com\/sk\/wp-json\/wp\/v2\/product"}],"about":[{"href":"https:\/\/kruszwicapro.com\/sk\/wp-json\/wp\/v2\/types\/product"}],"wp:featuredmedia":[{"embeddable":true,"href":"https:\/\/kruszwicapro.com\/sk\/wp-json\/wp\/v2\/media\/12639"}],"wp:attachment":[{"href":"https:\/\/kruszwicapro.com\/sk\/wp-json\/wp\/v2\/media?parent=13126"}],"wp:term":[{"taxonomy":"product_brand","embeddable":true,"href":"https:\/\/kruszwicapro.com\/sk\/wp-json\/wp\/v2\/product_brand?post=13126"},{"taxonomy":"product_cat","embeddable":true,"href":"https:\/\/kruszwicapro.com\/sk\/wp-json\/wp\/v2\/product_cat?post=13126"},{"taxonomy":"product_tag","embeddable":true,"href":"https:\/\/kruszwicapro.com\/sk\/wp-json\/wp\/v2\/product_tag?post=13126"}],"curies":[{"name":"wp","href":"https:\/\/api.w.org\/{rel}","templated":true}]}}