{"id":13122,"date":"2017-10-22T12:18:22","date_gmt":"2017-10-22T12:18:22","guid":{"rendered":"https:\/\/kruszwicapro.com\/shop\/nezaraden\u00e9\/maestro-sol-karton\/"},"modified":"2022-07-26T09:40:04","modified_gmt":"2022-07-26T09:40:04","slug":"maestro-sol-karton","status":"publish","type":"product","link":"https:\/\/kruszwicapro.com\/sk\/obchod\/olajsutokbe-hasznalatos-olajok-sk\/maestro-sol-karton\/","title":{"rendered":"Maestro Sol (bag in box)"},"content":{"rendered":"<div class=\"wpb-content-wrapper\"><p>[vc_row][vc_column][vc_column_text]<\/p>\r\n<p>Neovplyv\u0148uje chu\u0165 fin\u00e1lneho v\u00fdrobku. Tekut\u00e1 forma v\u00fdrazne ur\u00fdch\u013euje proces vypr\u00e1\u017eania. Z\u00e1rove\u0148 je efekt\u00edvna a pri spr\u00e1vnom vypr\u00e1\u017ean\u00ed odoln\u00e1 vo\u010di nepriazniv\u00fdm zmen\u00e1m, ku ktor\u00fdm doch\u00e1dza vo v\u00e4\u010d\u0161ine tukov vplyvom vysokej teploty. Olej je ur\u010den\u00fd pre v\u00fdrobky, ktor\u00e9 si vy\u017eaduj\u00fa vypr\u00e1\u017eanie vo vysokej vrstve tuku.<\/p>\r\n<ul>\r\n\t<li><strong>Vysok\u00fd dymov\u00fd bod \u2013 nad 235 \u00b0C.<\/strong><\/li>\r\n\t<li><strong>Ve\u013ek\u00e1 odolnos\u0165 vo\u010di zmen\u00e1m, ku ktor\u00fdm doch\u00e1dza v tuku po\u010das<\/strong> <strong>vypr\u00e1\u017eania pri vysok\u00fdch teplot\u00e1ch.<\/strong><\/li>\r\n\t<li><strong>Doba pou\u017eite\u013enosti je a\u017e o 40 % dlh\u0161ia v porovnan\u00ed<\/strong> <strong>s palmov\u00fdmi fritovac\u00edmi tukmi.<\/strong><\/li>\r\n\t<li><strong>Neutr\u00e1lna chu\u0165 a v\u00f4\u0148a nech\u00e1 vynikn\u00fa\u0165 prirodzen\u00fd charakter<\/strong> <strong>a ar\u00f3mu vypr\u00e1\u017ean\u00fdch jed\u00e1l.<\/strong><\/li>\r\n\t<li><strong>Tekut\u00e1 forma ur\u00fdch\u013euje ohrievanie a u\u013eah\u010duje filtrovanie.<\/strong><\/li>\r\n\t<li><strong>N\u00edzka absorpcia tuku vypr\u00e1\u017ean\u00fdmi v\u00fdrobkami.<\/strong><\/li>\r\n<\/ul>\r\n<p class=\"p1\"><strong><img loading=\"lazy\" decoding=\"async\" class=\"alignnone wp-image-10493 size-full\" src=\"https:\/\/kruszwicapro.com\/wp-content\/uploads\/2017\/09\/ico_mb.png\" alt=\"\" width=\"64\" height=\"64\" \/><\/strong><strong>MASS BALANCE<\/strong><\/p>\r\n<p>Z\u00edsk\u00e1vanie oleja z palmy je kontroverzn\u00e9, lebo sa sp\u00e1ja s ileg\u00e1lnym v\u00fdrubom da\u017e\u010fov\u00fdch pralesov kv\u00f4li pestovaniu palmy olejovej. Sme l\u00eddrom na trhu s olejmi a rastlinn\u00fdmi tukmi, proto c\u00edtime zodpovednos\u0165 za udr\u017eate\u013en\u00fd rozvoj po\u013enohospod\u00e1rstva. Spolupracujeme s dod\u00e1vate\u013emi palmov\u00e9ho oleja z plant\u00e1\u017e\u00ed, ktor\u00e9 neprispievaj\u00fa k ni\u010deniu pr\u00edrodn\u00fdch ekosyst\u00e9mov a nemaj\u00fa negat\u00edvny dopad na obyvate\u013estvo z danej oblasti. Podporujeme koncepciu syst\u00e9mu certifik\u00e1cie v\u00fdrobkov The Roundtable on Sustainable Palma Oil (RSPO). Dod\u00e1v\u00e1me v\u00fdrobky obsahuj\u00face palmov\u00fd olej s certifik\u00e1tom Mass Balance a certifik\u00e1tom Segregate.<\/p>\r\n<p>[\/vc_column_text][\/vc_column][\/vc_row]<\/p><\/div>","protected":false},"excerpt":{"rendered":"<p>Fritovac\u00ed olej Maestro Sol, ur\u010den\u00fd na vypr\u00e1\u017eanie vo vysokej vrstve tuku, je rie\u0161en\u00edm pre najn\u00e1ro\u010dnej\u0161\u00edch profesion\u00e1lov. Vyr\u00e1ba sa len z najkvalitnej\u0161\u00edch rastlinn\u00fdch olejov. Neobsahuje stu\u017een\u00e9 tuky, alerg\u00e9ny, trans-izom\u00e9ry mastn\u00fdch kysel\u00edn ani konzerva\u010dn\u00e9 l\u00e1tky. Dod\u00e1va nenas\u00fdten\u00e9 mastn\u00e9 kyseliny vo vhodnom pomere. [simple_tooltip content='Na v\u00fdrobu bol pou\u017eit\u00fd palmov\u00fd olej s certifik\u00e1tom Mass Balance']<img loading=\"lazy\" decoding=\"async\" class=\"alignnone wp-image-10493 size-full\" src=\"https:\/\/kruszwicapro.com\/wp-content\/uploads\/2017\/09\/ico_mb.png\" alt=\"\" width=\"64\" height=\"64\" \/>[\/simple_tooltip]<\/p>\n","protected":false},"featured_media":12270,"template":"","meta":[],"product_brand":[],"product_cat":[518],"product_tag":[677],"class_list":{"0":"post-13122","1":"product","2":"type-product","3":"status-publish","4":"has-post-thumbnail","6":"product_cat-olajsutokbe-hasznalatos-olajok-sk","7":"product_tag-na-vyprazanie-vo-vysokej-vrstve-tuku-sk","8":"pa_consistency-plynna-sk","9":"pa_fat-content-454","10":"pa_fat-used-palmowy-sk","11":"pa_fat-used-repkovy-2","12":"pa_fat-used-slnecnicovy-2","13":"pa_fat-used-wysokooleinowy-sk","14":"pa_packaging-bag-in-box-sk","15":"pa_quantity-l-10-sk","16":"pa_rspo-certificate-ano","17":"pa_segment-premium-2","18":"pa_smoke-point-235-c","19":"pa_tfa-441","20":"pa_without-hydrogenated-fats-nie-sk","22":"first","23":"instock","24":"shipping-taxable","25":"product-type-simple"},"_links":{"self":[{"href":"https:\/\/kruszwicapro.com\/sk\/wp-json\/wp\/v2\/product\/13122","targetHints":{"allow":["GET"]}}],"collection":[{"href":"https:\/\/kruszwicapro.com\/sk\/wp-json\/wp\/v2\/product"}],"about":[{"href":"https:\/\/kruszwicapro.com\/sk\/wp-json\/wp\/v2\/types\/product"}],"wp:featuredmedia":[{"embeddable":true,"href":"https:\/\/kruszwicapro.com\/sk\/wp-json\/wp\/v2\/media\/12270"}],"wp:attachment":[{"href":"https:\/\/kruszwicapro.com\/sk\/wp-json\/wp\/v2\/media?parent=13122"}],"wp:term":[{"taxonomy":"product_brand","embeddable":true,"href":"https:\/\/kruszwicapro.com\/sk\/wp-json\/wp\/v2\/product_brand?post=13122"},{"taxonomy":"product_cat","embeddable":true,"href":"https:\/\/kruszwicapro.com\/sk\/wp-json\/wp\/v2\/product_cat?post=13122"},{"taxonomy":"product_tag","embeddable":true,"href":"https:\/\/kruszwicapro.com\/sk\/wp-json\/wp\/v2\/product_tag?post=13122"}],"curies":[{"name":"wp","href":"https:\/\/api.w.org\/{rel}","templated":true}]}}