{"id":13118,"date":"2022-06-13T10:47:07","date_gmt":"2022-06-13T10:47:07","guid":{"rendered":"https:\/\/kruszwicapro.com\/shop\/nezaraden\u00e9\/maestro-gold\/"},"modified":"2022-07-26T09:34:42","modified_gmt":"2022-07-26T09:34:42","slug":"maestro-gold","status":"publish","type":"product","link":"https:\/\/kruszwicapro.com\/sk\/obchod\/olajsutokbe-hasznalatos-olajok-sk\/maestro-gold\/","title":{"rendered":"Maestro Gold"},"content":{"rendered":"<div class=\"wpb-content-wrapper\"><p>[vc_row][vc_column][vc_column_text]<\/p>\r\n<p>Tekut\u00fd fritovac\u00ed tuk novej gener\u00e1cie na b\u00e1ze dvoch olejov: slne\u010dnicov\u00e9ho s vysok\u00fdm obsahom kyseliny olejovej a repkov\u00e9ho. Vyzna\u010duje sa ve\u013emi dlh\u00fdm \u010dasom vypr\u00e1\u017eania a vysokou \u00fa\u010dinnos\u0165ou, v\u010faka \u010domu prispieva k ni\u017e\u0161\u00edm n\u00e1kladom na pr\u00edpravu vypr\u00e1\u017ean\u00fdch produktov. Vysok\u00fd bod zadymenia zais\u0165uje pohodln\u00fa pr\u00e1cu a zni\u017euje tvorbu nepr\u00edjemn\u00fdch pachov pri vypr\u00e1\u017ean\u00ed. Jedine\u010dn\u00e9 zlo\u017eenie najkvalitnej\u0161\u00edch rastlinn\u00fdch olejov, bez hydrogenovan\u00fdch tukov, trans-izom\u00e9rov, konzerva\u010dn\u00fdch l\u00e1tok a GMO. V\u010faka neutr\u00e1lnej chuti a v\u00f4ni je vhodn\u00fd na vypr\u00e1\u017eanie v\u0161etk\u00fdch sladk\u00fdch a slan\u00fdch cukr\u00e1rskych v\u00fdrobkov, pri\u010dom sa podie\u013ea na z\u00edskan\u00ed prirodzen\u00fdch ar\u00f3m z pou\u017eit\u00fdch zlo\u017eiek.<\/p>\r\n<p>CHARAKTERISTIKA :<\/p>\r\n<ul>\r\n\t<li><strong>Vysok\u00fd dymov\u00fd bod \u2013 nad 230 \u00b0C.<\/strong><\/li>\r\n\t<li><strong>Ve\u013emi vysok\u00e1 odolnos\u0165 vo\u010di zmen\u00e1m, ku ktor\u00fdm doch\u00e1dza v tuku po\u010das vypr\u00e1\u017eania pri vysok\u00fdch teplot\u00e1ch.<\/strong><\/li>\r\n\t<li><strong>Doba vypr\u00e1\u017eania je minim\u00e1lne 2x dlh\u0161ia v porovnan\u00ed s palmov\u00fdmi fritovac\u00edmi tukmi a 4x dlh\u0161ia v porovnan\u00ed s repkov\u00fdm olejom.<\/strong><\/li>\r\n\t<li><strong>Viac ako 70 % zdraviu prospe\u0161n\u00fdch a mononenas\u00fdten\u00fdch mastn\u00fdch kysel\u00edn odoln\u00fdch vo\u010di vysok\u00fdm teplot\u00e1m, bez hydrogenovan\u00fdch tukov a GMO.<\/strong><\/li>\r\n\t<li><strong>N\u00edzka absorpcia tuku vypr\u00e1\u017ean\u00fdmi v\u00fdrobkami.<\/strong><\/li>\r\n<\/ul>\r\n<p>[\/vc_column_text][\/vc_column][\/vc_row]<\/p><\/div>","protected":false},"excerpt":{"rendered":"<p>Tekut\u00fd fritovac\u00ed tuk novej gener\u00e1cie na b\u00e1ze dvoch olejov: slne\u010dnicov\u00e9ho s vysok\u00fdm obsahom kyseliny olejovej a repkov\u00e9ho. Vyzna\u010duje sa ve\u013emi dlh\u00fdm \u010dasom vypr\u00e1\u017eania a vysokou \u00fa\u010dinnos\u0165ou, v\u010faka \u010domu prispieva k ni\u017e\u0161\u00edm n\u00e1kladom na pr\u00edpravu vypr\u00e1\u017ean\u00fdch produktov.<\/p>\n<p>&nbsp;<\/p>\n","protected":false},"featured_media":13739,"template":"","meta":[],"product_brand":[],"product_cat":[518],"product_tag":[677],"class_list":{"0":"post-13118","1":"product","2":"type-product","3":"status-publish","4":"has-post-thumbnail","6":"product_cat-olajsutokbe-hasznalatos-olajok-sk","7":"product_tag-na-vyprazanie-vo-vysokej-vrstve-tuku-sk","8":"pa_consistency-plynna-sk","9":"pa_fat-content-454","10":"pa_fat-used-high-oleic-sunflower-sk","11":"pa_fat-used-repkovy-2","12":"pa_packaging-bag-in-box-sk","13":"pa_segment-premium-2","14":"pa_smoke-point-230c-sk","15":"pa_tfa-441","17":"first","18":"instock","19":"shipping-taxable","20":"product-type-simple"},"_links":{"self":[{"href":"https:\/\/kruszwicapro.com\/sk\/wp-json\/wp\/v2\/product\/13118","targetHints":{"allow":["GET"]}}],"collection":[{"href":"https:\/\/kruszwicapro.com\/sk\/wp-json\/wp\/v2\/product"}],"about":[{"href":"https:\/\/kruszwicapro.com\/sk\/wp-json\/wp\/v2\/types\/product"}],"wp:featuredmedia":[{"embeddable":true,"href":"https:\/\/kruszwicapro.com\/sk\/wp-json\/wp\/v2\/media\/13739"}],"wp:attachment":[{"href":"https:\/\/kruszwicapro.com\/sk\/wp-json\/wp\/v2\/media?parent=13118"}],"wp:term":[{"taxonomy":"product_brand","embeddable":true,"href":"https:\/\/kruszwicapro.com\/sk\/wp-json\/wp\/v2\/product_brand?post=13118"},{"taxonomy":"product_cat","embeddable":true,"href":"https:\/\/kruszwicapro.com\/sk\/wp-json\/wp\/v2\/product_cat?post=13118"},{"taxonomy":"product_tag","embeddable":true,"href":"https:\/\/kruszwicapro.com\/sk\/wp-json\/wp\/v2\/product_tag?post=13118"}],"curies":[{"name":"wp","href":"https:\/\/api.w.org\/{rel}","templated":true}]}}