{"id":13104,"date":"2022-06-13T13:52:40","date_gmt":"2022-06-13T13:52:40","guid":{"rendered":"https:\/\/kruszwicapro.com\/shop\/nezaraden\u00e9\/olej-s-maslovou-esenci\/"},"modified":"2022-07-26T10:49:06","modified_gmt":"2022-07-26T10:49:06","slug":"olej-s-maslovou-esenci","status":"publish","type":"product","link":"https:\/\/kruszwicapro.com\/sk\/obchod\/oleje-sk\/olej-s-maslovou-esenci\/","title":{"rendered":"Olej s m\u00e1slovou esenc\u00ed"},"content":{"rendered":"<div class=\"wpb-content-wrapper\"><p>[vc_row][vc_column][vc_column_text]Sm\u011bs \u0159epkov\u00e9ho oleje s tekutou frakc\u00ed p\u0159epu\u0161t\u011bn\u00e9ho m\u00e1sla \u2013 dostupn\u00e1 v\u00a0pohodln\u00e9 2litrov\u00e9 l\u00e1hvi. Olej s\u00a0vylep\u0161en\u00fdmi u\u017eitn\u00fdmi vlastnostmi s p\u0159\u00eddavkem m\u00e1slov\u00e9ho oleje (15\u00a0%). Doporu\u010dovan\u00fd pro pokrmy z masa, ryb, mo\u0159sk\u00fdch plod\u016f a zeleniny. Zp\u016fsobuje, \u017ee t\u011bsta, zejm\u00e9na pi\u0161kotov\u00e1, z\u00edsk\u00e1vaj\u00ed p\u0159irozenou m\u00e1slovou chu\u0165 a\u00a0v\u016fni, kr\u00e1snou barvu a p\u0159im\u011b\u0159enou vlhkost.<\/p>\r\n<p>V\u00ddSLEDEK:<\/p>\r\n<ul>\r\n\t<li><strong>D\u00e1v\u00e1 potravin\u00e1m m\u00e1slovou chu\u0165 a v\u016fni<\/strong><\/li>\r\n\t<li><strong>Nab\u00edz\u00ed u\u017eivatelsk\u00e9 klady \u0159epkov\u00e9ho oleje, nap\u0159.\u00a0kou\u0159ov\u00fd bod, kter\u00fd je nad 220\u00a0\u00b0C.<\/strong><\/li>\r\n\t<li><strong>Zaru\u010duje znamenit\u00fd a neopakovateln\u00fd kulin\u00e1\u0159sk\u00fd v\u00fdsledek.<\/strong><\/li>\r\n\t<li><strong>Neobsahuje um\u011bl\u00e9 p\u0159\u00edsady a konzervanty<\/strong><\/li>\r\n<\/ul>\r\n<p>VLASTNOSTI:<\/p>\r\n<ul>\r\n\t<li><strong>\u00da\u010dinn\u00fd a v\u0161estrann\u00fd.<\/strong><\/li>\r\n\t<li><strong>Uchov\u00e1v\u00e1 si sv\u00e9 vlastnosti do 220\u00a0\u00b0C.<\/strong><\/li>\r\n\t<li><strong>Umo\u017e\u0148uje p\u0159esn\u00e9 d\u00e1vkov\u00e1n\u00ed.<\/strong><\/li>\r\n\t<li><strong>Tekut\u00e9, homogenn\u00ed skupenstv\u00ed.<\/strong><\/li>\r\n\t<li><strong>Umo\u017e\u0148uje skv\u011ble kontrolovat proces sma\u017een\u00ed.<\/strong><\/li>\r\n\t<li><strong>Je ekonomick\u00fd efektivn\u00ed.<\/strong><\/li>\r\n<\/ul>\r\n<p>Uchov\u00e1vejte na such\u00e9m a chladn\u00e9m m\u00edst\u011b.<\/p>\r\n<p>[\/vc_column_text][\/vc_column][\/vc_row]<\/p><\/div>","protected":false},"excerpt":{"rendered":"<p>Spojenie repkov\u00e9ho oleja s tekutou frakciou pretopen\u00e9ho masla \u2013 dostupn\u00e9 v praktickej 2-litrovej f\u013ea\u0161i.<\/p>\n","protected":false},"featured_media":13665,"template":"","meta":[],"product_brand":[],"product_cat":[534],"product_tag":[677,474],"class_list":{"0":"post-13104","1":"product","2":"type-product","3":"status-publish","4":"has-post-thumbnail","6":"product_cat-oleje-sk","7":"product_tag-na-vyprazanie-vo-vysokej-vrstve-tuku-sk","8":"product_tag-na-pecenie-sk-2","9":"pa_consistency-plynna-sk","10":"pa_fat-content-454","11":"pa_packaging-flasa-2","12":"pa_quantity-l-2-l-sk","13":"pa_segment-premium-2","15":"first","16":"instock","17":"shipping-taxable","18":"product-type-simple"},"_links":{"self":[{"href":"https:\/\/kruszwicapro.com\/sk\/wp-json\/wp\/v2\/product\/13104","targetHints":{"allow":["GET"]}}],"collection":[{"href":"https:\/\/kruszwicapro.com\/sk\/wp-json\/wp\/v2\/product"}],"about":[{"href":"https:\/\/kruszwicapro.com\/sk\/wp-json\/wp\/v2\/types\/product"}],"wp:featuredmedia":[{"embeddable":true,"href":"https:\/\/kruszwicapro.com\/sk\/wp-json\/wp\/v2\/media\/13665"}],"wp:attachment":[{"href":"https:\/\/kruszwicapro.com\/sk\/wp-json\/wp\/v2\/media?parent=13104"}],"wp:term":[{"taxonomy":"product_brand","embeddable":true,"href":"https:\/\/kruszwicapro.com\/sk\/wp-json\/wp\/v2\/product_brand?post=13104"},{"taxonomy":"product_cat","embeddable":true,"href":"https:\/\/kruszwicapro.com\/sk\/wp-json\/wp\/v2\/product_cat?post=13104"},{"taxonomy":"product_tag","embeddable":true,"href":"https:\/\/kruszwicapro.com\/sk\/wp-json\/wp\/v2\/product_tag?post=13104"}],"curies":[{"name":"wp","href":"https:\/\/api.w.org\/{rel}","templated":true}]}}