{"id":13344,"date":"2017-05-17T21:49:02","date_gmt":"2017-05-17T21:49:02","guid":{"rendered":"https:\/\/kruszwicapro.com\/o-firmie\/"},"modified":"2022-08-14T21:47:37","modified_gmt":"2022-08-14T21:47:37","slug":"o-firmie","status":"publish","type":"page","link":"https:\/\/kruszwicapro.com\/sk\/o-firmie\/","title":{"rendered":"O firme"},"content":{"rendered":"<div class=\"wpb-content-wrapper\"><p>[vc_row css=&#8220;.vc_custom_1519141968269{padding-top: 30px !important;padding-bottom: 30px !important;}&#8220;][vc_column css=&#8220;.vc_custom_1519140673029{padding-bottom: 30px !important;}&#8220;][vc_custom_heading text=&#8220;Skupina Bunge&#8220; font_container=&#8220;tag:h2|font_size:36|text_align:center|color:%23005488&#8243; google_fonts=&#8220;font_family:Source%20Sans%20Pro%3A200%2C200italic%2C300%2C300italic%2Cregular%2Citalic%2C600%2C600italic%2C700%2C700italic%2C900%2C900italic|font_style:900%20bold%20regular%3A900%3Anormal&#8220; css=&#8220;.vc_custom_1522095085307{padding-top: 20px !important;padding-right: 20px !important;padding-bottom: 20px !important;padding-left: 20px !important;}&#8220;][vc_separator color=&#8220;custom&#8220; border_width=&#8220;2&#8243; el_width=&#8220;30&#8243; css_animation=&#8220;none&#8220; accent_color=&#8220;#eaeaea&#8220;][\/vc_column][vc_column width=&#8220;1\/2&#8243; css=&#8220;.vc_custom_1519142038149{padding-top: 10px !important;padding-bottom: 10px !important;}&#8220;][vc_column_text 0=&#8220;&#8220; text_color=&#8220;#333333&#8243;]<\/p>\r\n<p><strong>Svetov\u00fd l\u00edder<\/strong> v spracovan\u00ed olejnat\u00fdch semien a najv\u00e4\u010d\u0161\u00ed v\u00fdrobca rastlinn\u00fdch olejov na svete. Spolo\u010dnos\u0165 Bunge je k\u00f3tovan\u00e1 na newyorskej burze cenn\u00fdch papierov \/NYSE-BG\/, s opera\u010dnou centr\u00e1lou vo White Plains v \u0161t\u00e1te New York v Spojen\u00fdch \u0161t\u00e1toch americk\u00fdch. Bunge funguje v r\u00e1mci glob\u00e1lnej spracovate\u013eskej sf\u00e9ry, sp\u00e1ja oblasti intenz\u00edvnej po\u013enohospod\u00e1rskej v\u00fdroby s kl\u00fa\u010dov\u00fdmi glob\u00e1lnymi trhmi potravin\u00e1rskej spotreby.<\/p>\r\n<p>[\/vc_column_text][\/vc_column][vc_column width=&#8220;1\/2&#8243; css=&#8220;.vc_custom_1519142033447{padding-top: 10px !important;padding-bottom: 10px !important;}&#8220;][vc_column_text 0=&#8220;&#8220; text_color=&#8220;#333333&#8243;]<\/p>\r\n<p>Spolo\u010dnos\u0165 Bunge bola zalo\u017een\u00e1 v roku 1818 v Amsterdame a p\u00f4vodne sa \u0161pecializovala na obchod s obilninami. S\u00fa\u010dasn\u00fd integrovan\u00fd obchodn\u00fd model firmy zah\u0155\u0148a: v\u00fdrobu hnoj\u00edv, pestovanie a spracovanie po\u013enohospod\u00e1rskych plod\u00edn, v\u00fdrobu a distrib\u00faciu potrav\u00edn. <strong>Viac informaci\u00ed na str\u00e1nke:\u00a0\u00a0<a href=\"http:\/\/www.bunge.com\/\" target=\"_blank\" rel=\"noopener noreferrer\">www.bunge.com<\/a><\/strong><\/p>\r\n<p>[\/vc_column_text][\/vc_column][vc_column css=&#8220;.vc_custom_1519140734363{padding-top: 50px !important;padding-bottom: 50px !important;}&#8220;][vc_single_image image=&#8220;10279&#8243; img_size=&#8220;1280&#215;632&#8243; alignment=&#8220;center&#8220;][\/vc_column][\/vc_row][vc_row full_width=&#8220;stretch_row&#8220; content_placement=&#8220;middle&#8220; parallax=&#8220;content-moving&#8220; parallax_image=&#8220;10859&#8243; parallax_speed_bg=&#8220;2&#8243; css=&#8220;.vc_custom_1519145283594{margin-top: 0px !important;margin-right: 0px !important;margin-bottom: 0px !important;margin-left: 0px !important;}&#8220;][vc_column css=&#8220;.vc_custom_1519144589215{margin-top: 200px !important;margin-bottom: 200px !important;}&#8220;][\/vc_column][\/vc_row][vc_row equal_height=&#8220;yes&#8220; content_placement=&#8220;middle&#8220; css=&#8220;.vc_custom_1519138740098{padding-top: 50px !important;padding-bottom: 50px !important;}&#8220;][vc_column css=&#8220;.vc_custom_1519140845260{padding-bottom: 30px !important;}&#8220;][vc_custom_heading text=&#8220;O spolo\u010dnosti Bunge Polska Sp. z o.o.&#8220; font_container=&#8220;tag:h2|font_size:36|text_align:center|color:%23005488&#8243; google_fonts=&#8220;font_family:Source%20Sans%20Pro%3A200%2C200italic%2C300%2C300italic%2Cregular%2Citalic%2C600%2C600italic%2C700%2C700italic%2C900%2C900italic|font_style:900%20bold%20regular%3A900%3Anormal&#8220; css=&#8220;.vc_custom_1658749141350{padding-top: 20px !important;padding-right: 20px !important;padding-bottom: 20px !important;padding-left: 20px !important;}&#8220;][vc_separator color=&#8220;custom&#8220; border_width=&#8220;2&#8243; el_width=&#8220;30&#8243; css_animation=&#8220;none&#8220; accent_color=&#8220;#eaeaea&#8220;][\/vc_column][vc_column width=&#8220;1\/2&#8243;][vc_custom_heading text=&#8220;Bunge Polska Sp. z o.o. \u2013 najv\u00e4\u010d\u0161\u00ed spracovate\u013e olejnat\u00fdch semien a v\u00fdrobca rastlinn\u00fdch tukov v Po\u013esku a jeden z nejv\u00e4\u010d\u0161\u00edch v strednej Eur\u00f3pe.&#8220; use_theme_fonts=&#8220;yes&#8220; custom_font_weight=&#8220;700&#8243; css=&#8220;.vc_custom_1658749178296{padding-bottom: 20px !important;}&#8220;][vc_column_text 0=&#8220;&#8220; text_color=&#8220;#333333&#8243;]<\/p>\r\n<p>Tukov\u00e9 z\u00e1vody Bunge Polska Sp. z o.o. s\u00fa najv\u00e4\u010d\u0161\u00edm spracovate\u013eom olejnat\u00fdch semien a v\u00fdrobcom rastlinn\u00fdch tukov v Po\u013esku a jedn\u00fdm z najv\u00e4\u010d\u0161\u00edch v strednej Eur\u00f3pe. Patria do Skupiny Bunge &#8211; svetov\u00e9ho l\u00eddra v spracov\u00e1van\u00ed olejnat\u00fdch semien a najv\u00e4\u010d\u0161ieho svetov\u00e9ho v\u00fdrobcu rastlinn\u00fdch tukov, ktor\u00fd p\u00f4sob\u00ed vo viac ako 40 krajin\u00e1ch sveta a zamestn\u00e1va viac ako 35 tis. pracovn\u00edkov. Spolo\u010dnos\u0165 p\u00f4sob\u00ed v potravin\u00e1rskom sektore a zameriava sa na v\u00fdrobu a predaj olejov, margar\u00ednov, tukov a fritovac\u00edch tukov.<\/p>\r\n<p>[\/vc_column_text][\/vc_column][vc_column width=&#8220;1\/2&#8243;][aone_banner animation_type=&#8220;animation_blink&#8220; always_visible=&#8220;yes&#8220; aspect_ratio=&#8220;yc_ib_ratio_3x2&#8243; selectable_content=&#8220;&#8220; background_color=&#8220;#ffffff&#8220; opacity=&#8220;100&#8243; content_position=&#8220;yc_ib_content_top&#8220; use_max_width=&#8220;&#8220; heading_font_weight=&#8220;400&#8243; banner_image=&#8220;11264&#8243;][\/aone_banner][\/vc_column][\/vc_row][vc_row equal_height=&#8220;yes&#8220; content_placement=&#8220;middle&#8220; css=&#8220;.vc_custom_1519138301021{padding-top: 50px !important;padding-bottom: 50px !important;}&#8220;][vc_column width=&#8220;1\/2&#8243; css=&#8220;.vc_custom_1519141025104{padding-top: 10px !important;padding-bottom: 10px !important;}&#8220;][vc_single_image image=&#8220;10814&#8243; img_size=&#8220;full&#8220; alignment=&#8220;center&#8220; css_animation=&#8220;left-to-right&#8220;][\/vc_column][vc_column width=&#8220;1\/2&#8243; css=&#8220;.vc_custom_1519141032159{padding-top: 10px !important;padding-bottom: 10px !important;}&#8220;][vc_custom_heading text=&#8220;Integrovan\u00fd opera\u010dn\u00fd model&#8220; use_theme_fonts=&#8220;yes&#8220; custom_font_weight=&#8220;700&#8243; css=&#8220;.vc_custom_1658749250536{padding-bottom: 20px !important;}&#8220;][vc_column_text 0=&#8220;&#8220; text_color=&#8220;#333333&#8243;]<\/p>\r\n<p>\u010cinnos\u0165 Bunge Polska Sp. z o.o. je zalo\u017een\u00e1 na integrovanom opera\u010dnom modeli, ktor\u00fd zah\u0155\u0148a v\u0161etky \u010dl\u00e1nky procesu spracov\u00e1vania olejn\u00edn \u2013 od z\u00edskania suroviny, cez jej spracovanie, a\u017e po balenie a distrib\u00faciu v\u00fdrobkov k fin\u00e1lnemu z\u00e1kazn\u00edkovi. Tento model umo\u017e\u0148uje v plnej miere kontrolova\u0165 vysok\u00fa kvalitu surov\u00edn pou\u017e\u00edvan\u00fdch na v\u00fdrobu, ako aj najvy\u0161\u0161iu kvalitu hotov\u00fdch v\u00fdrobkov.<\/p>\r\n<p>[\/vc_column_text][\/vc_column][\/vc_row][vc_row full_width=&#8220;stretch_row&#8220; parallax=&#8220;content-moving&#8220; parallax_image=&#8220;10841&#8243; parallax_speed_bg=&#8220;2&#8243; css=&#8220;.vc_custom_1519144655737{margin-top: 0px !important;margin-right: 0px !important;margin-bottom: 0px !important;margin-left: 0px !important;padding-top: 0px !important;padding-right: 0px !important;padding-bottom: 0px !important;padding-left: 0px !important;}&#8220;][vc_column css=&#8220;.vc_custom_1519144661224{margin-top: 200px !important;margin-bottom: 200px !important;}&#8220;][\/vc_column][\/vc_row][vc_row 0=&#8220;&#8220; equal_height=&#8220;yes&#8220; content_placement=&#8220;middle&#8220; css=&#8220;.vc_custom_1519138507636{padding-top: 50px !important;padding-bottom: 50px !important;}&#8220;][vc_column css=&#8220;.vc_custom_1519140534739{padding-bottom: 30px !important;}&#8220;][vc_custom_heading text=&#8220;Podpora cukr\u00e1rskeho a pek\u00e1rskeho odvetvia&#8220; font_container=&#8220;tag:h2|font_size:36|text_align:center|color:%23005488&#8243; google_fonts=&#8220;font_family:Source%20Sans%20Pro%3A200%2C200italic%2C300%2C300italic%2Cregular%2Citalic%2C600%2C600italic%2C700%2C700italic%2C900%2C900italic|font_style:900%20bold%20regular%3A900%3Anormal&#8220; css=&#8220;.vc_custom_1658749312689{padding-top: 20px !important;padding-right: 20px !important;padding-bottom: 20px !important;padding-left: 20px !important;}&#8220;][vc_separator color=&#8220;custom&#8220; border_width=&#8220;2&#8243; el_width=&#8220;30&#8243; css_animation=&#8220;none&#8220; accent_color=&#8220;#eaeaea&#8220;][\/vc_column][vc_column width=&#8220;1\/2&#8243;][aone_hero_slider effect=&#8220;slide&#8220; speed=&#8220;500&#8243; autoplay_delay=&#8220;3500&#8243; horizontal_padding=&#8220;50&#8243; full_width=&#8220;&#8220; full_height=&#8220;&#8220; use_pagination=&#8220;&#8220; use_buttons=&#8220;&#8220; slides_min_height=&#8220;400&#8243;][aone_hero_slide background_image=&#8220;11134&#8243;][\/aone_hero_slide][aone_hero_slide background_image=&#8220;11130&#8243;][\/aone_hero_slide][aone_hero_slide background_image=&#8220;11337&#8243;][\/aone_hero_slide][\/aone_hero_slider][\/vc_column][vc_column width=&#8220;1\/2&#8243;][vc_custom_heading text=&#8220;Podpora mlad\u00fdch cukr\u00e1\u0159\u016f&#8220; use_theme_fonts=&#8220;yes&#8220; custom_font_weight=&#8220;700&#8243; css=&#8220;.vc_custom_1522095213551{padding-bottom: 20px !important;}&#8220;][vc_column_text 0=&#8220;&#8220; text_color=&#8220;#333333&#8243;]<\/p>\r\n<p>Bunge Polska Sp. z o.o. podporuje mlad\u00fdch cukr\u00e1rov v zdokona\u013eovan\u00ed ich zru\u010dnost\u00ed, sponzoruje s\u00fa\u0165a\u017ee pre \u0161tudentov cukr\u00e1rskych \u0161k\u00f4l, organizuje \u0161kolenia a uk\u00e1\u017eky zru\u010dnost\u00ed pre mlad\u00fdch adeptov cukr\u00e1rskeho umenia.<\/p>\r\n<p>[\/vc_column_text][\/vc_column][\/vc_row][vc_row 0=&#8220;&#8220; equal_height=&#8220;yes&#8220; content_placement=&#8220;middle&#8220; css=&#8220;.vc_custom_1519145124921{padding-top: 50px !important;padding-bottom: 50px !important;}&#8220;][vc_column width=&#8220;1\/2&#8243;][vc_custom_heading text=&#8220;Podpora sk\u00fasen\u00fdch prostredn\u00edctvom stretnut\u00ed s majstrami&#8220; use_theme_fonts=&#8220;yes&#8220; custom_font_weight=&#8220;700&#8243; css=&#8220;.vc_custom_1658749377954{padding-bottom: 20px !important;}&#8220;][vc_column_text 0=&#8220;&#8220; text_color=&#8220;#333333&#8243;]<\/p>\r\n<p>Okrem v\u00fdrobkov najvy\u0161\u0161ej kvality pon\u00fakame na\u0161im z\u00e1kazn\u00edkom aj podporu v rozv\u00edjan\u00ed ich kompetenci\u00ed. Ka\u017edodenne podporujeme cukr\u00e1rov a pek\u00e1rov v podnikan\u00ed. V r\u00e1mci Akad\u00e9mie\u00a0Majstra \u2013 iniciat\u00edvy, ktorej cie\u013eom je rozvoj cukr\u00e1rskeho a pek\u00e1rskeho odboru \u2013 m\u00f4\u017eu pek\u00e1ri a cukr\u00e1ri vyu\u017e\u00edva\u0165 mno\u017estvo tematick\u00fdch \u0161kolen\u00ed a z\u00fa\u010dast\u0148ova\u0165 sa in\u0161pirat\u00edvnych uk\u00e1\u017eok cukr\u00e1rskeho umenia veden\u00fdch tak\u00fdmi majstrami svetov\u00e9ho cukr\u00e1rstva, ako:\u00a0<strong>Leonardo Di Carlo<\/strong>,\u00a0<strong>Jordi Bordas<\/strong>,\u00a0<strong>Mieczys\u0142aw Chojnowski<\/strong> alebo\u00a0<strong>Walter Vogt<\/strong>.<\/p>\r\n<p>[\/vc_column_text][vc_empty_space height=&#8220;40px&#8220;][\/vc_column][vc_column width=&#8220;1\/2&#8243;][aone_hero_slider effect=&#8220;slide&#8220; speed=&#8220;500&#8243; autoplay_delay=&#8220;3000&#8243; horizontal_padding=&#8220;50&#8243; full_width=&#8220;&#8220; full_height=&#8220;&#8220; use_pagination=&#8220;&#8220; use_buttons=&#8220;&#8220; slides_min_height=&#8220;400&#8243;][aone_hero_slide background_image=&#8220;11142&#8243;][\/aone_hero_slide][aone_hero_slide background_image=&#8220;11138&#8243;][\/aone_hero_slide][aone_hero_slide background_image=&#8220;11297&#8243;][\/aone_hero_slide][aone_hero_slide background_image=&#8220;11293&#8243;][\/aone_hero_slide][aone_hero_slide background_image=&#8220;11289&#8243;][\/aone_hero_slide][\/aone_hero_slider][\/vc_column][\/vc_row]<\/p><\/div>","protected":false},"excerpt":{"rendered":"<p>[vc_row css=&#8220;.vc_custom_1519141968269{padding-top: 30px !important;padding-bottom: 30px !important;}&#8220;][vc_column css=&#8220;.vc_custom_1519140673029{padding-bottom: 30px !important;}&#8220;][vc_custom_heading text=&#8220;Skupina Bunge&#8220; font_container=&#8220;tag:h2|font_size:36|text_align:center|color:%23005488&#8243; google_fonts=&#8220;font_family:Source%20Sans%20Pro%3A200%2C200italic%2C300%2C300italic%2Cregular%2Citalic%2C600%2C600italic%2C700%2C700italic%2C900%2C900italic|font_style:900%20bold%20regular%3A900%3Anormal&#8220; css=&#8220;.vc_custom_1522095085307{padding-top: 20px !important;padding-right: 20px !important;padding-bottom: 20px !important;padding-left: [&hellip;]<\/p>\n","protected":false},"author":1,"featured_media":0,"parent":0,"menu_order":41,"comment_status":"closed","ping_status":"closed","template":"template-fullwidth.php","meta":{"footnotes":""},"class_list":["post-13344","page","type-page","status-publish","hentry"],"_links":{"self":[{"href":"https:\/\/kruszwicapro.com\/sk\/wp-json\/wp\/v2\/pages\/13344","targetHints":{"allow":["GET"]}}],"collection":[{"href":"https:\/\/kruszwicapro.com\/sk\/wp-json\/wp\/v2\/pages"}],"about":[{"href":"https:\/\/kruszwicapro.com\/sk\/wp-json\/wp\/v2\/types\/page"}],"author":[{"embeddable":true,"href":"https:\/\/kruszwicapro.com\/sk\/wp-json\/wp\/v2\/users\/1"}],"replies":[{"embeddable":true,"href":"https:\/\/kruszwicapro.com\/sk\/wp-json\/wp\/v2\/comments?post=13344"}],"version-history":[{"count":3,"href":"https:\/\/kruszwicapro.com\/sk\/wp-json\/wp\/v2\/pages\/13344\/revisions"}],"predecessor-version":[{"id":13471,"href":"https:\/\/kruszwicapro.com\/sk\/wp-json\/wp\/v2\/pages\/13344\/revisions\/13471"}],"wp:attachment":[{"href":"https:\/\/kruszwicapro.com\/sk\/wp-json\/wp\/v2\/media?parent=13344"}],"curies":[{"name":"wp","href":"https:\/\/api.w.org\/{rel}","templated":true}]}}