{"id":13336,"date":"2018-01-18T12:48:27","date_gmt":"2018-01-18T12:48:27","guid":{"rendered":"https:\/\/kruszwicapro.com\/dystrybutorzy\/"},"modified":"2023-03-16T14:48:09","modified_gmt":"2023-03-16T14:48:09","slug":"dystrybutorzy","status":"publish","type":"page","link":"https:\/\/kruszwicapro.com\/sk\/dystrybutorzy\/","title":{"rendered":"Distrib\u00fatori"},"content":{"rendered":"<div class=\"wpb-content-wrapper\"><p>[vc_row content_placement=&#8220;middle&#8220; parallax=&#8220;content-moving&#8220; parallax_image=&#8220;11330&#8243; css=&#8220;.vc_custom_1526311186063{background-position: center;background-repeat: no-repeat !important;background-size: cover !important;}&#8220; el_class=&#8220;no-desktop-paddings&#8220;][vc_column css=&#8220;.vc_custom_1508433817683{padding-top: 0px !important;padding-right: 0px !important;padding-bottom: 0px !important;padding-left: 0px !important;}&#8220;][vc_row_inner content_placement=&#8220;middle&#8220; css=&#8220;.vc_custom_1519056751196{margin-top: 20px !important;margin-right: 20px !important;margin-bottom: 20px !important;margin-left: 20px !important;border-top-width: 2px !important;border-right-width: 2px !important;border-bottom-width: 2px !important;border-left-width: 2px !important;padding-top: 80px !important;padding-bottom: 80px !important;border-left-color: #ffffff !important;border-left-style: dotted !important;border-right-color: #ffffff !important;border-right-style: dotted !important;border-top-color: #ffffff !important;border-top-style: dotted !important;border-bottom-color: #ffffff !important;border-bottom-style: dotted !important;}&#8220;][vc_column_inner css=&#8220;.vc_custom_1508433823874{padding-top: 0px !important;padding-right: 0px !important;padding-bottom: 0px !important;padding-left: 0px !important;}&#8220;][vc_custom_heading text=&#8220;Sme hrd\u00ed na n\u00e1\u0161ho distrib\u00fatora&#8220; font_container=&#8220;tag:h2|font_size:36|text_align:center|color:%23ffffff|line_height:1&#8243; google_fonts=&#8220;font_family:Merriweather%3A300%2C300italic%2Cregular%2Citalic%2C700%2C700italic%2C900%2C900italic|font_style:700%20bold%20regular%3A700%3Anormal&#8220; css=&#8220;.vc_custom_1658747260459{padding-top: 80px !important;padding-bottom: 80px !important;}&#8220;][\/vc_column_inner][\/vc_row_inner][\/vc_column][\/vc_row][vc_section css=&#8220;.vc_custom_1519150012462{margin-top: 60px !important;border-bottom-width: 1px !important;border-bottom-color: #ededed !important;border-bottom-style: solid !important;}&#8220;][vc_row equal_height=&#8220;yes&#8220; content_placement=&#8220;middle&#8220;][vc_column width=&#8220;1\/2&#8243;][vc_single_image image=&#8220;13834&#8243; img_size=&#8220;large&#8220; alignment=&#8220;center&#8220; style=&#8220;vc_box_rounded&#8220;][\/vc_column][vc_column width=&#8220;1\/2&#8243; css=&#8220;.vc_custom_1519149053357{padding-top: 30px !important;}&#8220;][vc_single_image image=&#8220;10532&#8243; img_size=&#8220;full&#8220; css=&#8220;.vc_custom_1519147783005{margin-bottom: 40px !important;}&#8220;][vc_column_text css=&#8220;.vc_custom_1678978087589{padding-bottom: 30px !important;}&#8220;]<\/p>\r\n<h2>IREKS ENZYMA, s.r.o.<\/h2>\r\n<p>Vy\u0161n\u00e1 \u0160ebastov\u00e1 262 080 06 Pre\u0161ov 6 <strong>Tel.:<\/strong>\u00a0<a href=\"tel:\/\/+421 517 470 000\">+421 517 470 000<\/a> \u00a0<strong>Email: \u00a0<\/strong><a href=\"mailto:sekretariat@ireks.sk\">sekretariat@ireks.sk<\/a><\/p>\r\n<p>[\/vc_column_text][\/vc_column][vc_column css=&#8220;.vc_custom_1519148433261{margin-top: 50px !important;margin-bottom: 50px !important;}&#8220;][vc_column_text css=&#8220;.vc_custom_1658747312394{margin-bottom: 60px !important;}&#8220;]<\/p>\r\n<p>Spolo\u010dnos\u0165 IREKS ENZYMA, s.r.o. Pre\u0161ov bola zalo\u017een\u00e1 v roku 1993 pod n\u00e1zvom ENZYMA SLOVAKIA spol. s.r.o. Z\u00e1vod je lokalizovan\u00fd 9 km od centra mesta Pre\u0161ov vo Vy\u0161nej \u0160ebastovej. Vybaven\u00fd je automatick\u00fdmi linkami na mie\u0161anie pr\u00edpravkov pre pek\u00e1rensk\u00fa a cukr\u00e1rensk\u00fa v\u00fdrobu a nov\u00fdm reg\u00e1lov\u00fdm skladom. V roku 2001 bolo vybudovan\u00e9 riadiace centrum firmy vo Vy\u0161nej \u0160ebastovej so sk\u00fa\u0161obnou predv\u00e1dzacou pek\u00e1r\u0148ou a laborat\u00f3riom. V sk\u00fa\u0161obnej pek\u00e1rni testujeme a vyv\u00edjame nov\u00e9 v\u00fdrobky pre z\u00e1kazn\u00edkov. Znalos\u0165 jednotliv\u00fdch parametrov m\u00faky, spolu s technologick\u00fdm servisom, ktor\u00fd poskytujeme, dok\u00e1\u017ee v\u00fdrobcom, pek\u00e1rom a cukr\u00e1rom pom\u00f4c\u0165 pri nastaven\u00ed technol\u00f3gie pre zabezpe\u010denie kvality na svojich prev\u00e1dzkach. Od roku 1999 patr\u00ed firma IREKS ENZYMA, s.r.o. k medzin\u00e1rodnej skupine IREKS GmbH so s\u00eddlom v Kulmbachu, Nemecko.<\/p>\r\n<p>[\/vc_column_text][aone_features fixed_column_width=&#8220;&#8220; enable_separator=&#8220;yes&#8220; heading_color=&#8220;#333333&#8243; heading_color_hover=&#8220;#333333&#8243; heading_font_weight=&#8220;400&#8243; heading_margin=&#8220;30px 0&#8243; text_font_weight=&#8220;400&#8243; link_font_weight=&#8220;400&#8243; icon_size=&#8220;40&#8243; icon_color=&#8220;#005488&#8243; icon_color_hover=&#8220;#3d92d0&#8243; icon_wrap_size=&#8220;64&#8243; icon_use_wrap=&#8220;yes&#8220; icon_wrap_radius=&#8220;200&#8243; icon_wrap_border_width=&#8220;2&#8243; icon_wrap_border=&#8220;#005488&#8243; icon_wrap_border_hover=&#8220;#3d92d0&#8243; list_content=&#8220;%5B%7B%22icon_type%22%3A%22font%22%2C%22custom_icon_font%22%3A%22fa%20fa-users%22%2C%22icon_openiconic%22%3A%22vc-oi%20vc-oi-dial%22%2C%22icon_typicons%22%3A%22typcn%20typcn-adjust-brightness%22%2C%22icon_entypo%22%3A%22entypo-icon%20entypo-icon-note%22%2C%22icon_linecons%22%3A%22vc_li%20vc_li-heart%22%2C%22feature_title%22%3A%22Siln%C3%BD%20z%C3%A1kaznick%C3%BD%20servis%22%7D%2C%7B%22icon_type%22%3A%22font%22%2C%22custom_icon_font%22%3A%22fa%20fa-graduation-cap%22%2C%22icon_openiconic%22%3A%22vc-oi%20vc-oi-dial%22%2C%22icon_typicons%22%3A%22typcn%20typcn-adjust-brightness%22%2C%22icon_entypo%22%3A%22entypo-icon%20entypo-icon-note%22%2C%22icon_linecons%22%3A%22vc_li%20vc_li-heart%22%2C%22feature_title%22%3A%22Atraktivn%C3%AD%20%C5%A1kolen%C3%AD%22%7D%2C%7B%22icon_type%22%3A%22font%22%2C%22custom_icon_font%22%3A%22fa%20fa-globe%22%2C%22icon_openiconic%22%3A%22vc-oi%20vc-oi-dial%22%2C%22icon_typicons%22%3A%22typcn%20typcn-adjust-brightness%22%2C%22icon_entypo%22%3A%22entypo-icon%20entypo-icon-note%22%2C%22icon_linecons%22%3A%22vc_li%20vc_li-heart%22%2C%22feature_title%22%3A%22Glob%C3%A1ln%C3%AD%20s%C3%ADt%CB%87%20partner%C5%AF%22%7D%5D&#8220;][\/vc_column][\/vc_row][\/vc_section]<\/p><\/div>","protected":false},"excerpt":{"rendered":"<p>[vc_row content_placement=&#8220;middle&#8220; parallax=&#8220;content-moving&#8220; parallax_image=&#8220;11330&#8243; css=&#8220;.vc_custom_1526311186063{background-position: center;background-repeat: no-repeat !important;background-size: cover !important;}&#8220; el_class=&#8220;no-desktop-paddings&#8220;][vc_column css=&#8220;.vc_custom_1508433817683{padding-top: 0px !important;padding-right: 0px !important;padding-bottom: 0px !important;padding-left: 0px !important;}&#8220;][vc_row_inner [&hellip;]<\/p>\n","protected":false},"author":1,"featured_media":0,"parent":0,"menu_order":19,"comment_status":"closed","ping_status":"closed","template":"template-homepage.php","meta":{"footnotes":""},"class_list":["post-13336","page","type-page","status-publish","hentry"],"_links":{"self":[{"href":"https:\/\/kruszwicapro.com\/sk\/wp-json\/wp\/v2\/pages\/13336","targetHints":{"allow":["GET"]}}],"collection":[{"href":"https:\/\/kruszwicapro.com\/sk\/wp-json\/wp\/v2\/pages"}],"about":[{"href":"https:\/\/kruszwicapro.com\/sk\/wp-json\/wp\/v2\/types\/page"}],"author":[{"embeddable":true,"href":"https:\/\/kruszwicapro.com\/sk\/wp-json\/wp\/v2\/users\/1"}],"replies":[{"embeddable":true,"href":"https:\/\/kruszwicapro.com\/sk\/wp-json\/wp\/v2\/comments?post=13336"}],"version-history":[{"count":8,"href":"https:\/\/kruszwicapro.com\/sk\/wp-json\/wp\/v2\/pages\/13336\/revisions"}],"predecessor-version":[{"id":13839,"href":"https:\/\/kruszwicapro.com\/sk\/wp-json\/wp\/v2\/pages\/13336\/revisions\/13839"}],"wp:attachment":[{"href":"https:\/\/kruszwicapro.com\/sk\/wp-json\/wp\/v2\/media?parent=13336"}],"curies":[{"name":"wp","href":"https:\/\/api.w.org\/{rel}","templated":true}]}}