{"id":14394,"date":"2026-03-08T19:20:11","date_gmt":"2026-03-08T19:20:11","guid":{"rendered":"https:\/\/kruszwicapro.com\/shop\/nem-kategorizalt\/optima-trenn-spray\/"},"modified":"2026-03-08T19:20:11","modified_gmt":"2026-03-08T19:20:11","slug":"optima-trenn-spray","status":"publish","type":"product","link":"https:\/\/kruszwicapro.com\/hu\/bolt\/olajok\/optima-trenn-spray\/","title":{"rendered":"Optima Trenn Spray"},"content":{"rendered":"<div class=\"wpb-content-wrapper\">[vc_row content_placement=&#8221;middle&#8221; parallax=&#8221;content-moving&#8221; css=&#8221;.vc_custom_1772806326406{margin-top: 0px !important;margin-right: 0px !important;margin-bottom: 0px !important;margin-left: 0px !important;background: #FFFFFF url(http:\/\/kruszwica.b2bpowergroup.com\/wp-content\/uploads\/2017\/05\/cat_margaryny.jpg?id=10152);background-position: center;background-repeat: no-repeat !important;background-size: cover !important;}&#8221; el_class=&#8221;no-desktop-paddings&#8221;][vc_column css=&#8221;.vc_custom_1508433817683{padding-top: 0px !important;padding-right: 0px !important;padding-bottom: 0px !important;padding-left: 0px !important;}&#8221;][vc_row_inner content_placement=&#8221;middle&#8221; css=&#8221;.vc_custom_1772808706653{margin-top: 20px !important;margin-right: 20px !important;margin-bottom: 20px !important;margin-left: 20px !important;border-top-width: 2px !important;border-right-width: 2px !important;border-bottom-width: 2px !important;border-left-width: 2px !important;padding-top: 0px !important;padding-bottom: 0px !important;padding-left: 10px !important;border-left-style: dotted !important;border-right-style: dotted !important;border-top-style: dotted !important;border-bottom-style: dotted !important;border-color: #ffffff !important;}&#8221;][vc_column_inner css=&#8221;.vc_custom_1508433823874{padding-top: 0px !important;padding-right: 0px !important;padding-bottom: 0px !important;padding-left: 0px !important;}&#8221;][vc_column_text css=&#8221;&#8221;]<strong>TERM\u00c9KJELLEMZ\u0150K<\/strong>\r\n<ul>\r\n \t<li>Kiemelked\u0151 tapad\u00e1sg\u00e1tl\u00f3 tulajdons\u00e1gai megakad\u00e1lyozz\u00e1k a term\u00e9kek fel\u00fclethez ragad\u00e1s\u00e1t, valamint a r\u00e1\u00e9gett lerak\u00f3d\u00e1sok kialakul\u00e1s\u00e1t a t\u0171zhelyeken, serpeny\u0151kben, grilleken \u00e9s s\u00fct\u0151form\u00e1kban.<\/li>\r\n \t<li>100% n\u00f6v\u00e9nyi alap\u00fa \u00f6sszetev\u0151k.<\/li>\r\n \t<li>Allerg\u00e9nmentes.<\/li>\r\n \t<li>Repceolaj, p\u00e1lmaolaj \u00e9s napraforg\u00f3-lecitin \u00f6sszet\u00e9tele.<\/li>\r\n \t<li>K\u00e9nyelmes, k\u00e9zre\u00e1ll\u00f3 500 ml-es kiszerel\u00e9s, minden k\u00f6r\u00fclm\u00e9nyek k\u00f6z\u00f6tt egyszer\u0171 haszn\u00e1lat.<\/li>\r\n \t<li>Gazdas\u00e1gos haszn\u00e1lat a permetez\u00e9st\u0151l elt\u00e9r\u0151 egy\u00e9b fel\u00fcletzs\u00edroz\u00e1si m\u00f3dszerekkel \u00f6sszehasonl\u00edtva.<\/li>\r\n \t<li>Magas k\u00f6lts\u00e9ghat\u00e9konys\u00e1g.<\/li>\r\n<\/ul>\r\n<strong>ALKALMAZ\u00c1S<\/strong>\r\nSpray form\u00e1tum\u00fa elv\u00e1laszt\u00f3anyag s\u00edk fel\u00fcleteken \u2013 p\u00e9ld\u00e1ul serpeny\u0151k\u00f6n, s\u00fct\u0151lapokon, r\u00e1csokon, grilleken, gofris\u00fct\u0151k\u00f6n \u2013, valamint minden t\u00edpus\u00fa s\u00fct\u0151tepsin \u00e9s form\u00e1ban t\u00f6rt\u00e9n\u0151 s\u00fct\u00e9shez.\r\n\r\n<strong>HAT\u00c1S<\/strong>\r\n\r\nEgyenletesen zs\u00edrozott fel\u00fclet, amely v\u00e9d a r\u00e1\u00e9gett zs\u00edrfoltok kialakul\u00e1sa ellen a s\u00fct\u0151fel\u00fcleteken \u00e9s a s\u00fct\u0151form\u00e1kban. Megk\u00f6nny\u00edti a haszn\u00e1lt eszk\u00f6z\u00f6k mosogat\u00e1s\u00e1t \u00e9s tiszt\u00edt\u00e1s\u00e1t, valamint lass\u00edtja azok elhaszn\u00e1l\u00f3d\u00e1s\u00e1t. \r\n\r\nS\u00f6t\u00e9t, sz\u00e1raz \u00e9s j\u00f3l szell\u0151z\u0151 helyen, 2\u201318\u00b0C k\u00f6z\u00f6tti h\u0151m\u00e9rs\u00e9kleten t\u00e1roland\u00f3.[\/vc_column_text][\/vc_column_inner][\/vc_row_inner][\/vc_column][\/vc_row]<\/div>","protected":false},"excerpt":{"rendered":"<p>Elv\u00e1laszt\u00f3anyag<\/p>\n<p>Spray form\u00e1tum\u00fa elv\u00e1laszt\u00f3anyag s\u00edk fel\u00fcleteken (p\u00e9ld\u00e1ul serpeny\u0151kben, s\u00fct\u0151lapokon, r\u00e1csokon, grilleken, gofris\u00fct\u0151k\u00f6n), valamint minden t\u00edpus\u00fa s\u00fct\u0151tepsin \u00e9s form\u00e1ban t\u00f6rt\u00e9n\u0151 s\u00fct\u00e9shez.<\/p>\n","protected":false},"featured_media":14395,"template":"","meta":[],"product_brand":[],"product_cat":[516],"product_tag":[],"class_list":{"0":"post-14394","1":"product","2":"type-product","3":"status-publish","4":"has-post-thumbnail","6":"product_cat-olajok","7":"pa_fat-content-746","8":"pa_packaging-raklap-tartaly-2","9":"pa_quantity-l-12x500ml","10":"pa_quantity-l-6000ml","12":"first","13":"instock","14":"shipping-taxable","15":"product-type-simple"},"_links":{"self":[{"href":"https:\/\/kruszwicapro.com\/hu\/wp-json\/wp\/v2\/product\/14394","targetHints":{"allow":["GET"]}}],"collection":[{"href":"https:\/\/kruszwicapro.com\/hu\/wp-json\/wp\/v2\/product"}],"about":[{"href":"https:\/\/kruszwicapro.com\/hu\/wp-json\/wp\/v2\/types\/product"}],"wp:featuredmedia":[{"embeddable":true,"href":"https:\/\/kruszwicapro.com\/hu\/wp-json\/wp\/v2\/media\/14395"}],"wp:attachment":[{"href":"https:\/\/kruszwicapro.com\/hu\/wp-json\/wp\/v2\/media?parent=14394"}],"wp:term":[{"taxonomy":"product_brand","embeddable":true,"href":"https:\/\/kruszwicapro.com\/hu\/wp-json\/wp\/v2\/product_brand?post=14394"},{"taxonomy":"product_cat","embeddable":true,"href":"https:\/\/kruszwicapro.com\/hu\/wp-json\/wp\/v2\/product_cat?post=14394"},{"taxonomy":"product_tag","embeddable":true,"href":"https:\/\/kruszwicapro.com\/hu\/wp-json\/wp\/v2\/product_tag?post=14394"}],"curies":[{"name":"wp","href":"https:\/\/api.w.org\/{rel}","templated":true}]}}