{"id":14388,"date":"2026-03-08T19:03:06","date_gmt":"2026-03-08T19:03:06","guid":{"rendered":"https:\/\/kruszwicapro.com\/shop\/nem-kategorizalt\/westfalia-feinste-19\/"},"modified":"2026-03-08T19:03:07","modified_gmt":"2026-03-08T19:03:07","slug":"westfalia-feinste-19","status":"publish","type":"product","link":"https:\/\/kruszwicapro.com\/hu\/bolt\/margarin\/westfalia-feinste-19\/","title":{"rendered":"Westfalia Feinste 19%"},"content":{"rendered":"<div class=\"wpb-content-wrapper\">[vc_row content_placement=&#8221;middle&#8221; parallax=&#8221;content-moving&#8221; css=&#8221;.vc_custom_1772806326406{margin-top: 0px !important;margin-right: 0px !important;margin-bottom: 0px !important;margin-left: 0px !important;background: #FFFFFF url(http:\/\/kruszwica.b2bpowergroup.com\/wp-content\/uploads\/2017\/05\/cat_margaryny.jpg?id=10152);background-position: center;background-repeat: no-repeat !important;background-size: cover !important;}&#8221; el_class=&#8221;no-desktop-paddings&#8221;][vc_column css=&#8221;.vc_custom_1508433817683{padding-top: 0px !important;padding-right: 0px !important;padding-bottom: 0px !important;padding-left: 0px !important;}&#8221;][vc_row_inner content_placement=&#8221;middle&#8221; css=&#8221;.vc_custom_1772808706653{margin-top: 20px !important;margin-right: 20px !important;margin-bottom: 20px !important;margin-left: 20px !important;border-top-width: 2px !important;border-right-width: 2px !important;border-bottom-width: 2px !important;border-left-width: 2px !important;padding-top: 0px !important;padding-bottom: 0px !important;padding-left: 10px !important;border-left-style: dotted !important;border-right-style: dotted !important;border-top-style: dotted !important;border-bottom-style: dotted !important;border-color: #ffffff !important;}&#8221;][vc_column_inner css=&#8221;.vc_custom_1508433823874{padding-top: 0px !important;padding-right: 0px !important;padding-bottom: 0px !important;padding-left: 0px !important;}&#8221;][vc_column_text css=&#8221;&#8221;]<strong>TERM\u00c9KJELLEMZ\u0150K<\/strong>\r\n\u2022 Kiv\u00e1l\u00f3 vajas \u00edz.\r\n\u2022 Sima, kr\u00e9mes \u00e1llag.\r\n\u2022 Tan\u00fas\u00edtott SG (Segregated) \u00fcltetv\u00e9nyekr\u0151l sz\u00e1rmaz\u00f3 p\u00e1lmazs\u00edr.\r\n\u2022 Hidrog\u00e9nezett zs\u00edrokt\u00f3l mentes.\r\n\u2022 Kiv\u00e1l\u00f3 habosod\u00e1si tulajdons\u00e1gok.\r\n\u2022 K\u00f6nnyen keveredik m\u00e1s \u00f6sszetev\u0151kkel.\r\n\u2022 Puha, finom b\u00e9lzetet ad a s\u00fctem\u00e9nyeknek.\r\n\u2022 Kiv\u00e9teles nedvess\u00e9get\/frissess\u00e9get biztos\u00edt.\r\n\u2022 Ide\u00e1lis habver\u00e9shez \u2013 k\u00f6nny\u0171 \u00e9s bolyhos kr\u00e9mtext\u00far\u00e1t garant\u00e1l.\r\n\u2022 T\u00f6k\u00e9letes kr\u00e9mekhez \u00e9s s\u00fctem\u00e9nyek sz\u00e9les v\u00e1laszt\u00e9k\u00e1nak s\u00fct\u00e9s\u00e9hez.\r\n\r\n<strong>ALKALMAZ\u00c1S<\/strong>\r\nIde\u00e1lis s\u00fctem\u00e9nyek \u00e9s kekszek s\u00fct\u00e9s\u00e9hez, valamint kr\u00e9mek k\u00e9sz\u00edt\u00e9s\u00e9hez.\r\n\r\n<strong>\u00d6SSZET\u00c9TEL<\/strong>\r\n16% koncentr\u00e1lt vajat tartalmaz (ami 19% vajtartalomnak felel meg). Egyes\u00edti a margarin funkcion\u00e1lis tulajdons\u00e1gait a vaj \u00edz\u00e9vel \u00e9s arom\u00e1j\u00e1val. \r\n\r\n<strong>EREDM\u00c9NY<\/strong>\r\n<strong>\u00c9tv\u00e1gygerjeszt\u0151 vajas arom\u00e1t \u00e9s \u00edzt k\u00f6lcs\u00f6n\u00f6z a p\u00e9k\u00e1ruknak \u00e9s kr\u00e9meknek.<\/strong>\r\n\r\nH\u0171v\u00f6s \u00e9s sz\u00e1raz helyen t\u00e1roland\u00f3.\r\n\r\n<img loading=\"lazy\" decoding=\"async\" class=\"alignnone size-full wp-image-14317 alignleft\" style=\"padding-right: 10px;\" src=\"https:\/\/kruszwicapro.com\/wp-content\/uploads\/2026\/03\/icon-sg.png\" alt=\"\" width=\"65\" height=\"64\">   <img loading=\"lazy\" decoding=\"async\" class=\"alignnone size-medium wp-image-14314 alignleft\" style=\"padding-right: 10px;\" src=\"https:\/\/kruszwicapro.com\/wp-content\/uploads\/2026\/03\/icon-nh.png\" alt=\"\" width=\"65\" height=\"64\">   <img loading=\"lazy\" decoding=\"async\" class=\"alignnone size-medium wp-image-14313 alignleft\" src=\"https:\/\/kruszwicapro.com\/wp-content\/uploads\/2026\/03\/icon-butter.png\" alt=\"\" width=\"65\" height=\"64\">\r\n\r\n&nbsp;\r\n\r\n&nbsp;\r\n\r\n<strong>FENNTARTHAT\u00d3 P\u00c1LMAOLAJ KEREKASZTAL (RSPO)<\/strong>\r\nA p\u00e1lmaolaj kitermel\u00e9se ellentmond\u00e1sos az olajp\u00e1lma-\u00fcltetv\u00e9nyek miatti illeg\u00e1lis erd\u0151irt\u00e1sok k\u00f6zels\u00e9ge miatt, ami jelent\u0151s k\u00f6rnyezetk\u00e1rosod\u00e1st okoz \u00e9s hozz\u00e1j\u00e1rul a negat\u00edv \u00e9ghajlatv\u00e1ltoz\u00e1shoz. A n\u00f6v\u00e9nyi olajok \u00e9s zs\u00edrok piacvezet\u0151jek\u00e9nt felel\u0151ss\u00e9g\u00fcnk a mez\u0151gazdas\u00e1g fenntarthat\u00f3s\u00e1g\u00e1nak \u00e9s bolyg\u00f3nk j\u00f6v\u0151j\u00e9nek biztos\u00edt\u00e1sa, valamint a helyi k\u00f6z\u00f6ss\u00e9gek t\u00e1mogat\u00e1sa. Partnereink olyan \u00fcltetv\u00e9nyekr\u0151l sz\u00e1rmaz\u00f3 p\u00e1lmaolaj-besz\u00e1ll\u00edt\u00f3k, amelyek nem j\u00e1rulnak hozz\u00e1 a term\u00e9szetes \u00f6kosziszt\u00e9m\u00e1k puszt\u00edt\u00e1s\u00e1hoz, \u00e9s nincsenek negat\u00edv hat\u00e1ssal a t\u00e9rs\u00e9gben \u00e9l\u0151 lakoss\u00e1gra. Fenntarthat\u00f3 P\u00e1lmaolaj Kerekasztal (RSPO). P\u00e1lmaolajat tartalmaz\u00f3 term\u00e9keinket Mass Balance (t\u00f6megm\u00e9rleg) \u00e9s Segregated (elk\u00fcl\u00f6n\u00edtett) rendszerben sz\u00e1ll\u00edtjuk. L\u00e1sd a Maestra \u00e9s Maestro term\u00e9kcsal\u00e1dot.    \r\n\r\n<strong>MELANGE<\/strong>\r\nKoncentr\u00e1lt tejzs\u00edrt tartalmaz\u00f3 term\u00e9kek.\r\nL\u00e1sd a Maestra term\u00e9kcsal\u00e1dot.[\/vc_column_text][\/vc_column_inner][\/vc_row_inner][\/vc_column][\/vc_row]<\/div>","protected":false},"excerpt":{"rendered":"<p>Vajas margarin<br \/>\nIde\u00e1lis s\u00fctem\u00e9nyek \u00e9s kekszek s\u00fct\u00e9s\u00e9hez, valamint kr\u00e9mek k\u00e9sz\u00edt\u00e9s\u00e9hez.<br \/>\n[simple_tooltip]<img loading=\"lazy\" decoding=\"async\" class=\"alignnone size-full wp-image-14317 alignleft\" style=\"padding-right: 10px;\" src=\"https:\/\/kruszwicapro.com\/wp-content\/uploads\/2026\/03\/icon-sg.png\" alt=\"\" width=\"65\" height=\"64\"> <img loading=\"lazy\" decoding=\"async\" class=\"alignnone size-medium wp-image-14314 alignleft\" style=\"padding-right: 10px;\" src=\"https:\/\/kruszwicapro.com\/wp-content\/uploads\/2026\/03\/icon-nh.png\" alt=\"\" width=\"65\" height=\"64\"> <img loading=\"lazy\" decoding=\"async\" class=\"alignnone size-medium wp-image-14313 alignleft\" src=\"https:\/\/kruszwicapro.com\/wp-content\/uploads\/2026\/03\/icon-butter.png\" alt=\"\" width=\"65\" height=\"64\">[\/simple_tooltip] <\/p>\n","protected":false},"featured_media":14389,"template":"","meta":[],"product_brand":[],"product_cat":[521],"product_tag":[],"class_list":{"0":"post-14388","1":"product","2":"type-product","3":"status-publish","4":"has-post-thumbnail","6":"product_cat-margarin","7":"pa_fat-content-tluszcz-80-hu","8":"pa_packaging-raklap-tartaly-2","9":"pa_quantity-kg-10-hu","10":"pa_quantity-kg-4x2-5kg","12":"first","13":"instock","14":"shipping-taxable","15":"product-type-simple"},"_links":{"self":[{"href":"https:\/\/kruszwicapro.com\/hu\/wp-json\/wp\/v2\/product\/14388","targetHints":{"allow":["GET"]}}],"collection":[{"href":"https:\/\/kruszwicapro.com\/hu\/wp-json\/wp\/v2\/product"}],"about":[{"href":"https:\/\/kruszwicapro.com\/hu\/wp-json\/wp\/v2\/types\/product"}],"wp:featuredmedia":[{"embeddable":true,"href":"https:\/\/kruszwicapro.com\/hu\/wp-json\/wp\/v2\/media\/14389"}],"wp:attachment":[{"href":"https:\/\/kruszwicapro.com\/hu\/wp-json\/wp\/v2\/media?parent=14388"}],"wp:term":[{"taxonomy":"product_brand","embeddable":true,"href":"https:\/\/kruszwicapro.com\/hu\/wp-json\/wp\/v2\/product_brand?post=14388"},{"taxonomy":"product_cat","embeddable":true,"href":"https:\/\/kruszwicapro.com\/hu\/wp-json\/wp\/v2\/product_cat?post=14388"},{"taxonomy":"product_tag","embeddable":true,"href":"https:\/\/kruszwicapro.com\/hu\/wp-json\/wp\/v2\/product_tag?post=14388"}],"curies":[{"name":"wp","href":"https:\/\/api.w.org\/{rel}","templated":true}]}}