{"id":14386,"date":"2026-03-08T18:47:56","date_gmt":"2026-03-08T18:47:56","guid":{"rendered":"https:\/\/kruszwicapro.com\/shop\/nem-kategorizalt\/westfalia-feinste-20\/"},"modified":"2026-03-08T18:56:28","modified_gmt":"2026-03-08T18:56:28","slug":"westfalia-feinste-20","status":"publish","type":"product","link":"https:\/\/kruszwicapro.com\/hu\/bolt\/margarin\/westfalia-feinste-20\/","title":{"rendered":"Westfalia Feinste 20%"},"content":{"rendered":"<div class=\"wpb-content-wrapper\">[vc_row content_placement=&#8221;middle&#8221; parallax=&#8221;content-moving&#8221; css=&#8221;.vc_custom_1772806326406{margin-top: 0px !important;margin-right: 0px !important;margin-bottom: 0px !important;margin-left: 0px !important;background: #FFFFFF url(http:\/\/kruszwica.b2bpowergroup.com\/wp-content\/uploads\/2017\/05\/cat_margaryny.jpg?id=10152);background-position: center;background-repeat: no-repeat !important;background-size: cover !important;}&#8221; el_class=&#8221;no-desktop-paddings&#8221;][vc_column css=&#8221;.vc_custom_1508433817683{padding-top: 0px !important;padding-right: 0px !important;padding-bottom: 0px !important;padding-left: 0px !important;}&#8221;][vc_row_inner content_placement=&#8221;middle&#8221; css=&#8221;.vc_custom_1772808706653{margin-top: 20px !important;margin-right: 20px !important;margin-bottom: 20px !important;margin-left: 20px !important;border-top-width: 2px !important;border-right-width: 2px !important;border-bottom-width: 2px !important;border-left-width: 2px !important;padding-top: 0px !important;padding-bottom: 0px !important;padding-left: 10px !important;border-left-style: dotted !important;border-right-style: dotted !important;border-top-style: dotted !important;border-bottom-style: dotted !important;border-color: #ffffff !important;}&#8221;][vc_column_inner css=&#8221;.vc_custom_1508433823874{padding-top: 0px !important;padding-right: 0px !important;padding-bottom: 0px !important;padding-left: 0px !important;}&#8221;][vc_column_text css=&#8221;&#8221;]<strong>TERM\u00c9KJELLEMZ\u0150K<\/strong>\r\n<ul>\r\n \t<li>Vajas \u00edzt \u00e9s arom\u00e1t k\u00f6lcs\u00f6n\u00f6z a p\u00e9k\u00e1ruknak.<\/li>\r\n \t<li>SG-tan\u00fas\u00edtv\u00e1nnyal rendelkez\u0151 (Segregated) p\u00e1lmazs\u00edr.<\/li>\r\n \t<li>Hidrog\u00e9nezett zs\u00edrokt\u00f3l mentes.<\/li>\r\n \t<li>Garant\u00e1lja az ide\u00e1lis t\u00e9szta-lamin\u00e1l\u00e1st \u00e9s a kiv\u00e1l\u00f3 v\u00e9geredm\u00e9nyt.<\/li>\r\n \t<li>Kiv\u00e1l\u00f3 plaszticit\u00e1s. Lehet\u0151v\u00e9 teszi a ny\u00fajt\u00e1st \u00e9s hajtogat\u00e1st a t\u00e9sztar\u00e9tegek t\u00f6r\u00e9se vagy reped\u00e9se n\u00e9lk\u00fcl. <\/li>\r\n \t<li>Biztos\u00edtja a p\u00e9k\u00e1ruk megfelel\u0151 emelked\u00e9s\u00e9t \u00e9s alakj\u00e1t.<\/li>\r\n \t<li>K\u00e9zi \u00e9s g\u00e9pi feldolgoz\u00e1sra egyar\u00e1nt alkalmas.<\/li>\r\n<\/ul>\r\n<strong>ALKALMAZ\u00c1S<\/strong>\r\nFinom \u00e9s k\u00f6nny\u0171 leveles t\u00e9szta, plund\u00e9rt\u00e9szta \u00e9s croissant k\u00e9sz\u00edt\u00e9s\u00e9hez.\r\n\r\n<strong>\u00d6SSZET\u00c9TEL<\/strong>\r\n8% koncentr\u00e1lt vajat tartalmaz (ami 10% vajtartalomnak felel meg). Egyes\u00edti a lamin\u00e1l\u00f3 margarin funkcion\u00e1lis tulajdons\u00e1gait a vaj \u00edz\u00e9vel \u00e9s arom\u00e1j\u00e1val. \r\n\r\n<strong>EREDM\u00c9NYEK<\/strong>\r\n<strong>Finom, vajas \u00edz \u00e9s aroma a p\u00e9k\u00e1rukban, kiv\u00e1l\u00f3 t\u00e9szta-lamin\u00e1l\u00e1si hat\u00e1s, valamint a s\u00fctem\u00e9nyek megfelel\u0151 emelked\u00e9se \u00e9s alakja a s\u00fct\u00e9s ut\u00e1n.<\/strong>\r\n\r\nH\u0171v\u00f6s \u00e9s sz\u00e1raz helyen t\u00e1roland\u00f3.\r\n\r\n<img loading=\"lazy\" decoding=\"async\" class=\"alignnone size-full wp-image-14317 alignleft\" style=\"padding-right: 10px;\" src=\"https:\/\/kruszwicapro.com\/wp-content\/uploads\/2026\/03\/icon-sg.png\" alt=\"\" width=\"65\" height=\"64\">   <img loading=\"lazy\" decoding=\"async\" class=\"alignnone size-medium wp-image-14314 alignleft\" style=\"padding-right: 10px;\" src=\"https:\/\/kruszwicapro.com\/wp-content\/uploads\/2026\/03\/icon-nh.png\" alt=\"\" width=\"65\" height=\"64\">   <img loading=\"lazy\" decoding=\"async\" class=\"alignnone size-medium wp-image-14313 alignleft\" src=\"https:\/\/kruszwicapro.com\/wp-content\/uploads\/2026\/03\/icon-butter.png\" alt=\"\" width=\"65\" height=\"64\">\r\n\r\n&nbsp;\r\n\r\n&nbsp;\r\n\r\n<strong>FENNTARTHAT\u00d3 P\u00c1LMAOLAJ KEREKASZTAL (RSPO)<\/strong>\r\nA p\u00e1lmaolaj kitermel\u00e9se ellentmond\u00e1sos az es\u0151erd\u0151k illeg\u00e1lis irt\u00e1s\u00e1val val\u00f3 \u00f6sszef\u00fcgg\u00e9se miatt, ami jelent\u0151s k\u00f6rnyezetk\u00e1rosod\u00e1st okoz \u00e9s hozz\u00e1j\u00e1rul a negat\u00edv \u00e9ghajlatv\u00e1ltoz\u00e1shoz. A n\u00f6v\u00e9nyi olajok \u00e9s zs\u00edrok piacvezet\u0151jek\u00e9nt felel\u0151ss\u00e9g\u00fcnk a fenntarthat\u00f3 mez\u0151gazdas\u00e1g, bolyg\u00f3nk j\u00f6v\u0151je \u00e9s a helyi k\u00f6z\u00f6ss\u00e9gek t\u00e1mogat\u00e1sa. Partnereink olyan \u00fcltetv\u00e9nyekr\u0151l sz\u00e1rmaz\u00f3 p\u00e1lmaolajat sz\u00e1ll\u00edtanak, amelyek nem j\u00e1rulnak hozz\u00e1 a term\u00e9szetes \u00f6kosziszt\u00e9m\u00e1k puszt\u00edt\u00e1s\u00e1hoz, \u00e9s nincsenek negat\u00edv hat\u00e1ssal a t\u00e9rs\u00e9gben \u00e9l\u0151 lakoss\u00e1gra. Fenntarthat\u00f3 P\u00e1lmaolaj Kerekasztal (RSPO). P\u00e1lmaolajat tartalmaz\u00f3 term\u00e9keinket Mass Balance (t\u00f6megm\u00e9rleg) \u00e9s Segregated (elk\u00fcl\u00f6n\u00edtett) rendszerben sz\u00e1ll\u00edtjuk.\r\nL\u00e1sd a Maestra \u00e9s Maestro term\u00e9kcsal\u00e1dot.    \r\n\r\n<strong>MELANGE<\/strong>\r\nKoncentr\u00e1lt tejzs\u00edrt tartalmaz\u00f3 term\u00e9kek.\r\nL\u00e1sd a Maestra term\u00e9kcsal\u00e1dot.[\/vc_column_text][\/vc_column_inner][\/vc_row_inner][\/vc_column][\/vc_row]<\/div>","protected":false},"excerpt":{"rendered":"<p>Finom \u00e9s k\u00f6nny\u0171 leveles t\u00e9szta, d\u00e1n t\u00e9szta, valamint croissant k\u00e9sz\u00edt\u00e9s\u00e9hez.<\/p>\n<p>8% koncentr\u00e1lt vajat tartalmaz (ami 10% vajtartalomnak felel meg). Egyes\u00edti a lamin\u00e1l\u00f3 margarin funkcion\u00e1lis tulajdons\u00e1gait a vaj \u00edz\u00e9vel \u00e9s arom\u00e1j\u00e1val. <\/p>\n[simple_tooltip]<img loading=\"lazy\" decoding=\"async\" class=\"alignnone size-full wp-image-14317 alignleft\" style=\"padding-right: 10px;\" src=\"https:\/\/kruszwicapro.com\/wp-content\/uploads\/2026\/03\/icon-sg.png\" alt=\"\" width=\"65\" height=\"64\">   <img loading=\"lazy\" decoding=\"async\" class=\"alignnone size-medium wp-image-14314 alignleft\" style=\"padding-right: 10px;\" src=\"https:\/\/kruszwicapro.com\/wp-content\/uploads\/2026\/03\/icon-nh.png\" alt=\"\" width=\"65\" height=\"64\">   <img loading=\"lazy\" decoding=\"async\" class=\"alignnone size-medium wp-image-14313 alignleft\" src=\"https:\/\/kruszwicapro.com\/wp-content\/uploads\/2026\/03\/icon-butter.png\" alt=\"\" width=\"65\" height=\"64\">[\/simple_tooltip]\n","protected":false},"featured_media":14387,"template":"","meta":[],"product_brand":[],"product_cat":[521],"product_tag":[],"class_list":{"0":"post-14386","1":"product","2":"type-product","3":"status-publish","4":"has-post-thumbnail","6":"product_cat-margarin","7":"pa_fat-content-tluszcz-80-hu","8":"pa_packaging-raklap-tartaly-2","9":"pa_quantity-kg-10-hu","10":"pa_quantity-kg-5x2-hu","12":"first","13":"instock","14":"shipping-taxable","15":"product-type-simple"},"_links":{"self":[{"href":"https:\/\/kruszwicapro.com\/hu\/wp-json\/wp\/v2\/product\/14386","targetHints":{"allow":["GET"]}}],"collection":[{"href":"https:\/\/kruszwicapro.com\/hu\/wp-json\/wp\/v2\/product"}],"about":[{"href":"https:\/\/kruszwicapro.com\/hu\/wp-json\/wp\/v2\/types\/product"}],"wp:featuredmedia":[{"embeddable":true,"href":"https:\/\/kruszwicapro.com\/hu\/wp-json\/wp\/v2\/media\/14387"}],"wp:attachment":[{"href":"https:\/\/kruszwicapro.com\/hu\/wp-json\/wp\/v2\/media?parent=14386"}],"wp:term":[{"taxonomy":"product_brand","embeddable":true,"href":"https:\/\/kruszwicapro.com\/hu\/wp-json\/wp\/v2\/product_brand?post=14386"},{"taxonomy":"product_cat","embeddable":true,"href":"https:\/\/kruszwicapro.com\/hu\/wp-json\/wp\/v2\/product_cat?post=14386"},{"taxonomy":"product_tag","embeddable":true,"href":"https:\/\/kruszwicapro.com\/hu\/wp-json\/wp\/v2\/product_tag?post=14386"}],"curies":[{"name":"wp","href":"https:\/\/api.w.org\/{rel}","templated":true}]}}