{"id":14379,"date":"2026-03-06T18:32:19","date_gmt":"2026-03-06T18:32:19","guid":{"rendered":"https:\/\/kruszwicapro.com\/shop\/nem-kategorizalt\/trenn-pro-l50dt\/"},"modified":"2026-03-08T19:24:01","modified_gmt":"2026-03-08T19:24:01","slug":"trenn-pro-l50dt","status":"publish","type":"product","link":"https:\/\/kruszwicapro.com\/hu\/bolt\/olajok\/trenn-pro-l50dt\/","title":{"rendered":"Trenn Pro L50DT"},"content":{"rendered":"<div class=\"wpb-content-wrapper\">[vc_row content_placement=&#8221;middle&#8221; parallax=&#8221;content-moving&#8221; css=&#8221;.vc_custom_1772806326406{margin-top: 0px !important;margin-right: 0px !important;margin-bottom: 0px !important;margin-left: 0px !important;background: #FFFFFF url(http:\/\/kruszwica.b2bpowergroup.com\/wp-content\/uploads\/2017\/05\/cat_margaryny.jpg?id=10152);background-position: center;background-repeat: no-repeat !important;background-size: cover !important;}&#8221; el_class=&#8221;no-desktop-paddings&#8221;][vc_column css=&#8221;.vc_custom_1508433817683{padding-top: 0px !important;padding-right: 0px !important;padding-bottom: 0px !important;padding-left: 0px !important;}&#8221;][vc_row_inner content_placement=&#8221;middle&#8221; css=&#8221;.vc_custom_1772808706653{margin-top: 20px !important;margin-right: 20px !important;margin-bottom: 20px !important;margin-left: 20px !important;border-top-width: 2px !important;border-right-width: 2px !important;border-bottom-width: 2px !important;border-left-width: 2px !important;padding-top: 0px !important;padding-bottom: 0px !important;padding-left: 10px !important;border-left-style: dotted !important;border-right-style: dotted !important;border-top-style: dotted !important;border-bottom-style: dotted !important;border-color: #ffffff !important;}&#8221;][vc_column_inner css=&#8221;.vc_custom_1508433823874{padding-top: 0px !important;padding-right: 0px !important;padding-bottom: 0px !important;padding-left: 0px !important;}&#8221;][vc_column_text css=&#8221;&#8221;]<strong>TERM\u00c9KJELLEMZ\u0150K<\/strong>\r\n<ul>\r\n \t<li>Gazdas\u00e1gos haszn\u00e1lat a permetez\u00e9st\u0151l elt\u00e9r\u0151 egy\u00e9b fel\u00fcletzs\u00edroz\u00e1si m\u00f3dszerekkel \u00f6sszehasonl\u00edtva.<\/li>\r\n \t<li>Felvihet\u0151 p\u00e9kecsettel, valamint leveg\u0151s vagy elektromos sz\u00f3r\u00f3pisztollyal is.<\/li>\r\n \t<li>Semleges \u00edz\u0171, \u00e9lelmiszerrel \u00e9rintkezve teljesen biztons\u00e1gos, nem befoly\u00e1solja a p\u00e9k\u00e1ruk \u00edz\u00e9t.<\/li>\r\n \t<li>100% n\u00f6v\u00e9nyi alap\u00fa \u00f6sszetev\u0151k \u2013 veg\u00e1n term\u00e9kekhez is alkalmas.<\/li>\r\n \t<li>Allerg\u00e9nmentes.<\/li>\r\n<\/ul>\r\n<strong>ALKALMAZ\u00c1S<\/strong>\r\nSpeci\u00e1lis elv\u00e1laszt\u00f3anyag cukr\u00e1szati form\u00e1khoz \u00e9s s\u00fct\u0151tepsikhez, dagaszt\u00f3tekn\u0151kh\u00f6z, keleszt\u0151kosarakhoz \u00e9s egy\u00e9b s\u00fct\u0151ipari berendez\u00e9sekhez, a t\u00e9szta letapad\u00e1s\u00e1nak megakad\u00e1lyoz\u00e1s\u00e1ra. A recept\u00far\u00e1ban tal\u00e1lhat\u00f3 n\u00f6v\u00e9nyi viaszoknak k\u00f6sz\u00f6nhet\u0151en a zs\u00edr j\u00f3l tapad a form\u00e1hoz. A term\u00e9k k\u00fcl\u00f6n\u00f6sen alkalmas teljes ki\u0151rl\u00e9s\u0171 \u00e9s cukorban gazdag p\u00e9k\u00e1rukhoz.  \r\n\r\n<strong>HAT\u00c1S<\/strong>\r\nEgyenletes ken\u00e9st biztos\u00edt a fel\u00fcletnek, \u00e9s megv\u00e9di a form\u00e1kat a r\u00e1\u00e9gett zs\u00edrfoltokt\u00f3l; megk\u00f6nny\u00edti a haszn\u00e1lt eszk\u00f6z\u00f6k mosogat\u00e1s\u00e1t \u00e9s tiszt\u00edt\u00e1s\u00e1t, valamint lass\u00edtja azok elhaszn\u00e1l\u00f3d\u00e1s\u00e1t.\r\n\r\nS\u00f6t\u00e9t, sz\u00e1raz \u00e9s j\u00f3l szell\u0151z\u0151 helyen, 2\u201318\u00b0C k\u00f6z\u00f6tti h\u0151m\u00e9rs\u00e9kleten t\u00e1roland\u00f3.[\/vc_column_text][\/vc_column_inner][\/vc_row_inner][\/vc_column][\/vc_row]<\/div>","protected":false},"excerpt":{"rendered":"<p>Elv\u00e1laszt\u00f3anyag<\/p>\n<p>Speci\u00e1lis elv\u00e1laszt\u00f3anyag cukr\u00e1szati form\u00e1khoz \u00e9s s\u00fct\u0151tepsikhez, dagaszt\u00f3tekn\u0151kh\u00f6z, keleszt\u0151kosarakhoz \u00e9s egy\u00e9b s\u00fct\u0151ipari berendez\u00e9sekhez, a t\u00e9szta letapad\u00e1s\u00e1nak megakad\u00e1lyoz\u00e1s\u00e1ra.<\/p>\n","protected":false},"featured_media":14380,"template":"","meta":[],"product_brand":[],"product_cat":[516],"product_tag":[],"class_list":{"0":"post-14379","1":"product","2":"type-product","3":"status-publish","4":"has-post-thumbnail","6":"product_cat-olajok","7":"pa_packaging-raklap-tartaly-2","8":"pa_quantity-l-12l","10":"first","11":"instock","12":"shipping-taxable","13":"product-type-simple"},"_links":{"self":[{"href":"https:\/\/kruszwicapro.com\/hu\/wp-json\/wp\/v2\/product\/14379","targetHints":{"allow":["GET"]}}],"collection":[{"href":"https:\/\/kruszwicapro.com\/hu\/wp-json\/wp\/v2\/product"}],"about":[{"href":"https:\/\/kruszwicapro.com\/hu\/wp-json\/wp\/v2\/types\/product"}],"wp:featuredmedia":[{"embeddable":true,"href":"https:\/\/kruszwicapro.com\/hu\/wp-json\/wp\/v2\/media\/14380"}],"wp:attachment":[{"href":"https:\/\/kruszwicapro.com\/hu\/wp-json\/wp\/v2\/media?parent=14379"}],"wp:term":[{"taxonomy":"product_brand","embeddable":true,"href":"https:\/\/kruszwicapro.com\/hu\/wp-json\/wp\/v2\/product_brand?post=14379"},{"taxonomy":"product_cat","embeddable":true,"href":"https:\/\/kruszwicapro.com\/hu\/wp-json\/wp\/v2\/product_cat?post=14379"},{"taxonomy":"product_tag","embeddable":true,"href":"https:\/\/kruszwicapro.com\/hu\/wp-json\/wp\/v2\/product_tag?post=14379"}],"curies":[{"name":"wp","href":"https:\/\/api.w.org\/{rel}","templated":true}]}}