{"id":13856,"date":"2023-04-06T11:20:15","date_gmt":"2023-04-06T11:20:15","guid":{"rendered":"https:\/\/kruszwicapro.com\/shop\/nem-kategorizalt\/prima-kreemi-white-sg\/"},"modified":"2023-04-07T11:48:42","modified_gmt":"2023-04-07T11:48:42","slug":"prima-kreemi-white-sg","status":"publish","type":"product","link":"https:\/\/kruszwicapro.com\/hu\/bolt\/zsiradekok\/prima-kreemi-white-sg\/","title":{"rendered":"Prima Kreemi White SG"},"content":{"rendered":"<div class=\"wpb-content-wrapper\"><p>[vc_row][vc_column][vc_column_text]<\/p>\r\n<h4><strong>ALKALMAZ\u00c1SA<\/strong><\/h4>\r\n<p>T\u00f6k\u00e9letes desszertek k\u00e9sz\u00edt\u00e9s\u00e9hez t\u00e1ny\u00e9ron, hideg kr\u00e9mek (t\u00edpus: Russel, sv\u00e9d, puding), massz\u00e1k \u00e9s t\u00f6ltel\u00e9kek k\u00e9sz\u00edt\u00e9s\u00e9hez s\u00fctem\u00e9nyekhez, rol\u00e1dokhoz, kornetekhez, cupcake-ekhez, muffinokhoz, oml\u00f3s muffinokhoz, ekl\u00e9rekhez, omlettekhez, valamint s\u00fctem\u00e9nyek befejez\u00e9s\u00e9hez \u00e9s d\u00edsz\u00edt\u00e9s\u00e9hez.<\/p>\r\n<h4>\u00a0<\/h4>\r\n<h4><strong>EGYEDI RECEPT<\/strong><\/h4>\r\n<p>Zs\u00edr \u00e9s cukor egyed\u00fcl\u00e1ll\u00f3 kever\u00e9ke, semleges illattal \u00e9s sz\u00ednnel, mindenf\u00e9le zs\u00edr alap\u00fa kr\u00e9mhez, massz\u00e1hoz \u00e9s t\u00f6ltel\u00e9khez haszn\u00e1lhat\u00f3. A h\u0171t\u0151b\u00f3l val\u00f3 kiemel\u00e9s, felver\u00e9s, \u00edz- \u00e9s aroma \u00f6sszetev\u0151k hozz\u00e1ad\u00e1sa ut\u00e1n azonnal haszn\u00e1lhat\u00f3.<\/p>\r\n<h4>\u00a0<\/h4>\r\n<h4><strong>A TERM\u00c9KEK JELLEMZ\u0150I<\/strong><\/h4>\r\n<p>Gyorsas\u00e1got \u00e9s k\u00f6nny\u0171 haszn\u00e1latot biztos\u00edt.<br \/>\r\nGarant\u00e1lja a folyamat megism\u00e9telhet\u0151s\u00e9g\u00e9t \u00e9s a v\u00e9geredm\u00e9nyeket.<br \/>\r\nJ\u00f3 leveg\u0151ztet\u0151 tulajdons\u00e1gokkal rendelkezik.<br \/>\r\nJ\u00f3l kombin\u00e1lhat\u00f3 m\u00e1s \u00f6sszetev\u0151kkel, mint p\u00e9ld\u00e1ul: csokol\u00e1d\u00e9, gy\u00fcm\u00f6lcs, alkohol, \u00e9s tejterm\u00e9kek.<br \/>\r\nGarant\u00e1lja az elk\u00e9sz\u00edtett kr\u00e9mek magas stabilit\u00e1s\u00e1t.<br \/>\r\nVeg\u00e1nok sz\u00e1m\u00e1ra alkalmas term\u00e9k.<br \/>\r\nA Prima Kreemi White SG cukr\u00e1szkr\u00e9m alap\u00fa k\u00e9sz kr\u00e9mek, massz\u00e1k \u00e9s t\u00f6ltel\u00e9kek min\u0151s\u00e9g-, forma- \u00e9s szerkezetveszt\u00e9s n\u00e9lk\u00fcl lefagyaszthat\u00f3k.<\/p>\r\n<p>Sz\u00e1raz \u00e9s h\u0171v\u00f6s helyen, +4\u00baC \u00e9s +15\u00baC k\u00f6z\u00f6tti h\u0151m\u00e9rs\u00e9kleten, f\u00e9nyt\u0151l \u00e9s er\u0151s szagokt\u00f3l t\u00e1vol t\u00e1roland\u00f3.<\/p>\r\n<table style=\"border-collapse: collapse; width: 100%; height: 48px;\">\r\n<tbody>\r\n<tr style=\"height: 24px;\">\r\n<td style=\"width: 25%; height: 24px;\">Csomagol\u00e1si egys\u00e9g<\/td>\r\n<td style=\"width: 25%; height: 24px;\">Euro raklap<\/td>\r\n<td style=\"width: 25%; height: 24px;\">Szavatoss\u00e1gi id\u0151<\/td>\r\n<td style=\"width: 25%; height: 24px;\">Zs\u00edrtartalom<\/td>\r\n<\/tr>\r\n<tr style=\"height: 24px;\">\r\n<td style=\"width: 25%; height: 24px;\">5 kg<\/td>\r\n<td style=\"width: 25%; height: 24px;\">600kg (120x5kg)<\/td>\r\n<td style=\"width: 25%; height: 24px;\">156 nap<\/td>\r\n<td style=\"width: 25%; height: 24px;\">60%<\/td>\r\n<\/tr>\r\n<\/tbody>\r\n<\/table>\r\n<p>&nbsp;<\/p>\r\n<p>Ha ezt a term\u00e9ket v\u00e1lasztja, biztos lehet benne, hogy RSPO tan\u00fas\u00edtv\u00e1nnyal rendelkez\u0151 p\u00e1lmaolajat tartalmaz, amelyet szigor\u00fa k\u00f6rnyezetv\u00e9delmi \u00e9s t\u00e1rsadalmi krit\u00e9riumok szerint \u00e1ll\u00edtottak el\u0151.<\/p>\r\n<p>[\/vc_column_text][\/vc_column][\/vc_row]<\/p><\/div>","protected":false},"excerpt":{"rendered":"<p>T\u00f6k\u00e9letes desszertek k\u00e9sz\u00edt\u00e9s\u00e9hez t\u00e1ny\u00e9ron, hideg kr\u00e9mek (t\u00edpus: Russel, sv\u00e9d, puding), massz\u00e1k \u00e9s t\u00f6ltel\u00e9kek k\u00e9sz\u00edt\u00e9s\u00e9hez s\u00fctem\u00e9nyekhez, rol\u00e1dokhoz, kornetekhez, cupcake-ekhez, muffinokhoz, oml\u00f3s muffinokhoz, ekl\u00e9rekhez, omlettekhez, valamint s\u00fctem\u00e9nyek befejez\u00e9s\u00e9hez \u00e9s d\u00edsz\u00edt\u00e9s\u00e9hez.<\/p>\n","protected":false},"featured_media":13853,"template":"","meta":[],"product_brand":[],"product_cat":[675],"product_tag":[],"class_list":{"0":"post-13856","1":"product","2":"type-product","3":"status-publish","4":"has-post-thumbnail","6":"product_cat-zsiradekok","8":"first","9":"instock","10":"shipping-taxable","11":"product-type-simple"},"_links":{"self":[{"href":"https:\/\/kruszwicapro.com\/hu\/wp-json\/wp\/v2\/product\/13856","targetHints":{"allow":["GET"]}}],"collection":[{"href":"https:\/\/kruszwicapro.com\/hu\/wp-json\/wp\/v2\/product"}],"about":[{"href":"https:\/\/kruszwicapro.com\/hu\/wp-json\/wp\/v2\/types\/product"}],"wp:featuredmedia":[{"embeddable":true,"href":"https:\/\/kruszwicapro.com\/hu\/wp-json\/wp\/v2\/media\/13853"}],"wp:attachment":[{"href":"https:\/\/kruszwicapro.com\/hu\/wp-json\/wp\/v2\/media?parent=13856"}],"wp:term":[{"taxonomy":"product_brand","embeddable":true,"href":"https:\/\/kruszwicapro.com\/hu\/wp-json\/wp\/v2\/product_brand?post=13856"},{"taxonomy":"product_cat","embeddable":true,"href":"https:\/\/kruszwicapro.com\/hu\/wp-json\/wp\/v2\/product_cat?post=13856"},{"taxonomy":"product_tag","embeddable":true,"href":"https:\/\/kruszwicapro.com\/hu\/wp-json\/wp\/v2\/product_tag?post=13856"}],"curies":[{"name":"wp","href":"https:\/\/api.w.org\/{rel}","templated":true}]}}