{"id":13389,"date":"2022-07-26T11:23:57","date_gmt":"2022-07-26T11:23:57","guid":{"rendered":"https:\/\/kruszwicapro.com\/?post_type=product&#038;p=13389"},"modified":"2022-07-26T11:23:58","modified_gmt":"2022-07-26T11:23:58","slug":"maestra-puff-pastry-mb","status":"publish","type":"product","link":"https:\/\/kruszwicapro.com\/hu\/bolt\/margarin\/maestra-puff-pastry-mb\/","title":{"rendered":"Maestra Puff Pastry MB"},"content":{"rendered":"Nem tartalmaz tart\u00f3s\u00edt\u00f3szereket \u00e9s mesters\u00e9ges arom\u00e1kat, \u00e9s m\u00e9gis k\u00fcl\u00f6nleges \u00edzt \u00e9s arom\u00e1t biztos\u00edt a term\u00e9keknek. T\u00f6k\u00e9letes \u00e1llaga k\u00f6nny\u00edti a t\u00e9szta elk\u00e9sz\u00edt\u00e9s\u00e9t, a szakad\u00e1s n\u00e9lk\u00fcli ny\u00fajt\u00e1st \u00e9s lehet\u0151v\u00e9 teszi a t\u00e9szta k\u00f6nny\u0171 k\u00e9zi avagy g\u00e9pi kidolgoz\u00e1s\u00e1t.\r\n\r\n\r\n<ul>\r\n \t\r\n\t\r\n\t<li><strong>Tart\u00f3s\u00edt\u00f3szerek \u00e9s mesters\u00e9ges arom\u00e1k n\u00e9lk\u00fcl.<\/strong><\/li>\r\n\r\n\r\n \t\r\n\t\r\n\t<li><strong>A t\u00e9szta kell\u0151en leveles.<\/strong><\/li>\r\n\r\n\r\n \t\r\n\t\r\n\t<li><strong>K\u00f6nny\u00fc ny\u00fajtani \u00e9s hajtogatni, nem t\u00f6rik \u00e9s nem szakad.<\/strong><\/li>\r\n\r\n\r\n \t\r\n\t\r\n\t<li><strong>A term\u00e9k t\u00e9rfogata \u00e9s alakja a s\u00fct\u00e9st k\u00f6vet\u0151en kell\u0151en megn\u00f6vekszik.<\/strong><\/li>\r\n<\/ul>\r\n<p class=\"p1\"><strong><img loading=\"lazy\" decoding=\"async\" class=\"alignnone wp-image-10493 size-full\" src=\"https:\/\/kruszwicapro.com\/wp-content\/uploads\/2017\/09\/ico_mb.png\" alt=\"\" width=\"64\" height=\"64\" \/><\/strong><strong>MASS BALANCE<\/strong><\/p>\r\n\r\n\r\nAz olaj p\u00e1lm\u00e1b\u00f3l val\u00f3 kinyer\u00e9se vitatott k\u00e9rd\u00e9s, mivel \u00f6sszek\u00f6thet\u0151 az es\u0151erd\u0151k illeg\u00e1lis irt\u00e1s\u00e1val az olajp\u00e1lma termeszt\u00e9se miatt. Az olajok \u00e9s n\u00f6v\u00e9nyi zs\u00edrok piac\u00e1n vezet\u0151 helyet foglalunk el, ez\u00e9rt felel\u0151ss\u00e9ggel tartozunk a mez\u0151gazdas\u00e1g fenntarthat\u00f3 fejl\u0151d\u00e9s\u00e9\u00e9rt. Az \u00fcltetv\u00e9nyekr\u0151l sz\u00e1rmaz\u00f3 p\u00e1lmaolaj azon sz\u00e1ll\u00edt\u00f3ival m\u0171k\u00f6d\u00fcnk egy\u00fctt, akik nem j\u00e1rulnak hozz\u00e1 a term\u00e9szetes \u00f6kosziszt\u00e9m\u00e1k megsemmis\u00edt\u00e9s\u00e9hez \u00e9s nincsenek k\u00e1ros hat\u00e1ssal az adott ter\u00fclet lakoss\u00e1g\u00e1ra. T\u00e1mogatjuk a The Roundtable on Sustainable Palma Oil (RSPO) term\u00e9ktan\u00fas\u00edt\u00e1si rendszer koncepci\u00f3j\u00e1t. Mass Balance \u00e9s Segregate min\u0151s\u00edt\u00e9ssel ell\u00e1tott p\u00e1lmaolajat tartalmaz\u00f3 term\u00e9keket sz\u00e1ll\u00edtunk.","protected":false},"excerpt":{"rendered":"<p>A leves \u00e9s f\u00e9lleveles t\u00e9szt\u00e1knak megfelel\u0151en levelesnek kell lenni\u00fck. A Maestra Puff Pastry margarin a legkiv\u00e1l\u00f3bb hozz\u00e1val\u00f3, mely biztos\u00edtja az ilyen t\u00edpus\u00fa term\u00e9kek k\u00edv\u00e1nt tulajdons\u00e1gait.<\/p>\n[simple_tooltip content='A gy\u00e1rt\u00e1shoz Mass Balance min\u0151s\u00edt\u00e9ssel ell\u00e1tott p\u00e1lmaolajat haszn\u00e1ltunk']<img loading=\"lazy\" decoding=\"async\" class=\"alignnone wp-image-10493 size-full\" src=\"https:\/\/kruszwicapro.com\/wp-content\/uploads\/2017\/09\/ico_mb.png\" alt=\"\" width=\"64\" height=\"64\" \/>[\/simple_tooltip]\n","protected":false},"featured_media":12308,"template":"","meta":[],"product_brand":[],"product_cat":[521],"product_tag":[467],"class_list":{"0":"post-13389","1":"product","2":"type-product","3":"status-publish","4":"has-post-thumbnail","6":"product_cat-margarin","7":"product_tag-leveles-tesztakhoz-hu-2","8":"pa_clean-label-nem","9":"pa_consistency-szilard-2","10":"pa_fat-content-tluszcz-80-hu","11":"pa_fat-used-palma-2","12":"pa_fat-used-repce-2","13":"pa_free-from-preservatives-igen","14":"pa_packaging-karton-hu","15":"pa_quantity-kg-5x2-hu","16":"pa_rspo-certificate-igen","17":"pa_segment-premium-3","18":"pa_tfa-tfa-2-hu","19":"pa_with-added-butter-nem","20":"pa_with-colorant-igen","21":"pa_without-hydrogenated-fats-nem-2","23":"first","24":"instock","25":"shipping-taxable","26":"product-type-simple"},"_links":{"self":[{"href":"https:\/\/kruszwicapro.com\/hu\/wp-json\/wp\/v2\/product\/13389","targetHints":{"allow":["GET"]}}],"collection":[{"href":"https:\/\/kruszwicapro.com\/hu\/wp-json\/wp\/v2\/product"}],"about":[{"href":"https:\/\/kruszwicapro.com\/hu\/wp-json\/wp\/v2\/types\/product"}],"wp:featuredmedia":[{"embeddable":true,"href":"https:\/\/kruszwicapro.com\/hu\/wp-json\/wp\/v2\/media\/12308"}],"wp:attachment":[{"href":"https:\/\/kruszwicapro.com\/hu\/wp-json\/wp\/v2\/media?parent=13389"}],"wp:term":[{"taxonomy":"product_brand","embeddable":true,"href":"https:\/\/kruszwicapro.com\/hu\/wp-json\/wp\/v2\/product_brand?post=13389"},{"taxonomy":"product_cat","embeddable":true,"href":"https:\/\/kruszwicapro.com\/hu\/wp-json\/wp\/v2\/product_cat?post=13389"},{"taxonomy":"product_tag","embeddable":true,"href":"https:\/\/kruszwicapro.com\/hu\/wp-json\/wp\/v2\/product_tag?post=13389"}],"curies":[{"name":"wp","href":"https:\/\/api.w.org\/{rel}","templated":true}]}}