{"id":13269,"date":"2017-09-21T17:15:27","date_gmt":"2017-09-21T17:15:27","guid":{"rendered":"https:\/\/kruszwicapro.com\/shop\/nem-kategorizalt\/tluszcze-dla-przemyslu\/"},"modified":"2022-09-13T10:50:12","modified_gmt":"2022-09-13T10:50:12","slug":"tluszcze-dla-przemyslu","status":"publish","type":"product","link":"https:\/\/kruszwicapro.com\/hu\/bolt\/zsiradekok\/tluszcze-dla-przemyslu\/","title":{"rendered":"Ipari zsirad\u00e9kok"},"content":{"rendered":"V\u00e1laszolunk v\u00e1s\u00e1rl\u00f3ink ig\u00e9nyeire, ez\u00e9rt speci\u00e1lis kiv\u00e1l\u00f3 min\u0151s\u00e9g\u0171 n\u00f6v\u00e9nyi zs\u00edrokat k\u00edn\u00e1lunk. Aj\u00e1nlatunk term\u00e9kek sz\u00e9les v\u00e1laszt\u00e9k\u00e1t tartalmazza, melyeknek sokoldal\u00fa a felhaszn\u00e1l\u00e1sa: t\u00f6ltel\u00e9kekbe, s\u00fct\u00e9shez, m\u00e1rt\u00e1sokhoz, fagylaltokhoz, tejterm\u00e9kekhez, univerz\u00e1lis gasztron\u00f3miai \u00e9s m\u0171szaki c\u00e9lokra.\r\n\r\n&nbsp;\r\n\r\n<img loading=\"lazy\" decoding=\"async\" class=\"alignnone size-full wp-image-11242\" src=\"https:\/\/kruszwicapro.com\/wp-content\/uploads\/2018\/04\/tuky_table.jpg\" alt=\"Tuky\" width=\"800\" height=\"639\" srcset=\"https:\/\/kruszwicapro.com\/wp-content\/uploads\/2018\/04\/tuky_table.jpg 800w, https:\/\/kruszwicapro.com\/wp-content\/uploads\/2018\/04\/tuky_table-230x184.jpg 230w, https:\/\/kruszwicapro.com\/wp-content\/uploads\/2018\/04\/tuky_table-460x367.jpg 460w, https:\/\/kruszwicapro.com\/wp-content\/uploads\/2018\/04\/tuky_table-300x240.jpg 300w, https:\/\/kruszwicapro.com\/wp-content\/uploads\/2018\/04\/tuky_table-150x120.jpg 150w, https:\/\/kruszwicapro.com\/wp-content\/uploads\/2018\/04\/tuky_table-768x613.jpg 768w\" sizes=\"auto, (max-width: 800px) 100vw, 800px\" \/>","protected":false},"excerpt":{"rendered":"<p>V\u00e1laszolunk v\u00e1s\u00e1rl\u00f3ink ig\u00e9nyeire, ez\u00e9rt speci\u00e1lis kiv\u00e1l\u00f3 min\u0151s\u00e9g\u0171 n\u00f6v\u00e9nyi zs\u00edrokat k\u00edn\u00e1lunk. Aj\u00e1nlatunk term\u00e9kek sz\u00e9les v\u00e1laszt\u00e9k\u00e1t tartalmazza, melyeknek sokoldal\u00fa a felhaszn\u00e1l\u00e1sa: t\u00f6ltel\u00e9kekbe, s\u00fct\u00e9shez, m\u00e1rt\u00e1sokhoz, fagylaltokhoz, tejterm\u00e9kekhez, univerz\u00e1lis gasztron\u00f3miai \u00e9s m\u0171szaki c\u00e9lokra.<\/p>\n","protected":false},"featured_media":12566,"template":"","meta":[],"product_brand":[],"product_cat":[675],"product_tag":[478,475],"class_list":{"0":"post-13269","1":"product","2":"type-product","3":"status-publish","4":"has-post-thumbnail","6":"product_cat-zsiradekok","7":"product_tag-nagy-mennyisegu-zsiradekban-valo-suteshez-hu","8":"product_tag-suteshez","10":"first","11":"instock","12":"shipping-taxable","13":"product-type-simple"},"_links":{"self":[{"href":"https:\/\/kruszwicapro.com\/hu\/wp-json\/wp\/v2\/product\/13269","targetHints":{"allow":["GET"]}}],"collection":[{"href":"https:\/\/kruszwicapro.com\/hu\/wp-json\/wp\/v2\/product"}],"about":[{"href":"https:\/\/kruszwicapro.com\/hu\/wp-json\/wp\/v2\/types\/product"}],"wp:featuredmedia":[{"embeddable":true,"href":"https:\/\/kruszwicapro.com\/hu\/wp-json\/wp\/v2\/media\/12566"}],"wp:attachment":[{"href":"https:\/\/kruszwicapro.com\/hu\/wp-json\/wp\/v2\/media?parent=13269"}],"wp:term":[{"taxonomy":"product_brand","embeddable":true,"href":"https:\/\/kruszwicapro.com\/hu\/wp-json\/wp\/v2\/product_brand?post=13269"},{"taxonomy":"product_cat","embeddable":true,"href":"https:\/\/kruszwicapro.com\/hu\/wp-json\/wp\/v2\/product_cat?post=13269"},{"taxonomy":"product_tag","embeddable":true,"href":"https:\/\/kruszwicapro.com\/hu\/wp-json\/wp\/v2\/product_tag?post=13269"}],"curies":[{"name":"wp","href":"https:\/\/api.w.org\/{rel}","templated":true}]}}