{"id":13266,"date":"2017-09-22T11:45:29","date_gmt":"2017-09-22T11:45:29","guid":{"rendered":"https:\/\/kruszwicapro.com\/shop\/nem-kategorizalt\/olfryt-sun\/"},"modified":"2022-10-04T10:35:59","modified_gmt":"2022-10-04T10:35:59","slug":"olfryt-sun","status":"publish","type":"product","link":"https:\/\/kruszwicapro.com\/hu\/bolt\/olajsutokbe-hasznalatos-olajok\/olfryt-sun\/","title":{"rendered":"Olfryt Sun frit\u0151zolaj"},"content":{"rendered":"<p>A t\u00f6k\u00e9letes megold\u00e1s azok sz\u00e1m\u00e1ra, akik folyamatos s\u00fct\u0151k\u00e9sz\u00fcl\u00e9keket \u00e9s nyom\u00e1s alatti s\u00fct\u0151ket haszn\u00e1lnak. Garant\u00e1lja az illatos \u00e9s ropog\u00f3s arany sz\u00edn\u0171 \u00e9teleket. Hidegen vagy melegen t\u00e1lalt \u00e9telek s\u00fct\u00e9s\u00e9hez, mint p\u00e9ld\u00e1ul: halak, tenger gy\u00fcm\u00f6lcsei, baromfi, has\u00e1bburgonya \u00e9s pan\u00edrozott z\u00f6lds\u00e9gek.<\/p>\r\n<ul>\r\n\t<li><strong>S\u00fct\u0151olaj folyamatos s\u00fct\u0151k\u00e9sz\u00fcl\u00e9kekbe \u00e9s nyom\u00e1s alatti s\u00fct\u0151kbe.<\/strong><\/li>\r\n\t<li><strong>Neutr\u00e1lis \u00edz \u00e9s illat. <\/strong><\/li>\r\n\t<li><strong>Alacsony h\u0151fokon val\u00f3 s\u00fct\u00e9s lehet\u0151s\u00e9ge.<\/strong><\/li>\r\n<\/ul>","protected":false},"excerpt":{"rendered":"<p>T\u00f6k\u00e9letes megold\u00e1s azok sz\u00e1m\u00e1ra, akik folyamatos s\u00fct\u0151k\u00e9sz\u00fcl\u00e9ket \u00e9s nyom\u00e1s alatti s\u00fct\u0151ket haszn\u00e1lnak. Garant\u00e1lja az illatos ropog\u00f3s arany sz\u00edn\u0171 \u00e9teleket.<\/p>\n[simple_tooltip content='Napraforg\u00f3 olaj']<img loading=\"lazy\" decoding=\"async\" class=\"alignnone wp-image-10493 size-full\" src=\"https:\/\/kruszwicapro.com\/wp-content\/uploads\/2018\/03\/ico_sunfloweroil.png\" alt=\"\" width=\"64\" height=\"64\" \/>[\/simple_tooltip]\n","protected":false},"featured_media":12599,"template":"","meta":[],"product_brand":[],"product_cat":[674],"product_tag":[],"class_list":{"0":"post-13266","1":"product","2":"type-product","3":"status-publish","4":"has-post-thumbnail","6":"product_cat-olajsutokbe-hasznalatos-olajok","7":"pa_consistency-felig-folyekony-2","8":"pa_fat-content-100-hu","9":"pa_fat-used-napraforgo-2","10":"pa_fat-used-palma-2","11":"pa_fat-used-repce-2","12":"pa_packaging-bag-in-box-hu","13":"pa_quantity-l-10-hu","14":"pa_rspo-certificate-nem","15":"pa_segment-standard-hu","16":"pa_smoke-point-temp-235-hu","17":"pa_tfa-1-hu","18":"pa_without-hydrogenated-fats-nem-2","20":"first","21":"instock","22":"shipping-taxable","23":"product-type-simple"},"_links":{"self":[{"href":"https:\/\/kruszwicapro.com\/hu\/wp-json\/wp\/v2\/product\/13266","targetHints":{"allow":["GET"]}}],"collection":[{"href":"https:\/\/kruszwicapro.com\/hu\/wp-json\/wp\/v2\/product"}],"about":[{"href":"https:\/\/kruszwicapro.com\/hu\/wp-json\/wp\/v2\/types\/product"}],"wp:featuredmedia":[{"embeddable":true,"href":"https:\/\/kruszwicapro.com\/hu\/wp-json\/wp\/v2\/media\/12599"}],"wp:attachment":[{"href":"https:\/\/kruszwicapro.com\/hu\/wp-json\/wp\/v2\/media?parent=13266"}],"wp:term":[{"taxonomy":"product_brand","embeddable":true,"href":"https:\/\/kruszwicapro.com\/hu\/wp-json\/wp\/v2\/product_brand?post=13266"},{"taxonomy":"product_cat","embeddable":true,"href":"https:\/\/kruszwicapro.com\/hu\/wp-json\/wp\/v2\/product_cat?post=13266"},{"taxonomy":"product_tag","embeddable":true,"href":"https:\/\/kruszwicapro.com\/hu\/wp-json\/wp\/v2\/product_tag?post=13266"}],"curies":[{"name":"wp","href":"https:\/\/api.w.org\/{rel}","templated":true}]}}