{"id":13259,"date":"2017-09-22T18:51:05","date_gmt":"2017-09-22T18:51:05","guid":{"rendered":"https:\/\/kruszwicapro.com\/shop\/nem-kategorizalt\/universa-70\/"},"modified":"2022-07-27T10:32:03","modified_gmt":"2022-07-27T10:32:03","slug":"universa-70","status":"publish","type":"product","link":"https:\/\/kruszwicapro.com\/hu\/bolt\/margarin\/universa-70\/","title":{"rendered":"Universa s\u00fct\u0151margarin 70%"},"content":{"rendered":"K\u00fcl\u00f6nb\u00f6z\u0151 s\u00fct\u0151ipari \u00e9s cukr\u00e1szterm\u00e9kek k\u00e9sz\u00edt\u00e9s\u00e9hez aj\u00e1nljuk; kit\u0171n\u0151en alkalmas pisk\u00f3t\u00e1k, pisk\u00f3tatekercsek, teas\u00fctem\u00e9nyek, oml\u00f3s t\u00e9szt\u00e1k, p\u00e9ks\u00fctem\u00e9nyek k\u00e9sz\u00edt\u00e9s\u00e9hez.\r\n<ul>\r\n \t<li><strong>T\u00f6k\u00e9letes leveg\u0151felv\u00e9tel a t\u00e9szta k\u00e9sz\u00edt\u00e9se k\u00f6zben.<\/strong><\/li>\r\n \t<li><strong>El\u0151seg\u00edti a hozz\u00e1val\u00f3k elegyed\u00e9s\u00e9t.<\/strong><\/li>\r\n \t<li><strong>Kellemes illat \u00e9s \u00edz.<\/strong><\/li>\r\n<\/ul>","protected":false},"excerpt":{"rendered":"<p>Margarin cukr\u00e1szati \u00e9s s\u00fct\u0151ipari term\u00e9kek k\u00e9sz\u00edt\u00e9s\u00e9hez.<\/p>\n","protected":false},"featured_media":12299,"template":"","meta":[],"product_brand":[],"product_cat":[521],"product_tag":[475],"class_list":{"0":"post-13259","1":"product","2":"type-product","3":"status-publish","4":"has-post-thumbnail","6":"product_cat-margarin","7":"product_tag-suteshez","8":"pa_clean-label-nem","9":"pa_consistency-szilard-2","10":"pa_fat-content-tluszcz-70-hu","11":"pa_fat-used-kokusz","12":"pa_fat-used-palma-2","13":"pa_fat-used-repce-2","14":"pa_free-from-preservatives-igen","15":"pa_packaging-karton-hu","16":"pa_quantity-kg-2x5-hu","17":"pa_rspo-certificate-nem","18":"pa_segment-standard-hu","19":"pa_tfa-tfa-2-hu","20":"pa_with-added-butter-nem","21":"pa_with-colorant-igen","22":"pa_without-hydrogenated-fats-nem-2","24":"first","25":"instock","26":"shipping-taxable","27":"product-type-simple"},"_links":{"self":[{"href":"https:\/\/kruszwicapro.com\/hu\/wp-json\/wp\/v2\/product\/13259","targetHints":{"allow":["GET"]}}],"collection":[{"href":"https:\/\/kruszwicapro.com\/hu\/wp-json\/wp\/v2\/product"}],"about":[{"href":"https:\/\/kruszwicapro.com\/hu\/wp-json\/wp\/v2\/types\/product"}],"wp:featuredmedia":[{"embeddable":true,"href":"https:\/\/kruszwicapro.com\/hu\/wp-json\/wp\/v2\/media\/12299"}],"wp:attachment":[{"href":"https:\/\/kruszwicapro.com\/hu\/wp-json\/wp\/v2\/media?parent=13259"}],"wp:term":[{"taxonomy":"product_brand","embeddable":true,"href":"https:\/\/kruszwicapro.com\/hu\/wp-json\/wp\/v2\/product_brand?post=13259"},{"taxonomy":"product_cat","embeddable":true,"href":"https:\/\/kruszwicapro.com\/hu\/wp-json\/wp\/v2\/product_cat?post=13259"},{"taxonomy":"product_tag","embeddable":true,"href":"https:\/\/kruszwicapro.com\/hu\/wp-json\/wp\/v2\/product_tag?post=13259"}],"curies":[{"name":"wp","href":"https:\/\/api.w.org\/{rel}","templated":true}]}}