{"id":13255,"date":"2017-09-22T19:02:13","date_gmt":"2017-09-22T19:02:13","guid":{"rendered":"https:\/\/kruszwicapro.com\/shop\/nem-kategorizalt\/qualita-np\/"},"modified":"2022-07-27T10:28:08","modified_gmt":"2022-07-27T10:28:08","slug":"qualita-np","status":"publish","type":"product","link":"https:\/\/kruszwicapro.com\/hu\/bolt\/margarin\/qualita-np\/","title":{"rendered":"Qualita NP s\u00fct\u0151margarin 80%"},"content":{"rendered":"<p>Csak repc\u00e9b\u0151l nyert zs\u00edrokb\u00f3l \u00e1ll. J\u00f3 a l\u00e9gfelvev\u0151 k\u00e9pess\u00e9ge, biztos\u00edtja a term\u00e9kek megfelel\u0151 nagys\u00e1g\u00e1t \u00e9s alakj\u00e1t.<\/p>\r\n<ul>\r\n\t<li><strong>Kiz\u00e1r\u00f3lag repc\u00e9b\u0151l nyert zs\u00edrokb\u00f3l tev\u0151dik \u00f6ssze.<\/strong><\/li>\r\n\t<li><strong>K\u00f6nnyen elkeverhet\u0151 a t\u00f6bbi hozz\u00e1val\u00f3val.<\/strong><\/li>\r\n\t<li><strong>A cukr\u00e1szati \u00e9s s\u00fct\u0151ipari term\u00e9keknek megfelel\u0151 szerkezetet biztos\u00edt.<\/strong><\/li>\r\n<\/ul>","protected":false},"excerpt":{"rendered":"<p>A margarin cukr\u00e1szati \u00e9s s\u00fct\u0151ipari term\u00e9kek k\u00e9sz\u00edt\u00e9s\u00e9hez aj\u00e1nlott.<\/p>\n[simple_tooltip content='A term\u00e9k nem tartalmaz tr\u00f3pusi zs\u00edrokat']<img loading=\"lazy\" decoding=\"async\" class=\"alignnone wp-image-10493 size-full\" src=\"https:\/\/kruszwicapro.com\/wp-content\/uploads\/2018\/03\/ico_rapeseedoil.png\" alt=\"\" width=\"64\" height=\"64\" \/>[\/simple_tooltip]\n","protected":false},"featured_media":12284,"template":"","meta":[],"product_brand":[],"product_cat":[521],"product_tag":[475],"class_list":{"0":"post-13255","1":"product","2":"type-product","3":"status-publish","4":"has-post-thumbnail","6":"product_cat-margarin","7":"product_tag-suteshez","8":"pa_clean-label-nem","9":"pa_consistency-szilard-2","10":"pa_fat-content-tluszcz-80-hu","11":"pa_fat-used-repce-2","12":"pa_free-from-preservatives-nem","13":"pa_packaging-karton-hu","14":"pa_quantity-kg-10-hu","15":"pa_rspo-certificate-nem","16":"pa_segment-standard-hu","17":"pa_tfa-tfa-2-hu","18":"pa_with-added-butter-nem","19":"pa_with-colorant-nie-hu","20":"pa_without-hydrogenated-fats-nem-2","22":"first","23":"instock","24":"shipping-taxable","25":"product-type-simple"},"_links":{"self":[{"href":"https:\/\/kruszwicapro.com\/hu\/wp-json\/wp\/v2\/product\/13255","targetHints":{"allow":["GET"]}}],"collection":[{"href":"https:\/\/kruszwicapro.com\/hu\/wp-json\/wp\/v2\/product"}],"about":[{"href":"https:\/\/kruszwicapro.com\/hu\/wp-json\/wp\/v2\/types\/product"}],"wp:featuredmedia":[{"embeddable":true,"href":"https:\/\/kruszwicapro.com\/hu\/wp-json\/wp\/v2\/media\/12284"}],"wp:attachment":[{"href":"https:\/\/kruszwicapro.com\/hu\/wp-json\/wp\/v2\/media?parent=13255"}],"wp:term":[{"taxonomy":"product_brand","embeddable":true,"href":"https:\/\/kruszwicapro.com\/hu\/wp-json\/wp\/v2\/product_brand?post=13255"},{"taxonomy":"product_cat","embeddable":true,"href":"https:\/\/kruszwicapro.com\/hu\/wp-json\/wp\/v2\/product_cat?post=13255"},{"taxonomy":"product_tag","embeddable":true,"href":"https:\/\/kruszwicapro.com\/hu\/wp-json\/wp\/v2\/product_tag?post=13255"}],"curies":[{"name":"wp","href":"https:\/\/api.w.org\/{rel}","templated":true}]}}